{"id":1771,"date":"2017-09-22T13:00:26","date_gmt":"2017-09-22T10:00:26","guid":{"rendered":"https:\/\/lammintupa.fi\/tarinamme\/"},"modified":"2022-11-14T13:30:20","modified_gmt":"2022-11-14T11:30:20","slug":"ueber-uns","status":"publish","type":"page","link":"https:\/\/lammintupa.fi\/de\/ueber-uns\/","title":{"rendered":"\u00dcber uns"},"content":{"rendered":"<h1>Lammintupa Oy<\/h1>\n<div>\n<p class=\"p1\">Die Geschichte von Lammintupa nahm im Jahr 1998 mit dem bescheidenen, aus Zeltplanen errichteten \u201eF\u00fcnf-Euro-Loipencaf\u00e9\u201c ihren Anfang. Im Laufe dieser \u00fcber 20 Jahre hat sich unser Touristikunternehmen weiterentwickelt und das Angebot wurde von Jahr zu Jahr erweitert. Dennoch befolgen wir auch heute unsere bereits zu Beginn begr\u00fcndete Qualit\u00e4tspolitik und bieten den Touristen in der Region Ruka-Kuusamo hochwertige Dienstleistungen.<span class=\"Apple-converted-space\">\u00a0<\/span><\/p>\n<p class=\"p1\">Wir stellen alle Produkte unseres Caf\u00e9s selbst in unserer eigenen K\u00fcche her und verwenden dabei m\u00f6glichst viele lokale Rohstoffe. Wir legen in unserer T\u00e4tigkeit besonderen Wert auf Zuverl\u00e4ssigkeit, Kundenservice und Gem\u00fctlichkeit. Die Sicherheit sowohl der Kunden als auch der Tiere ist ein wichtiger Bestandteil der T\u00e4tigkeit von Lammintupa. Wir streben in allen unseren T\u00e4tigkeiten danach, auch die Umwelt und die Natur zu respektieren.<\/p>\n<p class=\"p1\">Joni ist der Gesch\u00e4ftsf\u00fchrer unseres Unternehmens und bringt mit der Begeisterung und den Ansichten der Jugend frischen Wind mit sich. Au\u00dferdem entwickelt er unsere T\u00e4tigkeit st\u00e4ndig weiter. Als Mann f\u00fcr alles ist er beinahe \u00fcberall in Lammintupa anzutreffen.<span class=\"Apple-converted-space\">\u00a0<\/span><\/p>\n<p class=\"p1\">Mirjami ist f\u00fcr die T\u00e4tigkeiten und die Entwicklung innen in den R\u00e4umlichkeiten zust\u00e4ndig und f\u00fcr gew\u00f6hnlich k\u00f6nnen Sie sie bei der Bedienung im Caf\u00e9 oder in der K\u00fcche besch\u00e4ftigt finden.<\/p>\n<p class=\"p1\">Jyri ist f\u00fcr die Aktivit\u00e4ten im Freien zust\u00e4ndig. Somit k\u00f6nnen Sie ihn sowohl auf der Koppel bei den Rentieren als auch im Zwinger bei den Huskys antreffen. Im Fr\u00fchling b\u00e4ckt Jyri als unser Pfannkuchenmeister auf Gusseisenpfannen am Grill die besten Pfannkuchen der Welt f\u00fcr unsere Kunden.<\/p>\n<p class=\"p1\">Bis bald in Lammintupa,<span class=\"Apple-converted-space\">\u00a0<\/span><\/p>\n<p class=\"p1\">Mirjami, Joni und Jyri<\/p>\n<\/div>\n<p><!--more--><br \/>\n<!-- {\"name\":\"\",\"type\":\"layout\",\"children\":[{\"name\":\"Image\",\"type\":\"section\",\"props\":{\"width\":\"default\",\"padding\":\"large\",\"style\":\"default\",\"height_viewport\":false,\"text_color\":\"light\",\"image_size\":\"cover\",\"preserve_color\":false,\"image_position\":\"center-center\",\"image\":\"wp-content\\\/uploads\\\/2022\\\/11\\\/lammintupa-meista.jpg\",\"image_fixed\":true,\"css\":\".el-section> [class*='uk-background-'] { min-height: 40vh; }\",\"vertical_align\":\"middle\",\"title_position\":\"top-left\",\"title_rotation\":\"left\",\"title_breakpoint\":\"xl\",\"height\":\"percent\",\"media_overlay\":null,\"image_effect\":\"parallax\",\"image_parallax_easing\":\"1\"},\"children\":[{\"name\":\"\",\"type\":\"row\",\"props\":{\"margin\":\"remove-vertical\",\"divider\":false},\"children\":[{\"name\":\"\",\"type\":\"column\",\"props\":{\"image_position\":\"center-center\",\"padding\":\"small\",\"width_medium\":\"1-1\",\"media_overlay_gradient\":\"\",\"position_sticky_breakpoint\":\"m\"}}]}]},{\"name\":\"Contact\",\"type\":\"section\",\"props\":{\"width\":\"small\",\"padding\":\"small\",\"style\":\"default\",\"animation\":\"fade\",\"media\":\"images\\\/demo\\\/demo-image_01.jpg\",\"image_size\":\"cover\",\"image_position\":\"center-center\",\"padding_remove_bottom\":false,\"vertical_align\":\"middle\",\"title_position\":\"top-left\",\"title_rotation\":\"left\",\"title_breakpoint\":\"xl\"},\"children\":[{\"name\":\"\",\"type\":\"row\",\"children\":[{\"name\":\"\",\"type\":\"column\",\"props\":{\"image_position\":\"center-center\",\"width_medium\":\"1-1\",\"media_overlay_gradient\":\"\",\"position_sticky_breakpoint\":\"m\"},\"children\":[{\"name\":\"\",\"type\":\"headline\",\"props\":{\"title_element\":\"h1\",\"content\":\"Lammintupa Oy\",\"text_align\":\"left\",\"maxwidth\":\"2xlarge\",\"margin_remove_bottom\":false,\"margin\":\"small\",\"title_style\":\"heading-small\"}},{\"name\":\"\",\"type\":\"text\",\"props\":{\"margin\":\"default\",\"column_breakpoint\":\"m\",\"content\":\"\n\n<p class=\\\"p1\\\">Die Geschichte von Lammintupa nahm im Jahr 1998 mit dem bescheidenen, aus Zeltplanen errichteten \\u201eF\\u00fcnf-Euro-Loipencaf\\u00e9\\u201c ihren Anfang. Im Laufe dieser \\u00fcber 20 Jahre hat sich unser Touristikunternehmen weiterentwickelt und das Angebot wurde von Jahr zu Jahr erweitert. Dennoch befolgen wir auch heute unsere bereits zu Beginn begr\\u00fcndete Qualit\\u00e4tspolitik und bieten den Touristen in der Region Ruka-Kuusamo hochwertige Dienstleistungen.<span class=\\\"Apple-converted-space\\\">\\u00a0<\\\/span><\\\/p>\\n\n\n<p class=\\\"p1\\\">Wir stellen alle Produkte unseres Caf\\u00e9s selbst in unserer eigenen K\\u00fcche her und verwenden dabei m\\u00f6glichst viele lokale Rohstoffe. Wir legen in unserer T\\u00e4tigkeit besonderen Wert auf Zuverl\\u00e4ssigkeit, Kundenservice und Gem\\u00fctlichkeit. Die Sicherheit sowohl der Kunden als auch der Tiere ist ein wichtiger Bestandteil der T\\u00e4tigkeit von Lammintupa. Wir streben in allen unseren T\\u00e4tigkeiten danach, auch die Umwelt und die Natur zu respektieren.<\\\/p>\\n\n\n<p class=\\\"p1\\\">Joni ist der Gesch\\u00e4ftsf\\u00fchrer unseres Unternehmens und bringt mit der Begeisterung und den Ansichten der Jugend frischen Wind mit sich. Au\\u00dferdem entwickelt er unsere T\\u00e4tigkeit st\\u00e4ndig weiter. Als Mann f\\u00fcr alles ist er beinahe \\u00fcberall in Lammintupa anzutreffen.<span class=\\\"Apple-converted-space\\\">\\u00a0<\\\/span><\\\/p>\\n\n\n<p class=\\\"p1\\\">Mirjami ist f\\u00fcr die T\\u00e4tigkeiten und die Entwicklung innen in den R\\u00e4umlichkeiten zust\\u00e4ndig und f\\u00fcr gew\\u00f6hnlich k\\u00f6nnen Sie sie bei der Bedienung im Caf\\u00e9 oder in der K\\u00fcche besch\\u00e4ftigt finden.<\\\/p>\\n\n\n<p class=\\\"p1\\\">Jyri ist f\\u00fcr die Aktivit\\u00e4ten im Freien zust\\u00e4ndig. Somit k\\u00f6nnen Sie ihn sowohl auf der Koppel bei den Rentieren als auch im Zwinger bei den Huskys antreffen. Im Fr\\u00fchling b\\u00e4ckt Jyri als unser Pfannkuchenmeister auf Gusseisenpfannen am Grill die besten Pfannkuchen der Welt f\\u00fcr unsere Kunden.<\\\/p>\\n\n\n<p class=\\\"p1\\\">Bis bald in Lammintupa,<span class=\\\"Apple-converted-space\\\">\\u00a0<\\\/span><\\\/p>\\n\n\n<p class=\\\"p1\\\">Mirjami, Joni und Jyri<\\\/p>\",\"text_align\":\"left\",\"block_align\":\"center\"}}]}]}]}],\"version\":\"3.0.9\"} --><\/p>\n","protected":false},"excerpt":{"rendered":"<p>Lammintupa Oy Die Geschichte von Lammintupa nahm im Jahr 1998 mit dem bescheidenen, aus Zeltplanen errichteten \u201eF\u00fcnf-Euro-Loipencaf\u00e9\u201c ihren Anfang. Im Laufe dieser \u00fcber 20 Jahre hat sich unser Touristikunternehmen weiterentwickelt und das Angebot wurde von Jahr zu Jahr erweitert. Dennoch befolgen wir auch heute unsere bereits zu Beginn begr\u00fcndete Qualit\u00e4tspolitik und bieten den Touristen in [&hellip;]<\/p>\n","protected":false},"author":1,"featured_media":1643,"parent":0,"menu_order":7,"comment_status":"closed","ping_status":"closed","template":"","meta":{"cybocfi_hide_featured_image":"","footnotes":""},"class_list":["post-1771","page","type-page","status-publish","has-post-thumbnail","hentry"],"yoast_head":"<title>\u00dcber uns - Lammintupa, Ruka-Kuusamo, Finnland<\/title>\n<meta name=\"description\" content=\"Die Geschichte von Lammintupa nahm im Jahr 1998 mit dem bescheidenen, aus Zeltplanen errichteten \u201eF\u00fcnf-Euro-Loipencaf\u00e9\u201c ihren Anfang. Im Laufe dieser \u00fcber 20 Jahre hat sich unser Touristikunternehmen weiterentwickelt und das Angebot wurde von Jahr zu Jahr erweitert.\" \/>\n<meta name=\"robots\" content=\"index, follow, max-snippet:-1, max-image-preview:large, max-video-preview:-1\" \/>\n<link rel=\"canonical\" href=\"https:\/\/lammintupa.fi\/de\/ueber-uns\/\" \/>\n<meta property=\"og:locale\" content=\"de_DE\" \/>\n<meta property=\"og:type\" content=\"article\" \/>\n<meta property=\"og:title\" content=\"\u00dcber uns - Lammintupa, Ruka-Kuusamo, Finnland\" \/>\n<meta property=\"og:description\" content=\"Die Geschichte von Lammintupa nahm im Jahr 1998 mit dem bescheidenen, aus Zeltplanen errichteten \u201eF\u00fcnf-Euro-Loipencaf\u00e9\u201c ihren Anfang. Im Laufe dieser \u00fcber 20 Jahre hat sich unser Touristikunternehmen weiterentwickelt und das Angebot wurde von Jahr zu Jahr erweitert.\" \/>\n<meta property=\"og:url\" content=\"https:\/\/lammintupa.fi\/de\/ueber-uns\/\" \/>\n<meta property=\"og:site_name\" content=\"Lammintupa, Ruka-Kuusamo, Finnland\" \/>\n<meta property=\"article:publisher\" content=\"https:\/\/www.facebook.com\/lammintupa\" \/>\n<meta property=\"article:modified_time\" content=\"2022-11-14T11:30:20+00:00\" \/>\n<meta property=\"og:image\" content=\"https:\/\/lammintupa.fi\/wp-content\/uploads\/2022\/11\/lammintupa-meista.jpg\" \/>\n\t<meta property=\"og:image:width\" content=\"2200\" \/>\n\t<meta property=\"og:image:height\" content=\"1400\" \/>\n\t<meta property=\"og:image:type\" content=\"image\/jpeg\" \/>\n<meta name=\"twitter:card\" content=\"summary_large_image\" \/>\n<meta name=\"twitter:label1\" content=\"Gesch\u00e4tzte Lesezeit\" \/>\n\t<meta name=\"twitter:data1\" content=\"4\u00a0Minuten\" \/>\n<script type=\"application\/ld+json\" class=\"yoast-schema-graph\">{\"@context\":\"https:\/\/schema.org\",\"@graph\":[{\"@type\":\"WebPage\",\"@id\":\"https:\/\/lammintupa.fi\/de\/ueber-uns\/\",\"url\":\"https:\/\/lammintupa.fi\/de\/ueber-uns\/\",\"name\":\"\u00dcber uns - Lammintupa, Ruka-Kuusamo, Finnland\",\"isPartOf\":{\"@id\":\"https:\/\/lammintupa.fi\/de\/#website\"},\"primaryImageOfPage\":{\"@id\":\"https:\/\/lammintupa.fi\/de\/ueber-uns\/#primaryimage\"},\"image\":{\"@id\":\"https:\/\/lammintupa.fi\/de\/ueber-uns\/#primaryimage\"},\"thumbnailUrl\":\"https:\/\/lammintupa.fi\/wp-content\/uploads\/2022\/11\/lammintupa-meista.jpg\",\"datePublished\":\"2017-09-22T10:00:26+00:00\",\"dateModified\":\"2022-11-14T11:30:20+00:00\",\"description\":\"Die Geschichte von Lammintupa nahm im Jahr 1998 mit dem bescheidenen, aus Zeltplanen errichteten \u201eF\u00fcnf-Euro-Loipencaf\u00e9\u201c ihren Anfang. Im Laufe dieser \u00fcber 20 Jahre hat sich unser Touristikunternehmen weiterentwickelt und das Angebot wurde von Jahr zu Jahr erweitert.\",\"breadcrumb\":{\"@id\":\"https:\/\/lammintupa.fi\/de\/ueber-uns\/#breadcrumb\"},\"inLanguage\":\"de\",\"potentialAction\":[{\"@type\":\"ReadAction\",\"target\":[\"https:\/\/lammintupa.fi\/de\/ueber-uns\/\"]}]},{\"@type\":\"ImageObject\",\"inLanguage\":\"de\",\"@id\":\"https:\/\/lammintupa.fi\/de\/ueber-uns\/#primaryimage\",\"url\":\"https:\/\/lammintupa.fi\/wp-content\/uploads\/2022\/11\/lammintupa-meista.jpg\",\"contentUrl\":\"https:\/\/lammintupa.fi\/wp-content\/uploads\/2022\/11\/lammintupa-meista.jpg\",\"width\":2200,\"height\":1400},{\"@type\":\"BreadcrumbList\",\"@id\":\"https:\/\/lammintupa.fi\/de\/ueber-uns\/#breadcrumb\",\"itemListElement\":[{\"@type\":\"ListItem\",\"position\":1,\"name\":\"Etusivu\",\"item\":\"https:\/\/lammintupa.fi\/de\/\"},{\"@type\":\"ListItem\",\"position\":2,\"name\":\"\u00dcber uns\"}]},{\"@type\":\"WebSite\",\"@id\":\"https:\/\/lammintupa.fi\/de\/#website\",\"url\":\"https:\/\/lammintupa.fi\/de\/\",\"name\":\"Lammintupa, Ruka-Kuusamo, Finnland\",\"description\":\"Winterdorf\",\"publisher\":{\"@id\":\"https:\/\/lammintupa.fi\/de\/#organization\"},\"potentialAction\":[{\"@type\":\"SearchAction\",\"target\":{\"@type\":\"EntryPoint\",\"urlTemplate\":\"https:\/\/lammintupa.fi\/de\/?s={search_term_string}\"},\"query-input\":{\"@type\":\"PropertyValueSpecification\",\"valueRequired\":true,\"valueName\":\"search_term_string\"}}],\"inLanguage\":\"de\"},{\"@type\":\"Organization\",\"@id\":\"https:\/\/lammintupa.fi\/de\/#organization\",\"name\":\"Lammintupa, Winter Village\",\"url\":\"https:\/\/lammintupa.fi\/de\/\",\"logo\":{\"@type\":\"ImageObject\",\"inLanguage\":\"de\",\"@id\":\"https:\/\/lammintupa.fi\/de\/#\/schema\/logo\/image\/\",\"url\":\"https:\/\/lammintupa.fi\/wp-content\/uploads\/2022\/07\/lammintupa-logo-vari.svg\",\"contentUrl\":\"https:\/\/lammintupa.fi\/wp-content\/uploads\/2022\/07\/lammintupa-logo-vari.svg\",\"width\":1,\"height\":1,\"caption\":\"Lammintupa, Winter Village\"},\"image\":{\"@id\":\"https:\/\/lammintupa.fi\/de\/#\/schema\/logo\/image\/\"},\"sameAs\":[\"https:\/\/www.facebook.com\/lammintupa\",\"https:\/\/www.instagram.com\/lammintupa\/\",\"https:\/\/www.tripadvisor.fi\/Restaurant_Review-g1841285-d7619405-Reviews-Lammintupa-Rukatunturi_Northern_Ostrobothnia.html\"]}]}<\/script>","yoast_head_json":{"title":"\u00dcber uns - Lammintupa, Ruka-Kuusamo, Finnland","description":"Die Geschichte von Lammintupa nahm im Jahr 1998 mit dem bescheidenen, aus Zeltplanen errichteten \u201eF\u00fcnf-Euro-Loipencaf\u00e9\u201c ihren Anfang. Im Laufe dieser \u00fcber 20 Jahre hat sich unser Touristikunternehmen weiterentwickelt und das Angebot wurde von Jahr zu Jahr erweitert.","robots":{"index":"index","follow":"follow","max-snippet":"max-snippet:-1","max-image-preview":"max-image-preview:large","max-video-preview":"max-video-preview:-1"},"canonical":"https:\/\/lammintupa.fi\/de\/ueber-uns\/","og_locale":"de_DE","og_type":"article","og_title":"\u00dcber uns - Lammintupa, Ruka-Kuusamo, Finnland","og_description":"Die Geschichte von Lammintupa nahm im Jahr 1998 mit dem bescheidenen, aus Zeltplanen errichteten \u201eF\u00fcnf-Euro-Loipencaf\u00e9\u201c ihren Anfang. Im Laufe dieser \u00fcber 20 Jahre hat sich unser Touristikunternehmen weiterentwickelt und das Angebot wurde von Jahr zu Jahr erweitert.","og_url":"https:\/\/lammintupa.fi\/de\/ueber-uns\/","og_site_name":"Lammintupa, Ruka-Kuusamo, Finnland","article_publisher":"https:\/\/www.facebook.com\/lammintupa","article_modified_time":"2022-11-14T11:30:20+00:00","og_image":[{"width":2200,"height":1400,"url":"https:\/\/lammintupa.fi\/wp-content\/uploads\/2022\/11\/lammintupa-meista.jpg","type":"image\/jpeg"}],"twitter_card":"summary_large_image","twitter_misc":{"Gesch\u00e4tzte Lesezeit":"4\u00a0Minuten"},"schema":{"@context":"https:\/\/schema.org","@graph":[{"@type":"WebPage","@id":"https:\/\/lammintupa.fi\/de\/ueber-uns\/","url":"https:\/\/lammintupa.fi\/de\/ueber-uns\/","name":"\u00dcber uns - Lammintupa, Ruka-Kuusamo, Finnland","isPartOf":{"@id":"https:\/\/lammintupa.fi\/de\/#website"},"primaryImageOfPage":{"@id":"https:\/\/lammintupa.fi\/de\/ueber-uns\/#primaryimage"},"image":{"@id":"https:\/\/lammintupa.fi\/de\/ueber-uns\/#primaryimage"},"thumbnailUrl":"https:\/\/lammintupa.fi\/wp-content\/uploads\/2022\/11\/lammintupa-meista.jpg","datePublished":"2017-09-22T10:00:26+00:00","dateModified":"2022-11-14T11:30:20+00:00","description":"Die Geschichte von Lammintupa nahm im Jahr 1998 mit dem bescheidenen, aus Zeltplanen errichteten \u201eF\u00fcnf-Euro-Loipencaf\u00e9\u201c ihren Anfang. Im Laufe dieser \u00fcber 20 Jahre hat sich unser Touristikunternehmen weiterentwickelt und das Angebot wurde von Jahr zu Jahr erweitert.","breadcrumb":{"@id":"https:\/\/lammintupa.fi\/de\/ueber-uns\/#breadcrumb"},"inLanguage":"de","potentialAction":[{"@type":"ReadAction","target":["https:\/\/lammintupa.fi\/de\/ueber-uns\/"]}]},{"@type":"ImageObject","inLanguage":"de","@id":"https:\/\/lammintupa.fi\/de\/ueber-uns\/#primaryimage","url":"https:\/\/lammintupa.fi\/wp-content\/uploads\/2022\/11\/lammintupa-meista.jpg","contentUrl":"https:\/\/lammintupa.fi\/wp-content\/uploads\/2022\/11\/lammintupa-meista.jpg","width":2200,"height":1400},{"@type":"BreadcrumbList","@id":"https:\/\/lammintupa.fi\/de\/ueber-uns\/#breadcrumb","itemListElement":[{"@type":"ListItem","position":1,"name":"Etusivu","item":"https:\/\/lammintupa.fi\/de\/"},{"@type":"ListItem","position":2,"name":"\u00dcber uns"}]},{"@type":"WebSite","@id":"https:\/\/lammintupa.fi\/de\/#website","url":"https:\/\/lammintupa.fi\/de\/","name":"Lammintupa, Ruka-Kuusamo, Finnland","description":"Winterdorf","publisher":{"@id":"https:\/\/lammintupa.fi\/de\/#organization"},"potentialAction":[{"@type":"SearchAction","target":{"@type":"EntryPoint","urlTemplate":"https:\/\/lammintupa.fi\/de\/?s={search_term_string}"},"query-input":{"@type":"PropertyValueSpecification","valueRequired":true,"valueName":"search_term_string"}}],"inLanguage":"de"},{"@type":"Organization","@id":"https:\/\/lammintupa.fi\/de\/#organization","name":"Lammintupa, Winter Village","url":"https:\/\/lammintupa.fi\/de\/","logo":{"@type":"ImageObject","inLanguage":"de","@id":"https:\/\/lammintupa.fi\/de\/#\/schema\/logo\/image\/","url":"https:\/\/lammintupa.fi\/wp-content\/uploads\/2022\/07\/lammintupa-logo-vari.svg","contentUrl":"https:\/\/lammintupa.fi\/wp-content\/uploads\/2022\/07\/lammintupa-logo-vari.svg","width":1,"height":1,"caption":"Lammintupa, Winter Village"},"image":{"@id":"https:\/\/lammintupa.fi\/de\/#\/schema\/logo\/image\/"},"sameAs":["https:\/\/www.facebook.com\/lammintupa","https:\/\/www.instagram.com\/lammintupa\/","https:\/\/www.tripadvisor.fi\/Restaurant_Review-g1841285-d7619405-Reviews-Lammintupa-Rukatunturi_Northern_Ostrobothnia.html"]}]}},"_links":{"self":[{"href":"https:\/\/lammintupa.fi\/de\/wp-json\/wp\/v2\/pages\/1771","targetHints":{"allow":["GET"]}}],"collection":[{"href":"https:\/\/lammintupa.fi\/de\/wp-json\/wp\/v2\/pages"}],"about":[{"href":"https:\/\/lammintupa.fi\/de\/wp-json\/wp\/v2\/types\/page"}],"author":[{"embeddable":true,"href":"https:\/\/lammintupa.fi\/de\/wp-json\/wp\/v2\/users\/1"}],"replies":[{"embeddable":true,"href":"https:\/\/lammintupa.fi\/de\/wp-json\/wp\/v2\/comments?post=1771"}],"version-history":[{"count":0,"href":"https:\/\/lammintupa.fi\/de\/wp-json\/wp\/v2\/pages\/1771\/revisions"}],"wp:featuredmedia":[{"embeddable":true,"href":"https:\/\/lammintupa.fi\/de\/wp-json\/wp\/v2\/media\/1643"}],"wp:attachment":[{"href":"https:\/\/lammintupa.fi\/de\/wp-json\/wp\/v2\/media?parent=1771"}],"curies":[{"name":"wp","href":"https:\/\/api.w.org\/{rel}","templated":true}]}}