{"id":1766,"date":"2022-08-15T10:20:35","date_gmt":"2022-08-15T07:20:35","guid":{"rendered":"https:\/\/lammintupa.fi\/tietoa-ohjelmistamme\/"},"modified":"2022-11-14T13:29:08","modified_gmt":"2022-11-14T11:29:08","slug":"informationen-zu-den-programmen","status":"publish","type":"page","link":"https:\/\/lammintupa.fi\/de\/informationen-zu-den-programmen\/","title":{"rendered":"Informationen zu den Programmen"},"content":{"rendered":"<h1>Informationen zu den Programmen<\/h1>\n<ul>\n<li>\n<h3>Wie kann ich buchen?<\/h3>\n<div>\n<p class=\"p1\">Alle Programme werden \u00fcber unsere Website gebucht. Falls Sie beim Buchen Hilfe ben\u00f6tigen oder Fragen haben, k\u00f6nnen Sie uns vor der Buchung ein E-Mail schicken oder uns anrufen.<\/p>\n<\/div>\n<\/li>\n<li>\n<h3>Kann ich auch ohne Buchung kommen?<\/h3>\n<div>\n<p class=\"p1\">Wir bieten ab 22.12.2022 montags bis samstags um 11-15 Uhr 2,5 km lange Fahrten mit dem Husky- und Rentierschlitten sowie Motorschlittenfahrten f\u00fcr Kinder ohne Buchung im Voraus an. F\u00fcr diese Programme k\u00f6nnen Sie die Tickets vor Ort kaufen.<\/p>\n<\/div>\n<\/li>\n<li>\n<h3>Wie komme ich nach Lammintupa?<\/h3>\n<p><a href=\"https:\/\/lammintupa.fi\/de\/info\/\">SIEHE WEGBESCHREIBUNG<\/a><\/p>\n<\/li>\n<li>\n<h3>Wie viele Personen haben in dem Rentier- und Huskyschlitten Platz?<\/h3>\n<div>\n<p>Letztlich trifft immer der Programmleiter vor der Fahrt die Entscheidung, wie Ihre Gruppe aufgeteilt wird. Die Entscheidung wird von der Gr\u00f6\u00dfe der Teilnehmer, dem Alter der Kinder, den den Schlitten ziehenden Hunden bzw. dem Rentier und den Wetterverh\u00e4ltnissen beeinflusst.<\/p>\n<p>Prinzipiell haben in dem Schlitten 2 Erwachsene und 2 Kinder Platz, abh\u00e4ngig von der Gr\u00f6\u00dfe. Im Huskygespann fungiert einer der Erwachsenen Ihrer Gruppe als Kutscher. Der Kutscher muss mindestens 15 Jahre alt sein.<\/p>\n<\/div>\n<\/li>\n<li>\n<h3>D\u00fcrfen Hunde mitgebracht werden?<\/h3>\n<div>\n<p>In den Bereich des Caf\u00e9s d\u00fcrfen keine Hunde mitgebracht werden. Unsere Hunde sind revierbewusst und die Rentiere k\u00f6nnen sich vor fremden Hunden erschrecken. Daher ist dies zur Sicherheit aller Beteiligten verboten.<\/p>\n<p>Bei Bedarf k\u00f6nnen Sie mit Ihrem Hund am Ende der Kartbahn Gassi gehen, wobei im Bereich des Parkplatzes geblieben werden muss. K\u00fcmmern Sie sich bitte auch um m\u00f6glichen Hundekot.\u00a0<\/p>\n<\/div>\n<\/li>\n<li>\n<h3>Ist es m\u00f6glich, nur die Tiere zu besuchen?<\/h3>\n<div>\n<p>Wenn Sie das Caf\u00e9 besuchen, k\u00f6nnen Sie die Hunde und Rentiere sehen, aber eigentliche Rundg\u00e4nge auf der Koppel oder im Zwinger veranstalten wir nicht. Sie k\u00f6nnen die Rentiere und Hunde in Verbindung mit den Schlittenfahrten kennenlernen.\u00a0<\/p>\n<p>Beachten Sie bitte, dass die Tiere abends ruhen. Besuchen Sie uns daher bitte nur im Rahmen der \u00d6ffnungszeiten.\u00a0<\/p>\n<\/div>\n<\/li>\n<li>\n<h3>K\u00f6nnen Kinder auch allein an den Husky- und Rentierschlittenfahrten teilnehmen?<\/h3>\n<div>\n<p>Wir empfehlen, dass immer ein Erwachsener mit den Kindern an den Fahrten teilnimmt. An einer kurzen Fahrt mit dem Rentierschlitten k\u00f6nnen gr\u00f6\u00dfere Kinder auch allein teilnehmen. Bei der 2,5 km langen Fahrt mit dem Huskyschlitten bitten wir, dass immer ein Erwachsener als Kutscher mit dabei ist, aber die Kinder k\u00f6nnen bei Bedarf auch vom Programmf\u00fchrer kutschiert werden. Wenn der Programmf\u00fchrer als Kutscher mit dabei sein soll, ist die Wartezeit f\u00fcr die Fahrt m\u00f6glicherweise l\u00e4nger, abh\u00e4ngig von der Kundensituation.<\/p>\n<p>An langen Husky- und Rentierschlittenfahrten d\u00fcrfen Kinder unter 15 Jahren nur in Begleitung der Eltern teilnehmen.\u00a0<\/p>\n<\/div>\n<\/li>\n<li>\n<h3>Kann man an den Programmen teilnehmen, wenn man schwanger ist?<\/h3>\n<div>\n<p>Das Programm wird Schwangeren und Personen z. B. mit R\u00fcckenverletzungen oder mit anderen gesundheitlichen Problemen, die durch Sch\u00fctteln oder H\u00fcpfen beeinflusst werden k\u00f6nnen, nicht empfohlen. Wenn Sie trotzdem an dem Programm teilnehmen m\u00f6chten, tun Sie dies auf eigene Verantwortung.\u00a0<\/p>\n<\/div>\n<\/li>\n<li>\n<h3>Spezielle Di\u00e4ten?<\/h3>\n<div>\n<p>In unserem Caf\u00e9 sind milchfreie, vegane und glutenfreie Produkte erh\u00e4ltlich.\u00a0<\/p>\n<p>Wenn Sie ein Programm buchen, das eine Verpflegung inkludiert, werden Sie im Buchungsformular nach speziellen Di\u00e4ten gefragt.\u00a0<\/p>\n<\/div>\n<\/li>\n<li>\n<h3>Wie bereite ich mich auf die Programme vor?<\/h3>\n<div>\n<p>Am wichtigsten ist bei der Vorbereitung auf die Programme, sich warm genug anzuziehen. Personen, die an einer Motorschlittensafari oder am Eiskarting teilnehmen, bekommen vor Beginn des Programms Overalls, Sturmhauben, Helme und Motorsportschuhe. Au\u00dferdem sind F\u00e4ustlinge erh\u00e4ltlich, aber es k\u00f6nnen auch die eigenen Winterhandschuhe verwendet werden.<\/p>\n<p>Wer an den 5 km und 10 km langen Huskyschlittenfahrten teilnimmt kann ebenfalls einen Overall ausleihen. Treffen Sie in diesem Fall fr\u00fch genug vor Ort ein. Falls Sie zus\u00e4tzliche Kleidung w\u00fcnschen, wenn Sie an den Programmen \u201eAusflug zur Rentierstube\u201c oder \u201eEin Abend in der Rentierstube\u201c teilnehmen, geben Sie dar\u00fcber bitte im Zuge der Buchung Bescheid.\u00a0<\/p>\n<p>Achtung! Treffen Sie bitte 15 Minuten vor Beginn des Programms vor Ort ein. Das Programm beginnt zu jenem Zeitpunkt, der in der Buchung angegeben wird. Wir bitten Sie, uns Bescheid zu geben, wenn es danach aussieht, als ob Sie sich versp\u00e4ten. Bei einer Versp\u00e4tung von mehr als 15 Minuten k\u00f6nnen wir eine Teilnahme am Ausflug nicht garantieren.\u00a0<\/p>\n<p>Sehen Sie bitte in Ihrer Buchung nach, wo das Programm startet. Die Rentierprogramme, die 2,5 km lange Huskyschlittenfahrt sowie die Motorschlittenfahrten f\u00fcr Kinder starten beim Caf\u00e9. Die 5 km und 10 km langen Huskyprogramme, die Motorschlittensafaris sowie das Eiskarting starten an der Eiskartbahn.\u00a0<\/p>\n<\/div>\n<\/li>\n<li>\n<h3>Dauer des Programms und m\u00f6gliche \u00c4nderungen?<\/h3>\n<div>\n<p>Die Dauer des jeweiligen Programms ist richtungsweisend und h\u00e4ngt u. a. von der Gr\u00f6\u00dfe der Gruppe und den Wetterverh\u00e4ltnissen ab.\u00a0<\/p>\n<p>Zum Beispiel dauert die 5 km lange Huskyschlittenfahrt bei eisigen Verh\u00e4ltnissen deutlich weniger lang als bei starkem Tauwetter.\u00a0<\/p>\n<p>Bei einer kleineren Gruppe ist es zum Beispiel beim Eiskarting m\u00f6glich, dass das Programm schneller als vermutet abl\u00e4uft, w\u00e4hrend wir die Fahrer bei einer gr\u00f6\u00dferen Gesellschaft in kleineren Gruppen auf die Bahn schicken, wodurch das Programm insgesamt auch l\u00e4nger dauern kann.<\/p>\n<\/div>\n<\/li>\n<\/ul>\n<p><!--more--><br \/>\n<!-- {\"type\":\"layout\",\"children\":[{\"type\":\"section\",\"props\":{\"style\":\"default\",\"width\":\"small\",\"vertical_align\":\"middle\",\"title_position\":\"top-left\",\"title_rotation\":\"left\",\"title_breakpoint\":\"xl\",\"image_position\":\"center-center\",\"image\":\"wp-content\\\/uploads\\\/2022\\\/07\\\/lumikuva-1.jpg\",\"image_size\":\"cover\",\"image_effect\":\"fixed\",\"media_overlay\":\"rgba(255, 255, 255, 0.86)\"},\"children\":[{\"type\":\"row\",\"children\":[{\"type\":\"column\",\"props\":{\"position_sticky_breakpoint\":\"m\",\"image_position\":\"center-center\",\"media_overlay_gradient\":\"\"},\"children\":[{\"type\":\"headline\",\"props\":{\"title_element\":\"h1\",\"content\":\"Informationen zu den Programmen\",\"title_style\":\"h1\"}},{\"type\":\"accordion\",\"props\":{\"show_image\":true,\"show_link\":true,\"collapsible\":true,\"content_column_breakpoint\":\"m\",\"image_svg_color\":\"emphasis\",\"image_align\":\"top\",\"image_grid_width\":\"1-2\",\"image_grid_breakpoint\":\"m\",\"link_text\":\"Read more\",\"link_style\":\"default\",\"content_column\":\"\"},\"children\":[{\"type\":\"accordion_item\",\"props\":{\"title\":\"Wie kann ich buchen?\",\"content\":\"\n\n<p class=\\\"p1\\\">Alle Programme werden \\u00fcber unsere Website gebucht. Falls Sie beim Buchen Hilfe ben\\u00f6tigen oder Fragen haben, k\\u00f6nnen Sie uns vor der Buchung ein E-Mail schicken oder uns anrufen.<\\\/p>\"}},{\"type\":\"accordion_item\",\"props\":{\"title\":\"Kann ich auch ohne Buchung kommen?\",\"content\":\"\n\n<p class=\\\"p1\\\">Wir bieten ab 22.12.2022 montags bis samstags um 11-15 Uhr 2,5 km lange Fahrten mit dem Husky- und Rentierschlitten sowie Motorschlittenfahrten f\\u00fcr Kinder ohne Buchung im Voraus an. F\\u00fcr diese Programme k\\u00f6nnen Sie die Tickets vor Ort kaufen.<\\\/p>\"}},{\"type\":\"accordion_item\",\"props\":{\"title\":\"Wie komme ich nach Lammintupa?\",\"content\":\"\",\"link\":\"de\\\/info\\\/\",\"link_text\":\"SIEHE WEGBESCHREIBUNG\"}},{\"type\":\"accordion_item\",\"props\":{\"title\":\"Wie viele Personen haben in dem Rentier- und Huskyschlitten Platz?\",\"content\":\"\n\n<p>Letztlich trifft immer der Programmleiter vor der Fahrt die Entscheidung, wie Ihre Gruppe aufgeteilt wird. Die Entscheidung wird von der Gr\\u00f6\\u00dfe der Teilnehmer, dem Alter der Kinder, den den Schlitten ziehenden Hunden bzw. dem Rentier und den Wetterverh\\u00e4ltnissen beeinflusst.<\\\/p>\\n\n\n<p>Prinzipiell haben in dem Schlitten 2 Erwachsene und 2 Kinder Platz, abh\\u00e4ngig von der Gr\\u00f6\\u00dfe. Im Huskygespann fungiert einer der Erwachsenen Ihrer Gruppe als Kutscher. Der Kutscher muss mindestens 15 Jahre alt sein.<\\\/p>\"}},{\"type\":\"accordion_item\",\"props\":{\"title\":\"D\\u00fcrfen Hunde mitgebracht werden?\",\"content\":\"\n\n<p>In den Bereich des Caf\\u00e9s d\\u00fcrfen keine Hunde mitgebracht werden. Unsere Hunde sind revierbewusst und die Rentiere k\\u00f6nnen sich vor fremden Hunden erschrecken. Daher ist dies zur Sicherheit aller Beteiligten verboten.<\\\/p>\\n\n\n<p>Bei Bedarf k\\u00f6nnen Sie mit Ihrem Hund am Ende der Kartbahn Gassi gehen, wobei im Bereich des Parkplatzes geblieben werden muss. K\\u00fcmmern Sie sich bitte auch um m\\u00f6glichen Hundekot.\\u00a0<\\\/p>\"}},{\"type\":\"accordion_item\",\"props\":{\"title\":\"Ist es m\\u00f6glich, nur die Tiere zu besuchen?\",\"content\":\"\n\n<p>Wenn Sie das Caf\\u00e9 besuchen, k\\u00f6nnen Sie die Hunde und Rentiere sehen, aber eigentliche Rundg\\u00e4nge auf der Koppel oder im Zwinger veranstalten wir nicht. Sie k\\u00f6nnen die Rentiere und Hunde in Verbindung mit den Schlittenfahrten kennenlernen.\\u00a0<\\\/p>\\n\n\n<p>Beachten Sie bitte, dass die Tiere abends ruhen. Besuchen Sie uns daher bitte nur im Rahmen der \\u00d6ffnungszeiten.\\u00a0<\\\/p>\"}},{\"type\":\"accordion_item\",\"props\":{\"title\":\"K\\u00f6nnen Kinder auch allein an den Husky- und Rentierschlittenfahrten teilnehmen?\",\"content\":\"\n\n<p>Wir empfehlen, dass immer ein Erwachsener mit den Kindern an den Fahrten teilnimmt. An einer kurzen Fahrt mit dem Rentierschlitten k\\u00f6nnen gr\\u00f6\\u00dfere Kinder auch allein teilnehmen. Bei der 2,5 km langen Fahrt mit dem Huskyschlitten bitten wir, dass immer ein Erwachsener als Kutscher mit dabei ist, aber die Kinder k\\u00f6nnen bei Bedarf auch vom Programmf\\u00fchrer kutschiert werden. Wenn der Programmf\\u00fchrer als Kutscher mit dabei sein soll, ist die Wartezeit f\\u00fcr die Fahrt m\\u00f6glicherweise l\\u00e4nger, abh\\u00e4ngig von der Kundensituation.<\\\/p>\\n\n\n<p>An langen Husky- und Rentierschlittenfahrten d\\u00fcrfen Kinder unter 15 Jahren nur in Begleitung der Eltern teilnehmen.\\u00a0<\\\/p>\"}},{\"type\":\"accordion_item\",\"props\":{\"title\":\"Kann man an den Programmen teilnehmen, wenn man schwanger ist?\",\"content\":\"\n\n<p>Das Programm wird Schwangeren und Personen z. B. mit R\\u00fcckenverletzungen oder mit anderen gesundheitlichen Problemen, die durch Sch\\u00fctteln oder H\\u00fcpfen beeinflusst werden k\\u00f6nnen, nicht empfohlen. Wenn Sie trotzdem an dem Programm teilnehmen m\\u00f6chten, tun Sie dies auf eigene Verantwortung.\\u00a0<\\\/p>\"}},{\"type\":\"accordion_item\",\"props\":{\"title\":\"Spezielle Di\\u00e4ten?\",\"content\":\"\n\n<p>In unserem Caf\\u00e9 sind milchfreie, vegane und glutenfreie Produkte erh\\u00e4ltlich.\\u00a0<\\\/p>\\n\n\n<p>Wenn Sie ein Programm buchen, das eine Verpflegung inkludiert, werden Sie im Buchungsformular nach speziellen Di\\u00e4ten gefragt.\\u00a0<\\\/p>\"}},{\"type\":\"accordion_item\",\"props\":{\"title\":\"Wie bereite ich mich auf die Programme vor?\",\"content\":\"\n\n<p>Am wichtigsten ist bei der Vorbereitung auf die Programme, sich warm genug anzuziehen. Personen, die an einer Motorschlittensafari oder am Eiskarting teilnehmen, bekommen vor Beginn des Programms Overalls, Sturmhauben, Helme und Motorsportschuhe. Au\\u00dferdem sind F\\u00e4ustlinge erh\\u00e4ltlich, aber es k\\u00f6nnen auch die eigenen Winterhandschuhe verwendet werden.<\\\/p>\\n\n\n<p>Wer an den 5 km und 10 km langen Huskyschlittenfahrten teilnimmt kann ebenfalls einen Overall ausleihen. Treffen Sie in diesem Fall fr\\u00fch genug vor Ort ein. Falls Sie zus\\u00e4tzliche Kleidung w\\u00fcnschen, wenn Sie an den Programmen \\u201eAusflug zur Rentierstube\\u201c oder \\u201eEin Abend in der Rentierstube\\u201c teilnehmen, geben Sie dar\\u00fcber bitte im Zuge der Buchung Bescheid.\\u00a0<\\\/p>\\n\n\n<p>Achtung! Treffen Sie bitte 15 Minuten vor Beginn des Programms vor Ort ein. Das Programm beginnt zu jenem Zeitpunkt, der in der Buchung angegeben wird. Wir bitten Sie, uns Bescheid zu geben, wenn es danach aussieht, als ob Sie sich versp\\u00e4ten. Bei einer Versp\\u00e4tung von mehr als 15 Minuten k\\u00f6nnen wir eine Teilnahme am Ausflug nicht garantieren.\\u00a0<\\\/p>\\n\n\n<p>Sehen Sie bitte in Ihrer Buchung nach, wo das Programm startet. Die Rentierprogramme, die 2,5 km lange Huskyschlittenfahrt sowie die Motorschlittenfahrten f\\u00fcr Kinder starten beim Caf\\u00e9. Die 5 km und 10 km langen Huskyprogramme, die Motorschlittensafaris sowie das Eiskarting starten an der Eiskartbahn.\\u00a0<\\\/p>\"}},{\"type\":\"accordion_item\",\"props\":{\"title\":\"Dauer des Programms und m\\u00f6gliche \\u00c4nderungen?\",\"content\":\"\n\n<p>Die Dauer des jeweiligen Programms ist richtungsweisend und h\\u00e4ngt u. a. von der Gr\\u00f6\\u00dfe der Gruppe und den Wetterverh\\u00e4ltnissen ab.\\u00a0<\\\/p>\\n\n\n<p>Zum Beispiel dauert die 5 km lange Huskyschlittenfahrt bei eisigen Verh\\u00e4ltnissen deutlich weniger lang als bei starkem Tauwetter.\\u00a0<\\\/p>\\n\n\n<p>Bei einer kleineren Gruppe ist es zum Beispiel beim Eiskarting m\\u00f6glich, dass das Programm schneller als vermutet abl\\u00e4uft, w\\u00e4hrend wir die Fahrer bei einer gr\\u00f6\\u00dferen Gesellschaft in kleineren Gruppen auf die Bahn schicken, wodurch das Programm insgesamt auch l\\u00e4nger dauern kann.<\\\/p>\"}}]}]}]}]}],\"version\":\"3.0.9\"} --><\/p>\n","protected":false},"excerpt":{"rendered":"<p>Informationen zu den Programmen Wie kann ich buchen? Alle Programme werden \u00fcber unsere Website gebucht. Falls Sie beim Buchen Hilfe ben\u00f6tigen oder Fragen haben, k\u00f6nnen Sie uns vor der Buchung ein E-Mail schicken oder uns anrufen. Kann ich auch ohne Buchung kommen? Wir bieten ab 22.12.2022 montags bis samstags um 11-15 Uhr 2,5 km lange [&hellip;]<\/p>\n","protected":false},"author":1,"featured_media":1326,"parent":0,"menu_order":0,"comment_status":"closed","ping_status":"closed","template":"","meta":{"cybocfi_hide_featured_image":"","footnotes":""},"class_list":["post-1766","page","type-page","status-publish","has-post-thumbnail","hentry"],"yoast_head":"<!-- This site is optimized with the Yoast SEO plugin v27.4 - https:\/\/yoast.com\/product\/yoast-seo-wordpress\/ -->\n<title>Informationen zu den Programmen - Lammintupa, Ruka-Kuusamo, Finnland<\/title>\n<meta name=\"description\" content=\"Informationen zu Reservierungen, Einschr\u00e4nkungen und Teilnahme am Rentier-, Husky- oder Motorschlitten\u00adsafaris\" \/>\n<meta name=\"robots\" content=\"index, follow, max-snippet:-1, max-image-preview:large, max-video-preview:-1\" \/>\n<link rel=\"canonical\" href=\"https:\/\/lammintupa.fi\/de\/informationen-zu-den-programmen\/\" \/>\n<meta property=\"og:locale\" content=\"de_DE\" \/>\n<meta property=\"og:type\" content=\"article\" \/>\n<meta property=\"og:title\" content=\"Informationen zu den Programmen - Lammintupa, Ruka-Kuusamo, Finnland\" \/>\n<meta property=\"og:description\" content=\"Informationen zu Reservierungen, Einschr\u00e4nkungen und Teilnahme am Rentier-, Husky- oder Motorschlitten\u00adsafaris\" \/>\n<meta property=\"og:url\" content=\"https:\/\/lammintupa.fi\/de\/informationen-zu-den-programmen\/\" \/>\n<meta property=\"og:site_name\" content=\"Lammintupa, Ruka-Kuusamo, Finnland\" \/>\n<meta property=\"article:publisher\" content=\"https:\/\/www.facebook.com\/lammintupa\" \/>\n<meta property=\"article:modified_time\" content=\"2022-11-14T11:29:08+00:00\" \/>\n<meta property=\"og:image\" content=\"https:\/\/lammintupa.fi\/wp-content\/uploads\/2022\/08\/lammintupa-ilmakuva.jpg\" \/>\n\t<meta property=\"og:image:width\" content=\"2200\" \/>\n\t<meta property=\"og:image:height\" content=\"1000\" \/>\n\t<meta property=\"og:image:type\" content=\"image\/jpeg\" \/>\n<meta name=\"twitter:card\" content=\"summary_large_image\" \/>\n<meta name=\"twitter:label1\" content=\"Gesch\u00e4tzte Lesezeit\" \/>\n\t<meta name=\"twitter:data1\" content=\"10\u00a0Minuten\" \/>\n<script type=\"application\/ld+json\" class=\"yoast-schema-graph\">{\"@context\":\"https:\\\/\\\/schema.org\",\"@graph\":[{\"@type\":\"WebPage\",\"@id\":\"https:\\\/\\\/lammintupa.fi\\\/de\\\/informationen-zu-den-programmen\\\/\",\"url\":\"https:\\\/\\\/lammintupa.fi\\\/de\\\/informationen-zu-den-programmen\\\/\",\"name\":\"Informationen zu den Programmen - Lammintupa, Ruka-Kuusamo, Finnland\",\"isPartOf\":{\"@id\":\"https:\\\/\\\/lammintupa.fi\\\/de\\\/#website\"},\"primaryImageOfPage\":{\"@id\":\"https:\\\/\\\/lammintupa.fi\\\/de\\\/informationen-zu-den-programmen\\\/#primaryimage\"},\"image\":{\"@id\":\"https:\\\/\\\/lammintupa.fi\\\/de\\\/informationen-zu-den-programmen\\\/#primaryimage\"},\"thumbnailUrl\":\"https:\\\/\\\/lammintupa.fi\\\/wp-content\\\/uploads\\\/2022\\\/08\\\/lammintupa-ilmakuva.jpg\",\"datePublished\":\"2022-08-15T07:20:35+00:00\",\"dateModified\":\"2022-11-14T11:29:08+00:00\",\"description\":\"Informationen zu Reservierungen, Einschr\u00e4nkungen und Teilnahme am Rentier-, Husky- oder Motorschlitten\u00adsafaris\",\"breadcrumb\":{\"@id\":\"https:\\\/\\\/lammintupa.fi\\\/de\\\/informationen-zu-den-programmen\\\/#breadcrumb\"},\"inLanguage\":\"de\",\"potentialAction\":[{\"@type\":\"ReadAction\",\"target\":[\"https:\\\/\\\/lammintupa.fi\\\/de\\\/informationen-zu-den-programmen\\\/\"]}]},{\"@type\":\"ImageObject\",\"inLanguage\":\"de\",\"@id\":\"https:\\\/\\\/lammintupa.fi\\\/de\\\/informationen-zu-den-programmen\\\/#primaryimage\",\"url\":\"https:\\\/\\\/lammintupa.fi\\\/wp-content\\\/uploads\\\/2022\\\/08\\\/lammintupa-ilmakuva.jpg\",\"contentUrl\":\"https:\\\/\\\/lammintupa.fi\\\/wp-content\\\/uploads\\\/2022\\\/08\\\/lammintupa-ilmakuva.jpg\",\"width\":2200,\"height\":1000},{\"@type\":\"BreadcrumbList\",\"@id\":\"https:\\\/\\\/lammintupa.fi\\\/de\\\/informationen-zu-den-programmen\\\/#breadcrumb\",\"itemListElement\":[{\"@type\":\"ListItem\",\"position\":1,\"name\":\"Etusivu\",\"item\":\"https:\\\/\\\/lammintupa.fi\\\/de\\\/\"},{\"@type\":\"ListItem\",\"position\":2,\"name\":\"Informationen zu den Programmen\"}]},{\"@type\":\"WebSite\",\"@id\":\"https:\\\/\\\/lammintupa.fi\\\/de\\\/#website\",\"url\":\"https:\\\/\\\/lammintupa.fi\\\/de\\\/\",\"name\":\"Lammintupa, Ruka-Kuusamo, Finnland\",\"description\":\"Winterdorf\",\"publisher\":{\"@id\":\"https:\\\/\\\/lammintupa.fi\\\/de\\\/#organization\"},\"potentialAction\":[{\"@type\":\"SearchAction\",\"target\":{\"@type\":\"EntryPoint\",\"urlTemplate\":\"https:\\\/\\\/lammintupa.fi\\\/de\\\/?s={search_term_string}\"},\"query-input\":{\"@type\":\"PropertyValueSpecification\",\"valueRequired\":true,\"valueName\":\"search_term_string\"}}],\"inLanguage\":\"de\"},{\"@type\":\"Organization\",\"@id\":\"https:\\\/\\\/lammintupa.fi\\\/de\\\/#organization\",\"name\":\"Lammintupa, Winter Village\",\"url\":\"https:\\\/\\\/lammintupa.fi\\\/de\\\/\",\"logo\":{\"@type\":\"ImageObject\",\"inLanguage\":\"de\",\"@id\":\"https:\\\/\\\/lammintupa.fi\\\/de\\\/#\\\/schema\\\/logo\\\/image\\\/\",\"url\":\"https:\\\/\\\/lammintupa.fi\\\/wp-content\\\/uploads\\\/2022\\\/07\\\/lammintupa-logo-vari.svg\",\"contentUrl\":\"https:\\\/\\\/lammintupa.fi\\\/wp-content\\\/uploads\\\/2022\\\/07\\\/lammintupa-logo-vari.svg\",\"width\":1,\"height\":1,\"caption\":\"Lammintupa, Winter Village\"},\"image\":{\"@id\":\"https:\\\/\\\/lammintupa.fi\\\/de\\\/#\\\/schema\\\/logo\\\/image\\\/\"},\"sameAs\":[\"https:\\\/\\\/www.facebook.com\\\/lammintupa\",\"https:\\\/\\\/www.instagram.com\\\/lammintupa\\\/\",\"https:\\\/\\\/www.tripadvisor.fi\\\/Restaurant_Review-g1841285-d7619405-Reviews-Lammintupa-Rukatunturi_Northern_Ostrobothnia.html\"]}]}<\/script>\n<!-- \/ Yoast SEO plugin. -->","yoast_head_json":{"title":"Informationen zu den Programmen - Lammintupa, Ruka-Kuusamo, Finnland","description":"Informationen zu Reservierungen, Einschr\u00e4nkungen und Teilnahme am Rentier-, Husky- oder Motorschlitten\u00adsafaris","robots":{"index":"index","follow":"follow","max-snippet":"max-snippet:-1","max-image-preview":"max-image-preview:large","max-video-preview":"max-video-preview:-1"},"canonical":"https:\/\/lammintupa.fi\/de\/informationen-zu-den-programmen\/","og_locale":"de_DE","og_type":"article","og_title":"Informationen zu den Programmen - Lammintupa, Ruka-Kuusamo, Finnland","og_description":"Informationen zu Reservierungen, Einschr\u00e4nkungen und Teilnahme am Rentier-, Husky- oder Motorschlitten\u00adsafaris","og_url":"https:\/\/lammintupa.fi\/de\/informationen-zu-den-programmen\/","og_site_name":"Lammintupa, Ruka-Kuusamo, Finnland","article_publisher":"https:\/\/www.facebook.com\/lammintupa","article_modified_time":"2022-11-14T11:29:08+00:00","og_image":[{"width":2200,"height":1000,"url":"https:\/\/lammintupa.fi\/wp-content\/uploads\/2022\/08\/lammintupa-ilmakuva.jpg","type":"image\/jpeg"}],"twitter_card":"summary_large_image","twitter_misc":{"Gesch\u00e4tzte Lesezeit":"10\u00a0Minuten"},"schema":{"@context":"https:\/\/schema.org","@graph":[{"@type":"WebPage","@id":"https:\/\/lammintupa.fi\/de\/informationen-zu-den-programmen\/","url":"https:\/\/lammintupa.fi\/de\/informationen-zu-den-programmen\/","name":"Informationen zu den Programmen - Lammintupa, Ruka-Kuusamo, Finnland","isPartOf":{"@id":"https:\/\/lammintupa.fi\/de\/#website"},"primaryImageOfPage":{"@id":"https:\/\/lammintupa.fi\/de\/informationen-zu-den-programmen\/#primaryimage"},"image":{"@id":"https:\/\/lammintupa.fi\/de\/informationen-zu-den-programmen\/#primaryimage"},"thumbnailUrl":"https:\/\/lammintupa.fi\/wp-content\/uploads\/2022\/08\/lammintupa-ilmakuva.jpg","datePublished":"2022-08-15T07:20:35+00:00","dateModified":"2022-11-14T11:29:08+00:00","description":"Informationen zu Reservierungen, Einschr\u00e4nkungen und Teilnahme am Rentier-, Husky- oder Motorschlitten\u00adsafaris","breadcrumb":{"@id":"https:\/\/lammintupa.fi\/de\/informationen-zu-den-programmen\/#breadcrumb"},"inLanguage":"de","potentialAction":[{"@type":"ReadAction","target":["https:\/\/lammintupa.fi\/de\/informationen-zu-den-programmen\/"]}]},{"@type":"ImageObject","inLanguage":"de","@id":"https:\/\/lammintupa.fi\/de\/informationen-zu-den-programmen\/#primaryimage","url":"https:\/\/lammintupa.fi\/wp-content\/uploads\/2022\/08\/lammintupa-ilmakuva.jpg","contentUrl":"https:\/\/lammintupa.fi\/wp-content\/uploads\/2022\/08\/lammintupa-ilmakuva.jpg","width":2200,"height":1000},{"@type":"BreadcrumbList","@id":"https:\/\/lammintupa.fi\/de\/informationen-zu-den-programmen\/#breadcrumb","itemListElement":[{"@type":"ListItem","position":1,"name":"Etusivu","item":"https:\/\/lammintupa.fi\/de\/"},{"@type":"ListItem","position":2,"name":"Informationen zu den Programmen"}]},{"@type":"WebSite","@id":"https:\/\/lammintupa.fi\/de\/#website","url":"https:\/\/lammintupa.fi\/de\/","name":"Lammintupa, Ruka-Kuusamo, Finnland","description":"Winterdorf","publisher":{"@id":"https:\/\/lammintupa.fi\/de\/#organization"},"potentialAction":[{"@type":"SearchAction","target":{"@type":"EntryPoint","urlTemplate":"https:\/\/lammintupa.fi\/de\/?s={search_term_string}"},"query-input":{"@type":"PropertyValueSpecification","valueRequired":true,"valueName":"search_term_string"}}],"inLanguage":"de"},{"@type":"Organization","@id":"https:\/\/lammintupa.fi\/de\/#organization","name":"Lammintupa, Winter Village","url":"https:\/\/lammintupa.fi\/de\/","logo":{"@type":"ImageObject","inLanguage":"de","@id":"https:\/\/lammintupa.fi\/de\/#\/schema\/logo\/image\/","url":"https:\/\/lammintupa.fi\/wp-content\/uploads\/2022\/07\/lammintupa-logo-vari.svg","contentUrl":"https:\/\/lammintupa.fi\/wp-content\/uploads\/2022\/07\/lammintupa-logo-vari.svg","width":1,"height":1,"caption":"Lammintupa, Winter Village"},"image":{"@id":"https:\/\/lammintupa.fi\/de\/#\/schema\/logo\/image\/"},"sameAs":["https:\/\/www.facebook.com\/lammintupa","https:\/\/www.instagram.com\/lammintupa\/","https:\/\/www.tripadvisor.fi\/Restaurant_Review-g1841285-d7619405-Reviews-Lammintupa-Rukatunturi_Northern_Ostrobothnia.html"]}]}},"_links":{"self":[{"href":"https:\/\/lammintupa.fi\/de\/wp-json\/wp\/v2\/pages\/1766","targetHints":{"allow":["GET"]}}],"collection":[{"href":"https:\/\/lammintupa.fi\/de\/wp-json\/wp\/v2\/pages"}],"about":[{"href":"https:\/\/lammintupa.fi\/de\/wp-json\/wp\/v2\/types\/page"}],"author":[{"embeddable":true,"href":"https:\/\/lammintupa.fi\/de\/wp-json\/wp\/v2\/users\/1"}],"replies":[{"embeddable":true,"href":"https:\/\/lammintupa.fi\/de\/wp-json\/wp\/v2\/comments?post=1766"}],"version-history":[{"count":0,"href":"https:\/\/lammintupa.fi\/de\/wp-json\/wp\/v2\/pages\/1766\/revisions"}],"wp:featuredmedia":[{"embeddable":true,"href":"https:\/\/lammintupa.fi\/de\/wp-json\/wp\/v2\/media\/1326"}],"wp:attachment":[{"href":"https:\/\/lammintupa.fi\/de\/wp-json\/wp\/v2\/media?parent=1766"}],"curies":[{"name":"wp","href":"https:\/\/api.w.org\/{rel}","templated":true}]}}