{"id":1759,"date":"2022-10-03T09:43:17","date_gmt":"2022-10-03T06:43:17","guid":{"rendered":"https:\/\/lammintupa.fi\/ice-karting\/"},"modified":"2022-11-14T13:17:46","modified_gmt":"2022-11-14T11:17:46","slug":"eiskarting","status":"publish","type":"page","link":"https:\/\/lammintupa.fi\/de\/eiskarting\/","title":{"rendered":"Eiskarting"},"content":{"rendered":"<h1>Eiskarting<\/h1>\n<div>\n<p>Spannende Fahrt auf der Eiskartbahn. Genie\u00dfen Sie \u00fcber 500 Meter schnelles Fahren auf dem Eis mit Spitzenausr\u00fcstung und Rennkleidung.<\/p>\n<p>Trommeln Sie Ihre Arbeitskollegen oder Freunde zusammen und testen Sie Ihre Fahrk\u00fcnste auf der glatten, gefrorenen Kartbahn und fordern Sie Ihre Freunde zum Wettrennen heraus! Alles, was Sie mitbringen m\u00fcssen, ist gute Laune!<\/p>\n<\/div>\n<p><img decoding=\"async\" src=\"\/wp-content\/uploads\/2022\/10\/icekarting-naiskuski.jpg\" alt=\"\"><\/p>\n<div>\n<p><script type=\"text\/javascript\" src=\"https:\/\/widgets.bokun.io\/assets\/javascripts\/apps\/build\/BokunWidgetsLoader.js?bookingChannelUUID=b1e8f542-926d-4cba-9bc0-65d5335d0de1\" async><\/script><\/p>\n<div class=\"bokunWidget\" data-src=\"https:\/\/widgets.bokun.io\/online-sales\/b1e8f542-926d-4cba-9bc0-65d5335d0de1\/experience\/76324\"><\/div>\n<p><noscript>Please enable javascript in your browser to book<\/noscript><\/div>\n<p><!--more--><br \/>\n<!-- {\"type\":\"layout\",\"children\":[{\"type\":\"section\",\"props\":{\"style\":\"default\",\"width\":\"default\",\"vertical_align\":\"middle\",\"title_position\":\"top-left\",\"title_rotation\":\"left\",\"title_breakpoint\":\"xl\",\"image_position\":\"center-center\",\"image\":\"\",\"image_size\":\"cover\",\"height\":\"percent\",\"video\":\"https:\\\/\\\/youtu.be\\\/2cYOkgZh7ZY\",\"video_width\":\"2000\",\"video_height\":\"1300\"},\"children\":[{\"type\":\"row\",\"children\":[{\"type\":\"column\",\"props\":{\"image_position\":\"center-center\",\"media_overlay_gradient\":\"\",\"position_sticky_breakpoint\":\"m\"},\"children\":[]}]}],\"name\":\"video\"},{\"type\":\"section\",\"props\":{\"style\":\"default\",\"width\":\"default\",\"vertical_align\":\"middle\",\"title_position\":\"top-left\",\"title_rotation\":\"left\",\"title_breakpoint\":\"xl\",\"image_position\":\"center-center\",\"image\":\"\",\"image_size\":\"cover\",\"media_visibility\":\"s\",\"video\":\"\",\"video_width\":\"2400\",\"video_height\":\"auto\"},\"children\":[{\"type\":\"row\",\"children\":[{\"type\":\"column\",\"props\":{\"position_sticky_breakpoint\":\"m\",\"image_position\":\"center-center\",\"media_overlay_gradient\":\"\",\"width_medium\":\"1-2\",\"vertical_align\":\"middle\"},\"children\":[{\"name\":\"\",\"type\":\"headline\",\"props\":{\"title_element\":\"h1\",\"content\":\"Eiskarting\",\"text_align\":\"left\",\"margin_remove_bottom\":false,\"margin\":\"small\",\"title_style\":\"heading-small\",\"text_align_breakpoint\":\"s\",\"text_align_fallback\":\"center\"}},{\"type\":\"text\",\"props\":{\"margin\":\"default\",\"column_breakpoint\":\"m\",\"content\":\"\n\n<p>Spannende Fahrt auf der Eiskartbahn. Genie\\u00dfen Sie \\u00fcber 500 Meter schnelles Fahren auf dem Eis mit Spitzenausr\\u00fcstung und Rennkleidung.<\\\/p>\\n\n\n<p>Trommeln Sie Ihre Arbeitskollegen oder Freunde zusammen und testen Sie Ihre Fahrk\\u00fcnste auf der glatten, gefrorenen Kartbahn und fordern Sie Ihre Freunde zum Wettrennen heraus! Alles, was Sie mitbringen m\\u00fcssen, ist gute Laune!<\\\/p>\",\"text_align\":\"left\",\"text_align_breakpoint\":\"s\",\"text_align_fallback\":\"center\",\"block_align_breakpoint\":\"s\",\"block_align_fallback\":\"center\"}}]},{\"type\":\"column\",\"props\":{\"position_sticky_breakpoint\":\"m\",\"image_position\":\"center-center\",\"media_overlay_gradient\":\"\",\"width_medium\":\"1-2\"},\"children\":[{\"type\":\"image\",\"props\":{\"margin\":\"default\",\"image_svg_color\":\"emphasis\",\"image\":\"wp-content\\\/uploads\\\/2022\\\/10\\\/icekarting-naiskuski.jpg\"}}]}],\"props\":{\"layout\":\"1-2,1-2\"}}]},{\"name\":\"Contact\",\"type\":\"section\",\"props\":{\"width\":\"default\",\"style\":\"default\",\"animation\":\"fade\",\"media\":\"images\\\/demo\\\/demo-image_01.jpg\",\"image_size\":\"cover\",\"image_position\":\"center-center\",\"padding_remove_bottom\":false,\"vertical_align\":\"middle\",\"title_position\":\"top-left\",\"title_rotation\":\"left\",\"title_breakpoint\":\"xl\"},\"children\":[{\"name\":\"\",\"type\":\"row\",\"children\":[{\"name\":\"\",\"type\":\"column\",\"props\":{\"image_position\":\"center-center\",\"media_overlay_gradient\":\"\",\"width_medium\":\"1-1\",\"position_sticky_breakpoint\":\"m\"},\"children\":[{\"type\":\"text\",\"props\":{\"margin\":\"default\",\"column_breakpoint\":\"m\",\"content\":\"\n\n<p><script type=\\\"text\\\/javascript\\\" src=\\\"https:\\\/\\\/widgets.bokun.io\\\/assets\\\/javascripts\\\/apps\\\/build\\\/BokunWidgetsLoader.js?bookingChannelUUID=b1e8f542-926d-4cba-9bc0-65d5335d0de1\\\" async><\\\/script><\\\/p>\\n\n\n<div class=\\\"bokunWidget\\\" data-src=\\\"https:\\\/\\\/widgets.bokun.io\\\/online-sales\\\/b1e8f542-926d-4cba-9bc0-65d5335d0de1\\\/experience\\\/76324\\\"><\\\/div>\\n<noscript>Please enable javascript in your browser to book<\\\/noscript>\"}}]}]}]}],\"version\":\"3.0.9\"} --><\/p>\n","protected":false},"excerpt":{"rendered":"<p>Eiskarting Spannende Fahrt auf der Eiskartbahn. Genie\u00dfen Sie \u00fcber 500 Meter schnelles Fahren auf dem Eis mit Spitzenausr\u00fcstung und Rennkleidung. Trommeln Sie Ihre Arbeitskollegen oder Freunde zusammen und testen Sie Ihre Fahrk\u00fcnste auf der glatten, gefrorenen Kartbahn und fordern Sie Ihre Freunde zum Wettrennen heraus! Alles, was Sie mitbringen m\u00fcssen, ist gute Laune! Please enable [&hellip;]<\/p>\n","protected":false},"author":1,"featured_media":1388,"parent":0,"menu_order":0,"comment_status":"closed","ping_status":"closed","template":"","meta":{"cybocfi_hide_featured_image":"","footnotes":""},"class_list":["post-1759","page","type-page","status-publish","has-post-thumbnail","hentry"],"yoast_head":"<title>Eiskarting - Lammintupa, Ruka-Kuusamo, Finnland<\/title>\n<meta name=\"description\" content=\"Spannende Fahrt auf der Eiskartbahn. Genie\u00dfen Sie \u00fcber 500 Meter schnelles Fahren auf dem Eis mit Spitzenausr\u00fcstung und Rennkleidung.\" \/>\n<meta name=\"robots\" content=\"index, follow, max-snippet:-1, max-image-preview:large, max-video-preview:-1\" \/>\n<link rel=\"canonical\" href=\"https:\/\/lammintupa.fi\/de\/eiskarting\/\" \/>\n<meta property=\"og:locale\" content=\"de_DE\" \/>\n<meta property=\"og:type\" content=\"article\" \/>\n<meta property=\"og:title\" content=\"Eiskarting - Lammintupa, Ruka-Kuusamo, Finnland\" \/>\n<meta property=\"og:description\" content=\"Spannende Fahrt auf der Eiskartbahn. Genie\u00dfen Sie \u00fcber 500 Meter schnelles Fahren auf dem Eis mit Spitzenausr\u00fcstung und Rennkleidung.\" \/>\n<meta property=\"og:url\" content=\"https:\/\/lammintupa.fi\/de\/eiskarting\/\" \/>\n<meta property=\"og:site_name\" content=\"Lammintupa, Ruka-Kuusamo, Finnland\" \/>\n<meta property=\"article:publisher\" content=\"https:\/\/www.facebook.com\/lammintupa\" \/>\n<meta property=\"article:modified_time\" content=\"2022-11-14T11:17:46+00:00\" \/>\n<meta property=\"og:image\" content=\"https:\/\/lammintupa.fi\/wp-content\/uploads\/2022\/10\/icekarting-naiskuski.jpg\" \/>\n\t<meta property=\"og:image:width\" content=\"2200\" \/>\n\t<meta property=\"og:image:height\" content=\"1400\" \/>\n\t<meta property=\"og:image:type\" content=\"image\/jpeg\" \/>\n<meta name=\"twitter:card\" content=\"summary_large_image\" \/>\n<meta name=\"twitter:label1\" content=\"Gesch\u00e4tzte Lesezeit\" \/>\n\t<meta name=\"twitter:data1\" content=\"1\u00a0Minute\" \/>\n<script type=\"application\/ld+json\" class=\"yoast-schema-graph\">{\"@context\":\"https:\/\/schema.org\",\"@graph\":[{\"@type\":\"WebPage\",\"@id\":\"https:\/\/lammintupa.fi\/de\/eiskarting\/\",\"url\":\"https:\/\/lammintupa.fi\/de\/eiskarting\/\",\"name\":\"Eiskarting - Lammintupa, Ruka-Kuusamo, Finnland\",\"isPartOf\":{\"@id\":\"https:\/\/lammintupa.fi\/de\/#website\"},\"primaryImageOfPage\":{\"@id\":\"https:\/\/lammintupa.fi\/de\/eiskarting\/#primaryimage\"},\"image\":{\"@id\":\"https:\/\/lammintupa.fi\/de\/eiskarting\/#primaryimage\"},\"thumbnailUrl\":\"https:\/\/lammintupa.fi\/wp-content\/uploads\/2022\/10\/icekarting-naiskuski.jpg\",\"datePublished\":\"2022-10-03T06:43:17+00:00\",\"dateModified\":\"2022-11-14T11:17:46+00:00\",\"description\":\"Spannende Fahrt auf der Eiskartbahn. Genie\u00dfen Sie \u00fcber 500 Meter schnelles Fahren auf dem Eis mit Spitzenausr\u00fcstung und Rennkleidung.\",\"breadcrumb\":{\"@id\":\"https:\/\/lammintupa.fi\/de\/eiskarting\/#breadcrumb\"},\"inLanguage\":\"de\",\"potentialAction\":[{\"@type\":\"ReadAction\",\"target\":[\"https:\/\/lammintupa.fi\/de\/eiskarting\/\"]}]},{\"@type\":\"ImageObject\",\"inLanguage\":\"de\",\"@id\":\"https:\/\/lammintupa.fi\/de\/eiskarting\/#primaryimage\",\"url\":\"https:\/\/lammintupa.fi\/wp-content\/uploads\/2022\/10\/icekarting-naiskuski.jpg\",\"contentUrl\":\"https:\/\/lammintupa.fi\/wp-content\/uploads\/2022\/10\/icekarting-naiskuski.jpg\",\"width\":2200,\"height\":1400},{\"@type\":\"BreadcrumbList\",\"@id\":\"https:\/\/lammintupa.fi\/de\/eiskarting\/#breadcrumb\",\"itemListElement\":[{\"@type\":\"ListItem\",\"position\":1,\"name\":\"Etusivu\",\"item\":\"https:\/\/lammintupa.fi\/de\/\"},{\"@type\":\"ListItem\",\"position\":2,\"name\":\"Eiskarting\"}]},{\"@type\":\"WebSite\",\"@id\":\"https:\/\/lammintupa.fi\/de\/#website\",\"url\":\"https:\/\/lammintupa.fi\/de\/\",\"name\":\"Lammintupa, Ruka-Kuusamo, Finnland\",\"description\":\"Winterdorf\",\"publisher\":{\"@id\":\"https:\/\/lammintupa.fi\/de\/#organization\"},\"potentialAction\":[{\"@type\":\"SearchAction\",\"target\":{\"@type\":\"EntryPoint\",\"urlTemplate\":\"https:\/\/lammintupa.fi\/de\/?s={search_term_string}\"},\"query-input\":{\"@type\":\"PropertyValueSpecification\",\"valueRequired\":true,\"valueName\":\"search_term_string\"}}],\"inLanguage\":\"de\"},{\"@type\":\"Organization\",\"@id\":\"https:\/\/lammintupa.fi\/de\/#organization\",\"name\":\"Lammintupa, Winter Village\",\"url\":\"https:\/\/lammintupa.fi\/de\/\",\"logo\":{\"@type\":\"ImageObject\",\"inLanguage\":\"de\",\"@id\":\"https:\/\/lammintupa.fi\/de\/#\/schema\/logo\/image\/\",\"url\":\"https:\/\/lammintupa.fi\/wp-content\/uploads\/2022\/07\/lammintupa-logo-vari.svg\",\"contentUrl\":\"https:\/\/lammintupa.fi\/wp-content\/uploads\/2022\/07\/lammintupa-logo-vari.svg\",\"width\":1,\"height\":1,\"caption\":\"Lammintupa, Winter Village\"},\"image\":{\"@id\":\"https:\/\/lammintupa.fi\/de\/#\/schema\/logo\/image\/\"},\"sameAs\":[\"https:\/\/www.facebook.com\/lammintupa\",\"https:\/\/www.instagram.com\/lammintupa\/\",\"https:\/\/www.tripadvisor.fi\/Restaurant_Review-g1841285-d7619405-Reviews-Lammintupa-Rukatunturi_Northern_Ostrobothnia.html\"]}]}<\/script>","yoast_head_json":{"title":"Eiskarting - Lammintupa, Ruka-Kuusamo, Finnland","description":"Spannende Fahrt auf der Eiskartbahn. Genie\u00dfen Sie \u00fcber 500 Meter schnelles Fahren auf dem Eis mit Spitzenausr\u00fcstung und Rennkleidung.","robots":{"index":"index","follow":"follow","max-snippet":"max-snippet:-1","max-image-preview":"max-image-preview:large","max-video-preview":"max-video-preview:-1"},"canonical":"https:\/\/lammintupa.fi\/de\/eiskarting\/","og_locale":"de_DE","og_type":"article","og_title":"Eiskarting - Lammintupa, Ruka-Kuusamo, Finnland","og_description":"Spannende Fahrt auf der Eiskartbahn. Genie\u00dfen Sie \u00fcber 500 Meter schnelles Fahren auf dem Eis mit Spitzenausr\u00fcstung und Rennkleidung.","og_url":"https:\/\/lammintupa.fi\/de\/eiskarting\/","og_site_name":"Lammintupa, Ruka-Kuusamo, Finnland","article_publisher":"https:\/\/www.facebook.com\/lammintupa","article_modified_time":"2022-11-14T11:17:46+00:00","og_image":[{"width":2200,"height":1400,"url":"https:\/\/lammintupa.fi\/wp-content\/uploads\/2022\/10\/icekarting-naiskuski.jpg","type":"image\/jpeg"}],"twitter_card":"summary_large_image","twitter_misc":{"Gesch\u00e4tzte Lesezeit":"1\u00a0Minute"},"schema":{"@context":"https:\/\/schema.org","@graph":[{"@type":"WebPage","@id":"https:\/\/lammintupa.fi\/de\/eiskarting\/","url":"https:\/\/lammintupa.fi\/de\/eiskarting\/","name":"Eiskarting - Lammintupa, Ruka-Kuusamo, Finnland","isPartOf":{"@id":"https:\/\/lammintupa.fi\/de\/#website"},"primaryImageOfPage":{"@id":"https:\/\/lammintupa.fi\/de\/eiskarting\/#primaryimage"},"image":{"@id":"https:\/\/lammintupa.fi\/de\/eiskarting\/#primaryimage"},"thumbnailUrl":"https:\/\/lammintupa.fi\/wp-content\/uploads\/2022\/10\/icekarting-naiskuski.jpg","datePublished":"2022-10-03T06:43:17+00:00","dateModified":"2022-11-14T11:17:46+00:00","description":"Spannende Fahrt auf der Eiskartbahn. Genie\u00dfen Sie \u00fcber 500 Meter schnelles Fahren auf dem Eis mit Spitzenausr\u00fcstung und Rennkleidung.","breadcrumb":{"@id":"https:\/\/lammintupa.fi\/de\/eiskarting\/#breadcrumb"},"inLanguage":"de","potentialAction":[{"@type":"ReadAction","target":["https:\/\/lammintupa.fi\/de\/eiskarting\/"]}]},{"@type":"ImageObject","inLanguage":"de","@id":"https:\/\/lammintupa.fi\/de\/eiskarting\/#primaryimage","url":"https:\/\/lammintupa.fi\/wp-content\/uploads\/2022\/10\/icekarting-naiskuski.jpg","contentUrl":"https:\/\/lammintupa.fi\/wp-content\/uploads\/2022\/10\/icekarting-naiskuski.jpg","width":2200,"height":1400},{"@type":"BreadcrumbList","@id":"https:\/\/lammintupa.fi\/de\/eiskarting\/#breadcrumb","itemListElement":[{"@type":"ListItem","position":1,"name":"Etusivu","item":"https:\/\/lammintupa.fi\/de\/"},{"@type":"ListItem","position":2,"name":"Eiskarting"}]},{"@type":"WebSite","@id":"https:\/\/lammintupa.fi\/de\/#website","url":"https:\/\/lammintupa.fi\/de\/","name":"Lammintupa, Ruka-Kuusamo, Finnland","description":"Winterdorf","publisher":{"@id":"https:\/\/lammintupa.fi\/de\/#organization"},"potentialAction":[{"@type":"SearchAction","target":{"@type":"EntryPoint","urlTemplate":"https:\/\/lammintupa.fi\/de\/?s={search_term_string}"},"query-input":{"@type":"PropertyValueSpecification","valueRequired":true,"valueName":"search_term_string"}}],"inLanguage":"de"},{"@type":"Organization","@id":"https:\/\/lammintupa.fi\/de\/#organization","name":"Lammintupa, Winter Village","url":"https:\/\/lammintupa.fi\/de\/","logo":{"@type":"ImageObject","inLanguage":"de","@id":"https:\/\/lammintupa.fi\/de\/#\/schema\/logo\/image\/","url":"https:\/\/lammintupa.fi\/wp-content\/uploads\/2022\/07\/lammintupa-logo-vari.svg","contentUrl":"https:\/\/lammintupa.fi\/wp-content\/uploads\/2022\/07\/lammintupa-logo-vari.svg","width":1,"height":1,"caption":"Lammintupa, Winter Village"},"image":{"@id":"https:\/\/lammintupa.fi\/de\/#\/schema\/logo\/image\/"},"sameAs":["https:\/\/www.facebook.com\/lammintupa","https:\/\/www.instagram.com\/lammintupa\/","https:\/\/www.tripadvisor.fi\/Restaurant_Review-g1841285-d7619405-Reviews-Lammintupa-Rukatunturi_Northern_Ostrobothnia.html"]}]}},"_links":{"self":[{"href":"https:\/\/lammintupa.fi\/de\/wp-json\/wp\/v2\/pages\/1759","targetHints":{"allow":["GET"]}}],"collection":[{"href":"https:\/\/lammintupa.fi\/de\/wp-json\/wp\/v2\/pages"}],"about":[{"href":"https:\/\/lammintupa.fi\/de\/wp-json\/wp\/v2\/types\/page"}],"author":[{"embeddable":true,"href":"https:\/\/lammintupa.fi\/de\/wp-json\/wp\/v2\/users\/1"}],"replies":[{"embeddable":true,"href":"https:\/\/lammintupa.fi\/de\/wp-json\/wp\/v2\/comments?post=1759"}],"version-history":[{"count":0,"href":"https:\/\/lammintupa.fi\/de\/wp-json\/wp\/v2\/pages\/1759\/revisions"}],"wp:featuredmedia":[{"embeddable":true,"href":"https:\/\/lammintupa.fi\/de\/wp-json\/wp\/v2\/media\/1388"}],"wp:attachment":[{"href":"https:\/\/lammintupa.fi\/de\/wp-json\/wp\/v2\/media?parent=1759"}],"curies":[{"name":"wp","href":"https:\/\/api.w.org\/{rel}","templated":true}]}}