{"id":1749,"date":"2009-11-24T10:21:51","date_gmt":"2009-11-24T08:21:51","guid":{"rendered":"https:\/\/lammintupa.fi\/cafe-mahlzeiten\/lounas\/"},"modified":"2026-01-14T11:30:35","modified_gmt":"2026-01-14T09:30:35","slug":"suppenmittagessen","status":"publish","type":"page","link":"https:\/\/lammintupa.fi\/de\/cafe-mahlzeiten\/suppenmittagessen\/","title":{"rendered":"Suppenmittagessen"},"content":{"rendered":"<h1>Mittagessen, jeden Tag<\/h1>\n<div>\n<p>Mittagessen von 11.00 bis 15.00 Uhr in der Wintersaison<\/p>\n<\/div>\n<div>\n<p><strong>Dienstag<\/strong> Hackfleischsuppe mit Tomaten<br \/><strong>Mittwoch<\/strong> Regenbogenforelle Suppe<br \/><strong>Donnerstag<\/strong> H\u00fchnersuppe<br \/><strong>Freitag<\/strong> Hackfleischsuppe<br \/><strong>Samstag<\/strong> Regenbogenforelle Suppe<br \/><strong>Sonntag<\/strong> Rentiersuppe<\/p>\n<p>Dazu ein Br\u00f6tchen und Roggenbrot aus eigener K\u00fcche, Brotaufstrich, Saft und Wasser, Kaffee zum Nachtisch.<\/p>\n<p><strong>PREIS 12,00 \u20ac &#8211; 13,00 \u20ac<br \/><\/strong><br \/>Kinder unter 7 Jahren. 6 \u20ac<\/p>\n<p><em>Wir behalten uns \u00c4nderungen vor<\/em><\/p>\n<\/div>\n<p><!--more--><br \/>\n<!-- {\"type\":\"layout\",\"children\":[{\"type\":\"section\",\"props\":{\"animation\":\"slide-bottom-medium\",\"height\":\"viewport\",\"height_offset_top\":true,\"height_viewport\":80,\"image\":\"wp-content\\\/uploads\\\/2022\\\/08\\\/lounas-lammintupa.jpg\",\"image_position\":\"center-center\",\"image_size\":\"cover\",\"media_visibility\":\"s\",\"padding\":\"large\",\"style\":\"secondary\",\"text_color\":\"light\",\"title_breakpoint\":\"xl\",\"title_position\":\"top-left\",\"title_rotation\":\"left\",\"vertical_align\":\"middle\",\"width\":\"default\"},\"children\":[{\"type\":\"row\",\"children\":[{\"type\":\"column\",\"props\":{\"image_position\":\"center-center\",\"position_sticky_breakpoint\":\"m\"},\"children\":[{\"type\":\"headline\",\"props\":{\"content\":\"Mittagessen, jeden Tag\",\"margin\":\"small\",\"margin_remove_bottom\":false,\"text_align\":\"right\",\"text_align_breakpoint\":\"s\",\"text_align_fallback\":\"center\",\"title_element\":\"h1\",\"title_style\":\"heading-small\"}},{\"type\":\"text\",\"props\":{\"block_align\":\"right\",\"block_align_breakpoint\":\"s\",\"block_align_fallback\":\"center\",\"column_breakpoint\":\"m\",\"content\":\"\n\n<p>Mittagessen von 11.00 bis 15.00 Uhr in der Wintersaison<\\\/p>\",\"margin\":\"default\",\"maxwidth\":\"large\",\"text_align\":\"right\",\"text_align_breakpoint\":\"s\",\"text_align_fallback\":\"center\",\"text_style\":\"lead\"}}]}]}]},{\"name\":\"Contact\",\"type\":\"section\",\"props\":{\"animation\":\"fade\",\"image_position\":\"center-center\",\"image_size\":\"cover\",\"padding\":\"small\",\"padding_remove_bottom\":false,\"style\":\"default\",\"title_breakpoint\":\"xl\",\"title_position\":\"top-left\",\"title_rotation\":\"left\",\"vertical_align\":\"\",\"width\":\"default\"},\"children\":[{\"type\":\"row\",\"children\":[{\"type\":\"column\",\"props\":{\"image_position\":\"center-center\",\"position_sticky_breakpoint\":\"m\"},\"children\":[{\"type\":\"text\",\"props\":{\"block_align\":\"center\",\"column_breakpoint\":\"m\",\"content\":\"\n\n<p><\\\/p>\\n\n\n<p><strong>Dienstag<\\\/strong> Hackfleischsuppe mit Tomaten<br \\\/><strong>Mittwoch<\\\/strong> Regenbogenforelle Suppe<br \\\/><strong>Donnerstag<\\\/strong> H\\u00fchnersuppe<br \\\/><strong>Freitag<\\\/strong> Hackfleischsuppe<br \\\/><strong>Samstag<\\\/strong> Regenbogenforelle Suppe<br \\\/><strong>Sonntag<\\\/strong> Rentiersuppe<\\\/p>\\n\n\n<p>Dazu ein Br\\u00f6tchen und Roggenbrot aus eigener K\\u00fcche, Brotaufstrich, Saft und Wasser, Kaffee zum Nachtisch.<\\\/p>\\n\n\n<p><strong>PREIS 12,00 \\u20ac - 13,00 \\u20ac<br \\\/><\\\/strong><br \\\/>Kinder unter 7 Jahren. 6 \\u20ac<\\\/p>\\n\n\n<p><em>Wir behalten uns \\u00c4nderungen vor<\\\/em><\\\/p>\",\"margin\":\"default\",\"text_align\":\"center\"}}]}]}]}],\"version\":\"4.5.33\"} --><\/p>\n","protected":false},"excerpt":{"rendered":"<p>Mittagessen, jeden Tag Mittagessen von 11.00 bis 15.00 Uhr in der Wintersaison Dienstag Hackfleischsuppe mit TomatenMittwoch Regenbogenforelle SuppeDonnerstag H\u00fchnersuppeFreitag HackfleischsuppeSamstag Regenbogenforelle SuppeSonntag Rentiersuppe Dazu ein Br\u00f6tchen und Roggenbrot aus eigener K\u00fcche, Brotaufstrich, Saft und Wasser, Kaffee zum Nachtisch. PREIS 12,00 \u20ac &#8211; 13,00 \u20acKinder unter 7 Jahren. 6 \u20ac Wir behalten uns \u00c4nderungen vor<\/p>\n","protected":false},"author":1,"featured_media":1314,"parent":1729,"menu_order":4,"comment_status":"closed","ping_status":"closed","template":"","meta":{"cybocfi_hide_featured_image":"","footnotes":""},"class_list":["post-1749","page","type-page","status-publish","has-post-thumbnail","hentry"],"yoast_head":"<title>Suppenmittagessen - Lammintupa, Ruka-Kuusamo, Finnland<\/title>\n<meta name=\"description\" content=\"Ein Suppenmittagessen angeboten, f\u00fcr das unserem Stil entsprechend ausschlie\u00dflich lokale, reine Rohstoffe verwendet werden und das von Anfang bis Ende in unserer eigenen K\u00fcche zubereitet wird.\" \/>\n<meta name=\"robots\" content=\"index, follow, max-snippet:-1, max-image-preview:large, max-video-preview:-1\" \/>\n<link rel=\"canonical\" href=\"https:\/\/lammintupa.fi\/de\/cafe-mahlzeiten\/suppenmittagessen\/\" \/>\n<meta property=\"og:locale\" content=\"de_DE\" \/>\n<meta property=\"og:type\" content=\"article\" \/>\n<meta property=\"og:title\" content=\"Suppenmittagessen - Lammintupa, Ruka-Kuusamo, Finnland\" \/>\n<meta property=\"og:description\" content=\"Ein Suppenmittagessen angeboten, f\u00fcr das unserem Stil entsprechend ausschlie\u00dflich lokale, reine Rohstoffe verwendet werden und das von Anfang bis Ende in unserer eigenen K\u00fcche zubereitet wird.\" \/>\n<meta property=\"og:url\" content=\"https:\/\/lammintupa.fi\/de\/cafe-mahlzeiten\/suppenmittagessen\/\" \/>\n<meta property=\"og:site_name\" content=\"Lammintupa, Ruka-Kuusamo, Finnland\" \/>\n<meta property=\"article:publisher\" content=\"https:\/\/www.facebook.com\/lammintupa\" \/>\n<meta property=\"article:modified_time\" content=\"2026-01-14T09:30:35+00:00\" \/>\n<meta property=\"og:image\" content=\"https:\/\/lammintupa.fi\/wp-content\/uploads\/2022\/08\/lounas-lammintupa.jpg\" \/>\n\t<meta property=\"og:image:width\" content=\"2200\" \/>\n\t<meta property=\"og:image:height\" content=\"1000\" \/>\n\t<meta property=\"og:image:type\" content=\"image\/jpeg\" \/>\n<meta name=\"twitter:card\" content=\"summary_large_image\" \/>\n<meta name=\"twitter:label1\" content=\"Gesch\u00e4tzte Lesezeit\" \/>\n\t<meta name=\"twitter:data1\" content=\"1\u00a0Minute\" \/>\n<script type=\"application\/ld+json\" class=\"yoast-schema-graph\">{\"@context\":\"https:\/\/schema.org\",\"@graph\":[{\"@type\":\"WebPage\",\"@id\":\"https:\/\/lammintupa.fi\/de\/cafe-mahlzeiten\/suppenmittagessen\/\",\"url\":\"https:\/\/lammintupa.fi\/de\/cafe-mahlzeiten\/suppenmittagessen\/\",\"name\":\"Suppenmittagessen - Lammintupa, Ruka-Kuusamo, Finnland\",\"isPartOf\":{\"@id\":\"https:\/\/lammintupa.fi\/de\/#website\"},\"primaryImageOfPage\":{\"@id\":\"https:\/\/lammintupa.fi\/de\/cafe-mahlzeiten\/suppenmittagessen\/#primaryimage\"},\"image\":{\"@id\":\"https:\/\/lammintupa.fi\/de\/cafe-mahlzeiten\/suppenmittagessen\/#primaryimage\"},\"thumbnailUrl\":\"https:\/\/lammintupa.fi\/wp-content\/uploads\/2022\/08\/lounas-lammintupa.jpg\",\"datePublished\":\"2009-11-24T08:21:51+00:00\",\"dateModified\":\"2026-01-14T09:30:35+00:00\",\"description\":\"Ein Suppenmittagessen angeboten, f\u00fcr das unserem Stil entsprechend ausschlie\u00dflich lokale, reine Rohstoffe verwendet werden und das von Anfang bis Ende in unserer eigenen K\u00fcche zubereitet wird.\",\"breadcrumb\":{\"@id\":\"https:\/\/lammintupa.fi\/de\/cafe-mahlzeiten\/suppenmittagessen\/#breadcrumb\"},\"inLanguage\":\"de\",\"potentialAction\":[{\"@type\":\"ReadAction\",\"target\":[\"https:\/\/lammintupa.fi\/de\/cafe-mahlzeiten\/suppenmittagessen\/\"]}]},{\"@type\":\"ImageObject\",\"inLanguage\":\"de\",\"@id\":\"https:\/\/lammintupa.fi\/de\/cafe-mahlzeiten\/suppenmittagessen\/#primaryimage\",\"url\":\"https:\/\/lammintupa.fi\/wp-content\/uploads\/2022\/08\/lounas-lammintupa.jpg\",\"contentUrl\":\"https:\/\/lammintupa.fi\/wp-content\/uploads\/2022\/08\/lounas-lammintupa.jpg\",\"width\":2200,\"height\":1000},{\"@type\":\"BreadcrumbList\",\"@id\":\"https:\/\/lammintupa.fi\/de\/cafe-mahlzeiten\/suppenmittagessen\/#breadcrumb\",\"itemListElement\":[{\"@type\":\"ListItem\",\"position\":1,\"name\":\"Etusivu\",\"item\":\"https:\/\/lammintupa.fi\/de\/\"},{\"@type\":\"ListItem\",\"position\":2,\"name\":\"Cafe &amp; Mahlzeiten\",\"item\":\"https:\/\/lammintupa.fi\/de\/kahvila-ruokailut\/\"},{\"@type\":\"ListItem\",\"position\":3,\"name\":\"Suppenmittagessen\"}]},{\"@type\":\"WebSite\",\"@id\":\"https:\/\/lammintupa.fi\/de\/#website\",\"url\":\"https:\/\/lammintupa.fi\/de\/\",\"name\":\"Lammintupa, Ruka-Kuusamo, Finnland\",\"description\":\"Winterdorf\",\"publisher\":{\"@id\":\"https:\/\/lammintupa.fi\/de\/#organization\"},\"potentialAction\":[{\"@type\":\"SearchAction\",\"target\":{\"@type\":\"EntryPoint\",\"urlTemplate\":\"https:\/\/lammintupa.fi\/de\/?s={search_term_string}\"},\"query-input\":{\"@type\":\"PropertyValueSpecification\",\"valueRequired\":true,\"valueName\":\"search_term_string\"}}],\"inLanguage\":\"de\"},{\"@type\":\"Organization\",\"@id\":\"https:\/\/lammintupa.fi\/de\/#organization\",\"name\":\"Lammintupa, Winter Village\",\"url\":\"https:\/\/lammintupa.fi\/de\/\",\"logo\":{\"@type\":\"ImageObject\",\"inLanguage\":\"de\",\"@id\":\"https:\/\/lammintupa.fi\/de\/#\/schema\/logo\/image\/\",\"url\":\"https:\/\/lammintupa.fi\/wp-content\/uploads\/2022\/07\/lammintupa-logo-vari.svg\",\"contentUrl\":\"https:\/\/lammintupa.fi\/wp-content\/uploads\/2022\/07\/lammintupa-logo-vari.svg\",\"width\":1,\"height\":1,\"caption\":\"Lammintupa, Winter Village\"},\"image\":{\"@id\":\"https:\/\/lammintupa.fi\/de\/#\/schema\/logo\/image\/\"},\"sameAs\":[\"https:\/\/www.facebook.com\/lammintupa\",\"https:\/\/www.instagram.com\/lammintupa\/\",\"https:\/\/www.tripadvisor.fi\/Restaurant_Review-g1841285-d7619405-Reviews-Lammintupa-Rukatunturi_Northern_Ostrobothnia.html\"]}]}<\/script>","yoast_head_json":{"title":"Suppenmittagessen - Lammintupa, Ruka-Kuusamo, Finnland","description":"Ein Suppenmittagessen angeboten, f\u00fcr das unserem Stil entsprechend ausschlie\u00dflich lokale, reine Rohstoffe verwendet werden und das von Anfang bis Ende in unserer eigenen K\u00fcche zubereitet wird.","robots":{"index":"index","follow":"follow","max-snippet":"max-snippet:-1","max-image-preview":"max-image-preview:large","max-video-preview":"max-video-preview:-1"},"canonical":"https:\/\/lammintupa.fi\/de\/cafe-mahlzeiten\/suppenmittagessen\/","og_locale":"de_DE","og_type":"article","og_title":"Suppenmittagessen - Lammintupa, Ruka-Kuusamo, Finnland","og_description":"Ein Suppenmittagessen angeboten, f\u00fcr das unserem Stil entsprechend ausschlie\u00dflich lokale, reine Rohstoffe verwendet werden und das von Anfang bis Ende in unserer eigenen K\u00fcche zubereitet wird.","og_url":"https:\/\/lammintupa.fi\/de\/cafe-mahlzeiten\/suppenmittagessen\/","og_site_name":"Lammintupa, Ruka-Kuusamo, Finnland","article_publisher":"https:\/\/www.facebook.com\/lammintupa","article_modified_time":"2026-01-14T09:30:35+00:00","og_image":[{"width":2200,"height":1000,"url":"https:\/\/lammintupa.fi\/wp-content\/uploads\/2022\/08\/lounas-lammintupa.jpg","type":"image\/jpeg"}],"twitter_card":"summary_large_image","twitter_misc":{"Gesch\u00e4tzte Lesezeit":"1\u00a0Minute"},"schema":{"@context":"https:\/\/schema.org","@graph":[{"@type":"WebPage","@id":"https:\/\/lammintupa.fi\/de\/cafe-mahlzeiten\/suppenmittagessen\/","url":"https:\/\/lammintupa.fi\/de\/cafe-mahlzeiten\/suppenmittagessen\/","name":"Suppenmittagessen - Lammintupa, Ruka-Kuusamo, Finnland","isPartOf":{"@id":"https:\/\/lammintupa.fi\/de\/#website"},"primaryImageOfPage":{"@id":"https:\/\/lammintupa.fi\/de\/cafe-mahlzeiten\/suppenmittagessen\/#primaryimage"},"image":{"@id":"https:\/\/lammintupa.fi\/de\/cafe-mahlzeiten\/suppenmittagessen\/#primaryimage"},"thumbnailUrl":"https:\/\/lammintupa.fi\/wp-content\/uploads\/2022\/08\/lounas-lammintupa.jpg","datePublished":"2009-11-24T08:21:51+00:00","dateModified":"2026-01-14T09:30:35+00:00","description":"Ein Suppenmittagessen angeboten, f\u00fcr das unserem Stil entsprechend ausschlie\u00dflich lokale, reine Rohstoffe verwendet werden und das von Anfang bis Ende in unserer eigenen K\u00fcche zubereitet wird.","breadcrumb":{"@id":"https:\/\/lammintupa.fi\/de\/cafe-mahlzeiten\/suppenmittagessen\/#breadcrumb"},"inLanguage":"de","potentialAction":[{"@type":"ReadAction","target":["https:\/\/lammintupa.fi\/de\/cafe-mahlzeiten\/suppenmittagessen\/"]}]},{"@type":"ImageObject","inLanguage":"de","@id":"https:\/\/lammintupa.fi\/de\/cafe-mahlzeiten\/suppenmittagessen\/#primaryimage","url":"https:\/\/lammintupa.fi\/wp-content\/uploads\/2022\/08\/lounas-lammintupa.jpg","contentUrl":"https:\/\/lammintupa.fi\/wp-content\/uploads\/2022\/08\/lounas-lammintupa.jpg","width":2200,"height":1000},{"@type":"BreadcrumbList","@id":"https:\/\/lammintupa.fi\/de\/cafe-mahlzeiten\/suppenmittagessen\/#breadcrumb","itemListElement":[{"@type":"ListItem","position":1,"name":"Etusivu","item":"https:\/\/lammintupa.fi\/de\/"},{"@type":"ListItem","position":2,"name":"Cafe &amp; Mahlzeiten","item":"https:\/\/lammintupa.fi\/de\/kahvila-ruokailut\/"},{"@type":"ListItem","position":3,"name":"Suppenmittagessen"}]},{"@type":"WebSite","@id":"https:\/\/lammintupa.fi\/de\/#website","url":"https:\/\/lammintupa.fi\/de\/","name":"Lammintupa, Ruka-Kuusamo, Finnland","description":"Winterdorf","publisher":{"@id":"https:\/\/lammintupa.fi\/de\/#organization"},"potentialAction":[{"@type":"SearchAction","target":{"@type":"EntryPoint","urlTemplate":"https:\/\/lammintupa.fi\/de\/?s={search_term_string}"},"query-input":{"@type":"PropertyValueSpecification","valueRequired":true,"valueName":"search_term_string"}}],"inLanguage":"de"},{"@type":"Organization","@id":"https:\/\/lammintupa.fi\/de\/#organization","name":"Lammintupa, Winter Village","url":"https:\/\/lammintupa.fi\/de\/","logo":{"@type":"ImageObject","inLanguage":"de","@id":"https:\/\/lammintupa.fi\/de\/#\/schema\/logo\/image\/","url":"https:\/\/lammintupa.fi\/wp-content\/uploads\/2022\/07\/lammintupa-logo-vari.svg","contentUrl":"https:\/\/lammintupa.fi\/wp-content\/uploads\/2022\/07\/lammintupa-logo-vari.svg","width":1,"height":1,"caption":"Lammintupa, Winter Village"},"image":{"@id":"https:\/\/lammintupa.fi\/de\/#\/schema\/logo\/image\/"},"sameAs":["https:\/\/www.facebook.com\/lammintupa","https:\/\/www.instagram.com\/lammintupa\/","https:\/\/www.tripadvisor.fi\/Restaurant_Review-g1841285-d7619405-Reviews-Lammintupa-Rukatunturi_Northern_Ostrobothnia.html"]}]}},"_links":{"self":[{"href":"https:\/\/lammintupa.fi\/de\/wp-json\/wp\/v2\/pages\/1749","targetHints":{"allow":["GET"]}}],"collection":[{"href":"https:\/\/lammintupa.fi\/de\/wp-json\/wp\/v2\/pages"}],"about":[{"href":"https:\/\/lammintupa.fi\/de\/wp-json\/wp\/v2\/types\/page"}],"author":[{"embeddable":true,"href":"https:\/\/lammintupa.fi\/de\/wp-json\/wp\/v2\/users\/1"}],"replies":[{"embeddable":true,"href":"https:\/\/lammintupa.fi\/de\/wp-json\/wp\/v2\/comments?post=1749"}],"version-history":[{"count":1,"href":"https:\/\/lammintupa.fi\/de\/wp-json\/wp\/v2\/pages\/1749\/revisions"}],"predecessor-version":[{"id":2832,"href":"https:\/\/lammintupa.fi\/de\/wp-json\/wp\/v2\/pages\/1749\/revisions\/2832"}],"up":[{"embeddable":true,"href":"https:\/\/lammintupa.fi\/de\/wp-json\/wp\/v2\/pages\/1729"}],"wp:featuredmedia":[{"embeddable":true,"href":"https:\/\/lammintupa.fi\/de\/wp-json\/wp\/v2\/media\/1314"}],"wp:attachment":[{"href":"https:\/\/lammintupa.fi\/de\/wp-json\/wp\/v2\/media?parent=1749"}],"curies":[{"name":"wp","href":"https:\/\/api.w.org\/{rel}","templated":true}]}}