{"id":1739,"date":"2022-09-28T08:35:24","date_gmt":"2022-09-28T05:35:24","guid":{"rendered":"https:\/\/lammintupa.fi\/cafe-mahlzeiten\/kotaruokailut\/"},"modified":"2025-12-15T16:00:58","modified_gmt":"2025-12-15T14:00:58","slug":"dinner","status":"publish","type":"page","link":"https:\/\/lammintupa.fi\/de\/cafe-mahlzeiten\/dinner\/","title":{"rendered":"Dinner"},"content":{"rendered":"<h1>\n<p>Essen in der\u00a0Rentierstube \u201ePoropirtti\u201c<\/p>\n<\/h1>\n<div>Ein knisterndes Feuer schafft eine warme Atmosph\u00e4re in der lappl\u00e4ndischen Kote. Ich setze mich auf ein Fell und lasse meinen Geist zur Ruhe kommen. Eine warme, dampfende Sch\u00fcssel voll Suppe erweckt meine Sinne. Die echte, k\u00f6stliche Hausmannskost f\u00fcllt meinen Magen mit Behagen.\n<\/div>\n<h1>In der Rentierstube \u201ePoropirtti\u201c<\/h1>\n<div>\n<p>Ein Abendessen mit drei G\u00e4ngen k\u00f6nnen Sie in Verbindung mit den Abendprogrammen in der alten Rentierstube aus Blockbohlen genie\u00dfen.<\/p>\n<p>Buchungen m\u00fcssen sp\u00e4testens am Vortag bis 12 Uhr get\u00e4tigt werden. Mindestens 6 und h\u00f6chstens 40 Personen.<\/p>\n<\/div>\n<p><img decoding=\"async\" src=\"\/wp-content\/uploads\/2022\/09\/lammintupa_poropirtti.jpg\" alt=\"\"><\/p>\n<div>\n<\/div>\n<p><!--more--><br \/>\n<!-- {\"name\":\"kahvila\",\"type\":\"layout\",\"children\":[{\"type\":\"section\",\"props\":{\"animation\":\"slide-bottom-medium\",\"height\":\"viewport\",\"height_offset_top\":true,\"height_viewport\":80,\"image\":\"wp-content\\\/uploads\\\/2015\\\/10\\\/kolmenruokalajinillallinen.jpeg\",\"image_position\":\"center-center\",\"image_size\":\"cover\",\"media_overlay\":\"rgba(0, 0, 0, 0.27)\",\"padding\":\"large\",\"style\":\"default\",\"text_color\":\"light\",\"title_breakpoint\":\"xl\",\"title_position\":\"top-left\",\"title_rotation\":\"left\",\"vertical_align\":\"middle\",\"width\":\"default\"},\"children\":[{\"type\":\"row\",\"children\":[{\"type\":\"column\",\"props\":{\"image_position\":\"center-center\",\"position_sticky_breakpoint\":\"m\"},\"children\":[{\"type\":\"headline\",\"props\":{\"content\":\"\n\n<p>Essen in der\\u00a0Rentierstube \\u201ePoropirtti\\u201c<\\\/p>\",\"margin\":\"small\",\"margin_remove_bottom\":false,\"text_align\":\"left\",\"text_align_breakpoint\":\"s\",\"text_align_fallback\":\"center\",\"title_element\":\"h1\",\"title_style\":\"heading-small\"}},{\"type\":\"text\",\"props\":{\"block_align_breakpoint\":\"s\",\"block_align_fallback\":\"center\",\"column_breakpoint\":\"m\",\"content\":\"Ein knisterndes Feuer schafft eine warme Atmosph\\u00e4re in der lappl\\u00e4ndischen Kote. Ich setze mich auf ein Fell und lasse meinen Geist zur Ruhe kommen. Eine warme, dampfende Sch\\u00fcssel voll Suppe erweckt meine Sinne. Die echte, k\\u00f6stliche Hausmannskost f\\u00fcllt meinen Magen mit Behagen.\\n\",\"margin\":\"default\",\"maxwidth\":\"xlarge\",\"text_align\":\"left\",\"text_align_breakpoint\":\"s\",\"text_align_fallback\":\"center\",\"text_style\":\"lead\"}}]}]}]},{\"name\":\"Contact\",\"type\":\"section\",\"props\":{\"animation\":\"fade\",\"image_position\":\"center-center\",\"image_size\":\"cover\",\"padding_remove_bottom\":false,\"style\":\"default\",\"title_breakpoint\":\"xl\",\"title_position\":\"top-left\",\"title_rotation\":\"left\",\"vertical_align\":\"\",\"width\":\"default\"},\"children\":[{\"type\":\"row\",\"props\":{\"layout\":\"1-2,1-2\"},\"children\":[{\"type\":\"column\",\"props\":{\"image_position\":\"center-center\",\"position_sticky_breakpoint\":\"m\",\"vertical_align\":\"middle\",\"width_medium\":\"1-2\"},\"children\":[{\"type\":\"headline\",\"props\":{\"content\":\"In der Rentierstube \\u201ePoropirtti\\u201c\",\"margin\":\"small\",\"margin_remove_bottom\":false,\"maxwidth\":\"2xlarge\",\"text_align\":\"left\",\"title_element\":\"h1\",\"title_style\":\"heading-small\"}},{\"type\":\"text\",\"props\":{\"column_breakpoint\":\"m\",\"content\":\"\n\n<p>Ein Abendessen mit drei G\\u00e4ngen k\\u00f6nnen Sie in Verbindung mit den Abendprogrammen in der alten Rentierstube aus Blockbohlen genie\\u00dfen.<\\\/p>\\n\n\n<p>Buchungen m\\u00fcssen sp\\u00e4testens am Vortag bis 12 Uhr get\\u00e4tigt werden. Mindestens 6 und h\\u00f6chstens 40 Personen.<\\\/p>\",\"margin\":\"default\"}}]},{\"type\":\"column\",\"props\":{\"image_position\":\"center-center\",\"padding\":\"small\",\"position_sticky_breakpoint\":\"m\",\"width_medium\":\"1-2\"},\"children\":[{\"type\":\"image\",\"props\":{\"image\":\"wp-content\\\/uploads\\\/2022\\\/09\\\/lammintupa_poropirtti.jpg\",\"image_svg_color\":\"emphasis\",\"margin\":\"default\"}}]}]},{\"type\":\"row\",\"children\":[{\"type\":\"column\",\"props\":{\"image_position\":\"center-center\",\"position_sticky_breakpoint\":\"m\",\"width_medium\":\"1-1\"},\"children\":[{\"type\":\"gallery\",\"props\":{\"filter_align\":\"left\",\"filter_all\":true,\"filter_grid_breakpoint\":\"m\",\"filter_grid_width\":\"auto\",\"filter_position\":\"top\",\"filter_style\":\"tab\",\"grid_column_gap\":\"small\",\"grid_default\":\"1\",\"grid_medium\":\"3\",\"grid_row_gap\":\"small\",\"grid_small\":\"2\",\"image_height\":\"800\",\"image_transition\":\"scale-up\",\"image_width\":\"800\",\"item_animation\":true,\"lightbox_bg_close\":true,\"link_style\":\"default\",\"link_text\":\"\",\"margin\":\"default\",\"meta_align\":\"below-title\",\"meta_element\":\"div\",\"meta_style\":\"text-meta\",\"overlay_hover\":false,\"overlay_link\":true,\"overlay_maxwidth\":\"large\",\"overlay_mode\":\"caption\",\"overlay_padding\":\"small\",\"overlay_position\":\"bottom-center\",\"overlay_style\":\"overlay-default\",\"overlay_transition\":\"fade\",\"parallax_easing\":\"1\",\"show_content\":true,\"show_hover_image\":true,\"show_hover_video\":true,\"show_link\":true,\"show_meta\":true,\"show_title\":true,\"text_align\":\"center\",\"text_color\":\"light\",\"text_color_hover\":false,\"title_element\":\"h3\",\"title_hover_style\":\"reset\",\"title_link\":true},\"children\":[{\"type\":\"gallery_item\",\"source\":{\"query\":{\"name\":\"posts.customPosts\",\"arguments\":{\"terms\":[51],\"category_operator\":\"IN\",\"post_tag_operator\":\"IN\",\"users\":[],\"users_operator\":\"IN\",\"offset\":0,\"limit\":10,\"order\":\"title\",\"order_direction\":\"DESC\"}},\"props\":{\"image\":{\"filters\":{\"search\":\"\"},\"name\":\"featuredImage.url\"},\"image_alt\":{\"filters\":{\"search\":\"\"},\"name\":\"featuredImage.alt\"},\"title\":{\"filters\":{\"search\":\"\"},\"name\":\"title\"},\"link\":{\"filters\":{\"search\":\"\"},\"name\":\"link\"}}}}]}]}]}]}],\"version\":\"4.5.32\"} --><\/p>\n","protected":false},"excerpt":{"rendered":"<p>Essen in der\u00a0Rentierstube \u201ePoropirtti\u201c Ein knisterndes Feuer schafft eine warme Atmosph\u00e4re in der lappl\u00e4ndischen Kote. Ich setze mich auf ein Fell und lasse meinen Geist zur Ruhe kommen. Eine warme, dampfende Sch\u00fcssel voll Suppe erweckt meine Sinne. Die echte, k\u00f6stliche Hausmannskost f\u00fcllt meinen Magen mit Behagen. In der Rentierstube \u201ePoropirtti\u201c Ein Abendessen mit drei G\u00e4ngen [&hellip;]<\/p>\n","protected":false},"author":1,"featured_media":1351,"parent":1729,"menu_order":0,"comment_status":"closed","ping_status":"closed","template":"","meta":{"cybocfi_hide_featured_image":"","footnotes":""},"class_list":["post-1739","page","type-page","status-publish","has-post-thumbnail","hentry"],"yoast_head":"<title>Dinner - Lammintupa, Ruka-Kuusamo, Finnland<\/title>\n<meta name=\"description\" content=\"Ein knisterndes Feuer schafft eine warme Atmosph\u00e4re in der lappl\u00e4ndischen Kote. Die echte, k\u00f6stliche Hausmannskost f\u00fcllt meinen Magen mit Behagen.\" \/>\n<meta name=\"robots\" content=\"index, follow, max-snippet:-1, max-image-preview:large, max-video-preview:-1\" \/>\n<link rel=\"canonical\" href=\"https:\/\/lammintupa.fi\/de\/cafe-mahlzeiten\/dinner\/\" \/>\n<meta property=\"og:locale\" content=\"de_DE\" \/>\n<meta property=\"og:type\" content=\"article\" \/>\n<meta property=\"og:title\" content=\"Dinner - Lammintupa, Ruka-Kuusamo, Finnland\" \/>\n<meta property=\"og:description\" content=\"Ein knisterndes Feuer schafft eine warme Atmosph\u00e4re in der lappl\u00e4ndischen Kote. Die echte, k\u00f6stliche Hausmannskost f\u00fcllt meinen Magen mit Behagen.\" \/>\n<meta property=\"og:url\" content=\"https:\/\/lammintupa.fi\/de\/cafe-mahlzeiten\/dinner\/\" \/>\n<meta property=\"og:site_name\" content=\"Lammintupa, Ruka-Kuusamo, Finnland\" \/>\n<meta property=\"article:publisher\" content=\"https:\/\/www.facebook.com\/lammintupa\" \/>\n<meta property=\"article:modified_time\" content=\"2025-12-15T14:00:58+00:00\" \/>\n<meta property=\"og:image\" content=\"https:\/\/lammintupa.fi\/wp-content\/uploads\/2022\/09\/poronkaristys-kodassa.jpg\" \/>\n\t<meta property=\"og:image:width\" content=\"1000\" \/>\n\t<meta property=\"og:image:height\" content=\"600\" \/>\n\t<meta property=\"og:image:type\" content=\"image\/jpeg\" \/>\n<meta name=\"twitter:card\" content=\"summary_large_image\" \/>\n<meta name=\"twitter:label1\" content=\"Gesch\u00e4tzte Lesezeit\" \/>\n\t<meta name=\"twitter:data1\" content=\"2\u00a0Minuten\" \/>\n<script type=\"application\/ld+json\" class=\"yoast-schema-graph\">{\"@context\":\"https:\/\/schema.org\",\"@graph\":[{\"@type\":\"WebPage\",\"@id\":\"https:\/\/lammintupa.fi\/de\/cafe-mahlzeiten\/dinner\/\",\"url\":\"https:\/\/lammintupa.fi\/de\/cafe-mahlzeiten\/dinner\/\",\"name\":\"Dinner - Lammintupa, Ruka-Kuusamo, Finnland\",\"isPartOf\":{\"@id\":\"https:\/\/lammintupa.fi\/de\/#website\"},\"primaryImageOfPage\":{\"@id\":\"https:\/\/lammintupa.fi\/de\/cafe-mahlzeiten\/dinner\/#primaryimage\"},\"image\":{\"@id\":\"https:\/\/lammintupa.fi\/de\/cafe-mahlzeiten\/dinner\/#primaryimage\"},\"thumbnailUrl\":\"https:\/\/lammintupa.fi\/wp-content\/uploads\/2022\/09\/poronkaristys-kodassa.jpg\",\"datePublished\":\"2022-09-28T05:35:24+00:00\",\"dateModified\":\"2025-12-15T14:00:58+00:00\",\"description\":\"Ein knisterndes Feuer schafft eine warme Atmosph\u00e4re in der lappl\u00e4ndischen Kote. Die echte, k\u00f6stliche Hausmannskost f\u00fcllt meinen Magen mit Behagen.\",\"breadcrumb\":{\"@id\":\"https:\/\/lammintupa.fi\/de\/cafe-mahlzeiten\/dinner\/#breadcrumb\"},\"inLanguage\":\"de\",\"potentialAction\":[{\"@type\":\"ReadAction\",\"target\":[\"https:\/\/lammintupa.fi\/de\/cafe-mahlzeiten\/dinner\/\"]}]},{\"@type\":\"ImageObject\",\"inLanguage\":\"de\",\"@id\":\"https:\/\/lammintupa.fi\/de\/cafe-mahlzeiten\/dinner\/#primaryimage\",\"url\":\"https:\/\/lammintupa.fi\/wp-content\/uploads\/2022\/09\/poronkaristys-kodassa.jpg\",\"contentUrl\":\"https:\/\/lammintupa.fi\/wp-content\/uploads\/2022\/09\/poronkaristys-kodassa.jpg\",\"width\":1000,\"height\":600},{\"@type\":\"BreadcrumbList\",\"@id\":\"https:\/\/lammintupa.fi\/de\/cafe-mahlzeiten\/dinner\/#breadcrumb\",\"itemListElement\":[{\"@type\":\"ListItem\",\"position\":1,\"name\":\"Etusivu\",\"item\":\"https:\/\/lammintupa.fi\/de\/\"},{\"@type\":\"ListItem\",\"position\":2,\"name\":\"Cafe &amp; Mahlzeiten\",\"item\":\"https:\/\/lammintupa.fi\/de\/kahvila-ruokailut\/\"},{\"@type\":\"ListItem\",\"position\":3,\"name\":\"Dinner\"}]},{\"@type\":\"WebSite\",\"@id\":\"https:\/\/lammintupa.fi\/de\/#website\",\"url\":\"https:\/\/lammintupa.fi\/de\/\",\"name\":\"Lammintupa, Ruka-Kuusamo, Finnland\",\"description\":\"Winterdorf\",\"publisher\":{\"@id\":\"https:\/\/lammintupa.fi\/de\/#organization\"},\"potentialAction\":[{\"@type\":\"SearchAction\",\"target\":{\"@type\":\"EntryPoint\",\"urlTemplate\":\"https:\/\/lammintupa.fi\/de\/?s={search_term_string}\"},\"query-input\":{\"@type\":\"PropertyValueSpecification\",\"valueRequired\":true,\"valueName\":\"search_term_string\"}}],\"inLanguage\":\"de\"},{\"@type\":\"Organization\",\"@id\":\"https:\/\/lammintupa.fi\/de\/#organization\",\"name\":\"Lammintupa, Winter Village\",\"url\":\"https:\/\/lammintupa.fi\/de\/\",\"logo\":{\"@type\":\"ImageObject\",\"inLanguage\":\"de\",\"@id\":\"https:\/\/lammintupa.fi\/de\/#\/schema\/logo\/image\/\",\"url\":\"https:\/\/lammintupa.fi\/wp-content\/uploads\/2022\/07\/lammintupa-logo-vari.svg\",\"contentUrl\":\"https:\/\/lammintupa.fi\/wp-content\/uploads\/2022\/07\/lammintupa-logo-vari.svg\",\"width\":1,\"height\":1,\"caption\":\"Lammintupa, Winter Village\"},\"image\":{\"@id\":\"https:\/\/lammintupa.fi\/de\/#\/schema\/logo\/image\/\"},\"sameAs\":[\"https:\/\/www.facebook.com\/lammintupa\",\"https:\/\/www.instagram.com\/lammintupa\/\",\"https:\/\/www.tripadvisor.fi\/Restaurant_Review-g1841285-d7619405-Reviews-Lammintupa-Rukatunturi_Northern_Ostrobothnia.html\"]}]}<\/script>","yoast_head_json":{"title":"Dinner - Lammintupa, Ruka-Kuusamo, Finnland","description":"Ein knisterndes Feuer schafft eine warme Atmosph\u00e4re in der lappl\u00e4ndischen Kote. Die echte, k\u00f6stliche Hausmannskost f\u00fcllt meinen Magen mit Behagen.","robots":{"index":"index","follow":"follow","max-snippet":"max-snippet:-1","max-image-preview":"max-image-preview:large","max-video-preview":"max-video-preview:-1"},"canonical":"https:\/\/lammintupa.fi\/de\/cafe-mahlzeiten\/dinner\/","og_locale":"de_DE","og_type":"article","og_title":"Dinner - Lammintupa, Ruka-Kuusamo, Finnland","og_description":"Ein knisterndes Feuer schafft eine warme Atmosph\u00e4re in der lappl\u00e4ndischen Kote. Die echte, k\u00f6stliche Hausmannskost f\u00fcllt meinen Magen mit Behagen.","og_url":"https:\/\/lammintupa.fi\/de\/cafe-mahlzeiten\/dinner\/","og_site_name":"Lammintupa, Ruka-Kuusamo, Finnland","article_publisher":"https:\/\/www.facebook.com\/lammintupa","article_modified_time":"2025-12-15T14:00:58+00:00","og_image":[{"width":1000,"height":600,"url":"https:\/\/lammintupa.fi\/wp-content\/uploads\/2022\/09\/poronkaristys-kodassa.jpg","type":"image\/jpeg"}],"twitter_card":"summary_large_image","twitter_misc":{"Gesch\u00e4tzte Lesezeit":"2\u00a0Minuten"},"schema":{"@context":"https:\/\/schema.org","@graph":[{"@type":"WebPage","@id":"https:\/\/lammintupa.fi\/de\/cafe-mahlzeiten\/dinner\/","url":"https:\/\/lammintupa.fi\/de\/cafe-mahlzeiten\/dinner\/","name":"Dinner - Lammintupa, Ruka-Kuusamo, Finnland","isPartOf":{"@id":"https:\/\/lammintupa.fi\/de\/#website"},"primaryImageOfPage":{"@id":"https:\/\/lammintupa.fi\/de\/cafe-mahlzeiten\/dinner\/#primaryimage"},"image":{"@id":"https:\/\/lammintupa.fi\/de\/cafe-mahlzeiten\/dinner\/#primaryimage"},"thumbnailUrl":"https:\/\/lammintupa.fi\/wp-content\/uploads\/2022\/09\/poronkaristys-kodassa.jpg","datePublished":"2022-09-28T05:35:24+00:00","dateModified":"2025-12-15T14:00:58+00:00","description":"Ein knisterndes Feuer schafft eine warme Atmosph\u00e4re in der lappl\u00e4ndischen Kote. Die echte, k\u00f6stliche Hausmannskost f\u00fcllt meinen Magen mit Behagen.","breadcrumb":{"@id":"https:\/\/lammintupa.fi\/de\/cafe-mahlzeiten\/dinner\/#breadcrumb"},"inLanguage":"de","potentialAction":[{"@type":"ReadAction","target":["https:\/\/lammintupa.fi\/de\/cafe-mahlzeiten\/dinner\/"]}]},{"@type":"ImageObject","inLanguage":"de","@id":"https:\/\/lammintupa.fi\/de\/cafe-mahlzeiten\/dinner\/#primaryimage","url":"https:\/\/lammintupa.fi\/wp-content\/uploads\/2022\/09\/poronkaristys-kodassa.jpg","contentUrl":"https:\/\/lammintupa.fi\/wp-content\/uploads\/2022\/09\/poronkaristys-kodassa.jpg","width":1000,"height":600},{"@type":"BreadcrumbList","@id":"https:\/\/lammintupa.fi\/de\/cafe-mahlzeiten\/dinner\/#breadcrumb","itemListElement":[{"@type":"ListItem","position":1,"name":"Etusivu","item":"https:\/\/lammintupa.fi\/de\/"},{"@type":"ListItem","position":2,"name":"Cafe &amp; Mahlzeiten","item":"https:\/\/lammintupa.fi\/de\/kahvila-ruokailut\/"},{"@type":"ListItem","position":3,"name":"Dinner"}]},{"@type":"WebSite","@id":"https:\/\/lammintupa.fi\/de\/#website","url":"https:\/\/lammintupa.fi\/de\/","name":"Lammintupa, Ruka-Kuusamo, Finnland","description":"Winterdorf","publisher":{"@id":"https:\/\/lammintupa.fi\/de\/#organization"},"potentialAction":[{"@type":"SearchAction","target":{"@type":"EntryPoint","urlTemplate":"https:\/\/lammintupa.fi\/de\/?s={search_term_string}"},"query-input":{"@type":"PropertyValueSpecification","valueRequired":true,"valueName":"search_term_string"}}],"inLanguage":"de"},{"@type":"Organization","@id":"https:\/\/lammintupa.fi\/de\/#organization","name":"Lammintupa, Winter Village","url":"https:\/\/lammintupa.fi\/de\/","logo":{"@type":"ImageObject","inLanguage":"de","@id":"https:\/\/lammintupa.fi\/de\/#\/schema\/logo\/image\/","url":"https:\/\/lammintupa.fi\/wp-content\/uploads\/2022\/07\/lammintupa-logo-vari.svg","contentUrl":"https:\/\/lammintupa.fi\/wp-content\/uploads\/2022\/07\/lammintupa-logo-vari.svg","width":1,"height":1,"caption":"Lammintupa, Winter Village"},"image":{"@id":"https:\/\/lammintupa.fi\/de\/#\/schema\/logo\/image\/"},"sameAs":["https:\/\/www.facebook.com\/lammintupa","https:\/\/www.instagram.com\/lammintupa\/","https:\/\/www.tripadvisor.fi\/Restaurant_Review-g1841285-d7619405-Reviews-Lammintupa-Rukatunturi_Northern_Ostrobothnia.html"]}]}},"_links":{"self":[{"href":"https:\/\/lammintupa.fi\/de\/wp-json\/wp\/v2\/pages\/1739","targetHints":{"allow":["GET"]}}],"collection":[{"href":"https:\/\/lammintupa.fi\/de\/wp-json\/wp\/v2\/pages"}],"about":[{"href":"https:\/\/lammintupa.fi\/de\/wp-json\/wp\/v2\/types\/page"}],"author":[{"embeddable":true,"href":"https:\/\/lammintupa.fi\/de\/wp-json\/wp\/v2\/users\/1"}],"replies":[{"embeddable":true,"href":"https:\/\/lammintupa.fi\/de\/wp-json\/wp\/v2\/comments?post=1739"}],"version-history":[{"count":3,"href":"https:\/\/lammintupa.fi\/de\/wp-json\/wp\/v2\/pages\/1739\/revisions"}],"predecessor-version":[{"id":2807,"href":"https:\/\/lammintupa.fi\/de\/wp-json\/wp\/v2\/pages\/1739\/revisions\/2807"}],"up":[{"embeddable":true,"href":"https:\/\/lammintupa.fi\/de\/wp-json\/wp\/v2\/pages\/1729"}],"wp:featuredmedia":[{"embeddable":true,"href":"https:\/\/lammintupa.fi\/de\/wp-json\/wp\/v2\/media\/1351"}],"wp:attachment":[{"href":"https:\/\/lammintupa.fi\/de\/wp-json\/wp\/v2\/media?parent=1739"}],"curies":[{"name":"wp","href":"https:\/\/api.w.org\/{rel}","templated":true}]}}