{"id":1724,"date":"2009-01-14T08:53:38","date_gmt":"2009-01-14T06:53:38","guid":{"rendered":"https:\/\/lammintupa.fi\/lastenmaa\/"},"modified":"2023-11-23T10:55:29","modified_gmt":"2023-11-23T08:55:29","slug":"kinderwelt","status":"publish","type":"page","link":"https:\/\/lammintupa.fi\/de\/kinderwelt\/","title":{"rendered":"Kinderwelt"},"content":{"rendered":"<h1>Spa\u00df im Schnee in Lammintupa<\/h1>\n<div>Die Schlittenkarusselle, der Rodelh\u00fcgel sowie der saubere wei\u00dfe Schnee in der Kinderwelt garantieren jedem Spa\u00df und Tempo. So genie\u00dft die gesamte Familie die Zeit an der frischen Luft.\n<\/div>\n<h2>F\u00fcr die ganze Familie<\/h2>\n<div>\n<p>In der inspirierenden Kinderwelt von Lammintupa gef\u00e4llt es nicht nur den Kindern, sondern auch den Erwachsenen. Die Kinderwelt ist geb\u00fchrenfrei und die Kunden haben zu den \u00d6ffnungszeiten des Caf\u00e9s freien Zutritt.<\/p>\n<ul>\n<li>Rodelh\u00fcgel<\/li>\n<li>Tunnelbahn<\/li>\n<li>Schlittenkarussell<\/li>\n<\/ul>\n<\/div>\n<ul>\n<li>\n<p>        <img decoding=\"async\" src=\"\/wp-content\/uploads\/2022\/08\/lastenmaa-lumitunneli.jpg\" alt=\"\"><\/p>\n<h3>lastenmaa-lumitunneli<\/h3>\n<\/li>\n<li>\n<p>        <img decoding=\"async\" src=\"\/wp-content\/uploads\/2022\/08\/lastenmoottorikelkailu.jpg\" alt=\"\"><\/p>\n<h3>lastenmoottorikelkailu<\/h3>\n<\/li>\n<li>\n<p>        <img decoding=\"async\" src=\"\/wp-content\/uploads\/2022\/08\/kiikku-lammintupa.jpg\" alt=\"\"><\/p>\n<h3>kiikku-lammintupa<\/h3>\n<\/li>\n<li>\n<p>        <img decoding=\"async\" src=\"\/wp-content\/uploads\/2022\/08\/kiipeilykoydet-lammintupa.jpg\" alt=\"\"><\/p>\n<h3>kiipeilykoydet-lammintupa<\/h3>\n<\/li>\n<li>\n<p>        <img decoding=\"async\" src=\"\/wp-content\/uploads\/2022\/08\/pyllymaki-lammintupa.jpg\" alt=\"\"><\/p>\n<h3>pyllymaki-lammintupa<\/h3>\n<\/li>\n<li>\n<p>        <img decoding=\"async\" src=\"\/wp-content\/uploads\/2022\/08\/napakelkka-lammintupa.jpg\" alt=\"\"><\/p>\n<h3>napakelkka-lammintupa<\/h3>\n<\/li>\n<\/ul>\n<div><script type=\"text\/javascript\" src=\"https:\/\/widgets.bokun.io\/assets\/javascripts\/apps\/build\/BokunWidgetsLoader.js?bookingChannelUUID=b1e8f542-926d-4cba-9bc0-65d5335d0de1\" async><\/script><\/p>\n<div class=\"bokunWidget\" data-src=\"https:\/\/widgets.bokun.io\/online-sales\/b1e8f542-926d-4cba-9bc0-65d5335d0de1\/experience\/76332\"><\/div>\n<p>    <noscript>Please enable javascript in your browser to book<\/noscript>\n<\/div>\n<p><!--more--><br \/>\n<!-- {\"type\":\"layout\",\"children\":[{\"type\":\"section\",\"props\":{\"animation\":\"slide-bottom-medium\",\"height\":\"percent\",\"image\":\"wp-content\\\/uploads\\\/2022\\\/08\\\/lastenmaa-pulkkamaki.jpg\",\"image_position\":\"center-center\",\"image_size\":\"cover\",\"media_overlay\":\"rgba(0, 0, 0, 0.13)\",\"media_visibility\":\"s\",\"padding\":\"large\",\"preserve_color\":false,\"style\":\"secondary\",\"title_breakpoint\":\"xl\",\"title_position\":\"top-left\",\"title_rotation\":\"left\",\"vertical_align\":\"middle\",\"width\":\"default\"},\"children\":[{\"type\":\"row\",\"children\":[{\"type\":\"column\",\"props\":{\"image_position\":\"center-center\",\"position_sticky_breakpoint\":\"m\"},\"children\":[{\"type\":\"headline\",\"props\":{\"content\":\"Spa\\u00df im Schnee in Lammintupa\",\"margin\":\"small\",\"margin_remove_bottom\":false,\"text_align\":\"left\",\"text_align_breakpoint\":\"s\",\"text_align_fallback\":\"center\",\"title_element\":\"h1\",\"title_style\":\"heading-small\"}},{\"type\":\"text\",\"props\":{\"block_align_breakpoint\":\"s\",\"block_align_fallback\":\"center\",\"column_breakpoint\":\"m\",\"content\":\"Die Schlittenkarusselle, der Rodelh\\u00fcgel sowie der saubere wei\\u00dfe Schnee in der Kinderwelt garantieren jedem Spa\\u00df und Tempo. So genie\\u00dft die gesamte Familie die Zeit an der frischen Luft.\\n\",\"margin\":\"default\",\"maxwidth\":\"large\",\"text_align\":\"left\",\"text_align_breakpoint\":\"s\",\"text_align_fallback\":\"center\",\"text_style\":\"lead\"}}]}]}]},{\"type\":\"section\",\"props\":{\"image_position\":\"center-center\",\"style\":\"default\",\"title_breakpoint\":\"xl\",\"title_position\":\"top-left\",\"title_rotation\":\"left\",\"vertical_align\":\"middle\",\"width\":\"default\"},\"children\":[{\"type\":\"row\",\"children\":[{\"type\":\"column\",\"props\":{\"image_position\":\"center-center\",\"position_sticky_breakpoint\":\"m\",\"style\":\"tile-default\",\"vertical_align\":\"middle\",\"width_medium\":\"1-2\"},\"children\":[{\"type\":\"headline\",\"props\":{\"content\":\"F\\u00fcr die ganze Familie\",\"title_element\":\"h2\",\"title_style\":\"h2\"}},{\"type\":\"text\",\"props\":{\"column\":\"1-2\",\"column_breakpoint\":\"m\",\"content\":\"\n\n<p>In der inspirierenden Kinderwelt von Lammintupa gef\\u00e4llt es nicht nur den Kindern, sondern auch den Erwachsenen. Die Kinderwelt ist geb\\u00fchrenfrei und die Kunden haben zu den \\u00d6ffnungszeiten des Caf\\u00e9s freien Zutritt.<\\\/p>\\n\n\n<ul>\\n\n\n<li>Rodelh\\u00fcgel<\\\/li>\\n\n\n<li>Tunnelbahn<\\\/li>\\n\n\n<li>Schlittenkarussell<\\\/li>\\n<\\\/ul>\",\"margin\":\"default\"}}]},{\"type\":\"column\",\"props\":{\"image_position\":\"center-center\",\"position_sticky_breakpoint\":\"m\",\"width_medium\":\"1-2\"},\"children\":[{\"type\":\"slideshow\",\"props\":{\"link_style\":\"default\",\"link_text\":\"Read more\",\"margin\":\"default\",\"meta_align\":\"below-title\",\"meta_element\":\"div\",\"meta_style\":\"text-meta\",\"nav\":\"dotnav\",\"nav_align\":\"center\",\"nav_breakpoint\":\"s\",\"nav_position\":\"bottom-center\",\"nav_position_margin\":\"medium\",\"overlay_animation\":\"parallax\",\"overlay_position\":\"center-left\",\"show_content\":false,\"show_link\":true,\"show_meta\":false,\"show_thumbnail\":true,\"show_title\":false,\"slidenav\":\"default\",\"slidenav_breakpoint\":\"s\",\"slidenav_margin\":\"medium\",\"slidenav_outside_breakpoint\":\"xl\",\"slideshow_autoplay\":true,\"slideshow_autoplay_pause\":true,\"slideshow_min_height\":300,\"thumbnav_height\":\"75\",\"thumbnav_svg_color\":\"emphasis\",\"thumbnav_width\":\"100\",\"title_element\":\"h3\"},\"children\":[{\"type\":\"slideshow_item\",\"props\":{\"image\":\"wp-content\\\/uploads\\\/2022\\\/08\\\/lastenmaa-lumitunneli.jpg\",\"title\":\"lastenmaa-lumitunneli\"}},{\"type\":\"slideshow_item\",\"props\":{\"image\":\"wp-content\\\/uploads\\\/2022\\\/08\\\/lastenmoottorikelkailu.jpg\",\"title\":\"lastenmoottorikelkailu\"}},{\"type\":\"slideshow_item\",\"props\":{\"image\":\"wp-content\\\/uploads\\\/2022\\\/08\\\/kiikku-lammintupa.jpg\",\"title\":\"kiikku-lammintupa\"}},{\"type\":\"slideshow_item\",\"props\":{\"image\":\"wp-content\\\/uploads\\\/2022\\\/08\\\/kiipeilykoydet-lammintupa.jpg\",\"title\":\"kiipeilykoydet-lammintupa\"}},{\"type\":\"slideshow_item\",\"props\":{\"image\":\"wp-content\\\/uploads\\\/2022\\\/08\\\/pyllymaki-lammintupa.jpg\",\"title\":\"pyllymaki-lammintupa\"}},{\"type\":\"slideshow_item\",\"props\":{\"image\":\"wp-content\\\/uploads\\\/2022\\\/08\\\/napakelkka-lammintupa.jpg\",\"title\":\"napakelkka-lammintupa\"}}]}]}],\"props\":{\"layout\":\"1-2,1-2\"}}]},{\"type\":\"section\",\"props\":{\"id\":\"sm\",\"image_position\":\"center-center\",\"padding_remove_top\":true,\"style\":\"default\",\"title_breakpoint\":\"xl\",\"title_position\":\"top-left\",\"title_rotation\":\"left\",\"vertical_align\":\"middle\",\"width\":\"default\"},\"children\":[{\"type\":\"row\",\"children\":[{\"type\":\"column\",\"props\":{\"image_position\":\"center-center\",\"position_sticky_breakpoint\":\"m\"},\"children\":[{\"type\":\"text\",\"props\":{\"column_breakpoint\":\"m\",\"content\":\"<script type=\\\"text\\\/javascript\\\" src=\\\"https:\\\/\\\/widgets.bokun.io\\\/assets\\\/javascripts\\\/apps\\\/build\\\/BokunWidgetsLoader.js?bookingChannelUUID=b1e8f542-926d-4cba-9bc0-65d5335d0de1\\\" async><\\\/script>\\n     \\n    \n\n<div class=\\\"bokunWidget\\\" data-src=\\\"https:\\\/\\\/widgets.bokun.io\\\/online-sales\\\/b1e8f542-926d-4cba-9bc0-65d5335d0de1\\\/experience\\\/76332\\\"><\\\/div>\\n    <noscript>Please enable javascript in your browser to book<\\\/noscript>\\n\",\"margin\":\"default\"}}]}]}]}],\"version\":\"4.1.2\"} --><\/p>\n","protected":false},"excerpt":{"rendered":"<p>Spa\u00df im Schnee in Lammintupa Die Schlittenkarusselle, der Rodelh\u00fcgel sowie der saubere wei\u00dfe Schnee in der Kinderwelt garantieren jedem Spa\u00df und Tempo. So genie\u00dft die gesamte Familie die Zeit an der frischen Luft. F\u00fcr die ganze Familie In der inspirierenden Kinderwelt von Lammintupa gef\u00e4llt es nicht nur den Kindern, sondern auch den Erwachsenen. Die Kinderwelt [&hellip;]<\/p>\n","protected":false},"author":1,"featured_media":1364,"parent":0,"menu_order":11,"comment_status":"closed","ping_status":"closed","template":"","meta":{"cybocfi_hide_featured_image":"","footnotes":""},"class_list":["post-1724","page","type-page","status-publish","has-post-thumbnail","hentry"],"yoast_head":"<!-- This site is optimized with the Yoast SEO plugin v27.4 - https:\/\/yoast.com\/product\/yoast-seo-wordpress\/ -->\n<title>Kinderwelt - Lammintupa, Ruka-Kuusamo, Finnland<\/title>\n<meta name=\"description\" content=\"Die Schlittenkarusselle, der Rodelh\u00fcgel sowie der saubere wei\u00dfe Schnee in der Kinderwelt garantieren jedem Spa\u00df und Tempo.\" \/>\n<meta name=\"robots\" content=\"index, follow, max-snippet:-1, max-image-preview:large, max-video-preview:-1\" \/>\n<link rel=\"canonical\" href=\"https:\/\/lammintupa.fi\/de\/kinderwelt\/\" \/>\n<meta property=\"og:locale\" content=\"de_DE\" \/>\n<meta property=\"og:type\" content=\"article\" \/>\n<meta property=\"og:title\" content=\"Kinderwelt - Lammintupa, Ruka-Kuusamo, Finnland\" \/>\n<meta property=\"og:description\" content=\"Die Schlittenkarusselle, der Rodelh\u00fcgel sowie der saubere wei\u00dfe Schnee in der Kinderwelt garantieren jedem Spa\u00df und Tempo.\" \/>\n<meta property=\"og:url\" content=\"https:\/\/lammintupa.fi\/de\/kinderwelt\/\" \/>\n<meta property=\"og:site_name\" content=\"Lammintupa, Ruka-Kuusamo, Finnland\" \/>\n<meta property=\"article:publisher\" content=\"https:\/\/www.facebook.com\/lammintupa\" \/>\n<meta property=\"article:modified_time\" content=\"2023-11-23T08:55:29+00:00\" \/>\n<meta property=\"og:image\" content=\"https:\/\/lammintupa.fi\/wp-content\/uploads\/2022\/10\/lastenmaa-etusivu.jpg\" \/>\n\t<meta property=\"og:image:width\" content=\"610\" \/>\n\t<meta property=\"og:image:height\" content=\"1000\" \/>\n\t<meta property=\"og:image:type\" content=\"image\/jpeg\" \/>\n<meta name=\"twitter:card\" content=\"summary_large_image\" \/>\n<meta name=\"twitter:label1\" content=\"Gesch\u00e4tzte Lesezeit\" \/>\n\t<meta name=\"twitter:data1\" content=\"3\u00a0Minuten\" \/>\n<script type=\"application\/ld+json\" class=\"yoast-schema-graph\">{\"@context\":\"https:\\\/\\\/schema.org\",\"@graph\":[{\"@type\":\"WebPage\",\"@id\":\"https:\\\/\\\/lammintupa.fi\\\/de\\\/kinderwelt\\\/\",\"url\":\"https:\\\/\\\/lammintupa.fi\\\/de\\\/kinderwelt\\\/\",\"name\":\"Kinderwelt - Lammintupa, Ruka-Kuusamo, Finnland\",\"isPartOf\":{\"@id\":\"https:\\\/\\\/lammintupa.fi\\\/de\\\/#website\"},\"primaryImageOfPage\":{\"@id\":\"https:\\\/\\\/lammintupa.fi\\\/de\\\/kinderwelt\\\/#primaryimage\"},\"image\":{\"@id\":\"https:\\\/\\\/lammintupa.fi\\\/de\\\/kinderwelt\\\/#primaryimage\"},\"thumbnailUrl\":\"https:\\\/\\\/lammintupa.fi\\\/wp-content\\\/uploads\\\/2022\\\/10\\\/lastenmaa-etusivu.jpg\",\"datePublished\":\"2009-01-14T06:53:38+00:00\",\"dateModified\":\"2023-11-23T08:55:29+00:00\",\"description\":\"Die Schlittenkarusselle, der Rodelh\u00fcgel sowie der saubere wei\u00dfe Schnee in der Kinderwelt garantieren jedem Spa\u00df und Tempo.\",\"breadcrumb\":{\"@id\":\"https:\\\/\\\/lammintupa.fi\\\/de\\\/kinderwelt\\\/#breadcrumb\"},\"inLanguage\":\"de\",\"potentialAction\":[{\"@type\":\"ReadAction\",\"target\":[\"https:\\\/\\\/lammintupa.fi\\\/de\\\/kinderwelt\\\/\"]}]},{\"@type\":\"ImageObject\",\"inLanguage\":\"de\",\"@id\":\"https:\\\/\\\/lammintupa.fi\\\/de\\\/kinderwelt\\\/#primaryimage\",\"url\":\"https:\\\/\\\/lammintupa.fi\\\/wp-content\\\/uploads\\\/2022\\\/10\\\/lastenmaa-etusivu.jpg\",\"contentUrl\":\"https:\\\/\\\/lammintupa.fi\\\/wp-content\\\/uploads\\\/2022\\\/10\\\/lastenmaa-etusivu.jpg\",\"width\":610,\"height\":1000},{\"@type\":\"BreadcrumbList\",\"@id\":\"https:\\\/\\\/lammintupa.fi\\\/de\\\/kinderwelt\\\/#breadcrumb\",\"itemListElement\":[{\"@type\":\"ListItem\",\"position\":1,\"name\":\"Etusivu\",\"item\":\"https:\\\/\\\/lammintupa.fi\\\/de\\\/\"},{\"@type\":\"ListItem\",\"position\":2,\"name\":\"Kinderwelt\"}]},{\"@type\":\"WebSite\",\"@id\":\"https:\\\/\\\/lammintupa.fi\\\/de\\\/#website\",\"url\":\"https:\\\/\\\/lammintupa.fi\\\/de\\\/\",\"name\":\"Lammintupa, Ruka-Kuusamo, Finnland\",\"description\":\"Winterdorf\",\"publisher\":{\"@id\":\"https:\\\/\\\/lammintupa.fi\\\/de\\\/#organization\"},\"potentialAction\":[{\"@type\":\"SearchAction\",\"target\":{\"@type\":\"EntryPoint\",\"urlTemplate\":\"https:\\\/\\\/lammintupa.fi\\\/de\\\/?s={search_term_string}\"},\"query-input\":{\"@type\":\"PropertyValueSpecification\",\"valueRequired\":true,\"valueName\":\"search_term_string\"}}],\"inLanguage\":\"de\"},{\"@type\":\"Organization\",\"@id\":\"https:\\\/\\\/lammintupa.fi\\\/de\\\/#organization\",\"name\":\"Lammintupa, Winter Village\",\"url\":\"https:\\\/\\\/lammintupa.fi\\\/de\\\/\",\"logo\":{\"@type\":\"ImageObject\",\"inLanguage\":\"de\",\"@id\":\"https:\\\/\\\/lammintupa.fi\\\/de\\\/#\\\/schema\\\/logo\\\/image\\\/\",\"url\":\"https:\\\/\\\/lammintupa.fi\\\/wp-content\\\/uploads\\\/2022\\\/07\\\/lammintupa-logo-vari.svg\",\"contentUrl\":\"https:\\\/\\\/lammintupa.fi\\\/wp-content\\\/uploads\\\/2022\\\/07\\\/lammintupa-logo-vari.svg\",\"width\":1,\"height\":1,\"caption\":\"Lammintupa, Winter Village\"},\"image\":{\"@id\":\"https:\\\/\\\/lammintupa.fi\\\/de\\\/#\\\/schema\\\/logo\\\/image\\\/\"},\"sameAs\":[\"https:\\\/\\\/www.facebook.com\\\/lammintupa\",\"https:\\\/\\\/www.instagram.com\\\/lammintupa\\\/\",\"https:\\\/\\\/www.tripadvisor.fi\\\/Restaurant_Review-g1841285-d7619405-Reviews-Lammintupa-Rukatunturi_Northern_Ostrobothnia.html\"]}]}<\/script>\n<!-- \/ Yoast SEO plugin. -->","yoast_head_json":{"title":"Kinderwelt - Lammintupa, Ruka-Kuusamo, Finnland","description":"Die Schlittenkarusselle, der Rodelh\u00fcgel sowie der saubere wei\u00dfe Schnee in der Kinderwelt garantieren jedem Spa\u00df und Tempo.","robots":{"index":"index","follow":"follow","max-snippet":"max-snippet:-1","max-image-preview":"max-image-preview:large","max-video-preview":"max-video-preview:-1"},"canonical":"https:\/\/lammintupa.fi\/de\/kinderwelt\/","og_locale":"de_DE","og_type":"article","og_title":"Kinderwelt - Lammintupa, Ruka-Kuusamo, Finnland","og_description":"Die Schlittenkarusselle, der Rodelh\u00fcgel sowie der saubere wei\u00dfe Schnee in der Kinderwelt garantieren jedem Spa\u00df und Tempo.","og_url":"https:\/\/lammintupa.fi\/de\/kinderwelt\/","og_site_name":"Lammintupa, Ruka-Kuusamo, Finnland","article_publisher":"https:\/\/www.facebook.com\/lammintupa","article_modified_time":"2023-11-23T08:55:29+00:00","og_image":[{"width":610,"height":1000,"url":"https:\/\/lammintupa.fi\/wp-content\/uploads\/2022\/10\/lastenmaa-etusivu.jpg","type":"image\/jpeg"}],"twitter_card":"summary_large_image","twitter_misc":{"Gesch\u00e4tzte Lesezeit":"3\u00a0Minuten"},"schema":{"@context":"https:\/\/schema.org","@graph":[{"@type":"WebPage","@id":"https:\/\/lammintupa.fi\/de\/kinderwelt\/","url":"https:\/\/lammintupa.fi\/de\/kinderwelt\/","name":"Kinderwelt - Lammintupa, Ruka-Kuusamo, Finnland","isPartOf":{"@id":"https:\/\/lammintupa.fi\/de\/#website"},"primaryImageOfPage":{"@id":"https:\/\/lammintupa.fi\/de\/kinderwelt\/#primaryimage"},"image":{"@id":"https:\/\/lammintupa.fi\/de\/kinderwelt\/#primaryimage"},"thumbnailUrl":"https:\/\/lammintupa.fi\/wp-content\/uploads\/2022\/10\/lastenmaa-etusivu.jpg","datePublished":"2009-01-14T06:53:38+00:00","dateModified":"2023-11-23T08:55:29+00:00","description":"Die Schlittenkarusselle, der Rodelh\u00fcgel sowie der saubere wei\u00dfe Schnee in der Kinderwelt garantieren jedem Spa\u00df und Tempo.","breadcrumb":{"@id":"https:\/\/lammintupa.fi\/de\/kinderwelt\/#breadcrumb"},"inLanguage":"de","potentialAction":[{"@type":"ReadAction","target":["https:\/\/lammintupa.fi\/de\/kinderwelt\/"]}]},{"@type":"ImageObject","inLanguage":"de","@id":"https:\/\/lammintupa.fi\/de\/kinderwelt\/#primaryimage","url":"https:\/\/lammintupa.fi\/wp-content\/uploads\/2022\/10\/lastenmaa-etusivu.jpg","contentUrl":"https:\/\/lammintupa.fi\/wp-content\/uploads\/2022\/10\/lastenmaa-etusivu.jpg","width":610,"height":1000},{"@type":"BreadcrumbList","@id":"https:\/\/lammintupa.fi\/de\/kinderwelt\/#breadcrumb","itemListElement":[{"@type":"ListItem","position":1,"name":"Etusivu","item":"https:\/\/lammintupa.fi\/de\/"},{"@type":"ListItem","position":2,"name":"Kinderwelt"}]},{"@type":"WebSite","@id":"https:\/\/lammintupa.fi\/de\/#website","url":"https:\/\/lammintupa.fi\/de\/","name":"Lammintupa, Ruka-Kuusamo, Finnland","description":"Winterdorf","publisher":{"@id":"https:\/\/lammintupa.fi\/de\/#organization"},"potentialAction":[{"@type":"SearchAction","target":{"@type":"EntryPoint","urlTemplate":"https:\/\/lammintupa.fi\/de\/?s={search_term_string}"},"query-input":{"@type":"PropertyValueSpecification","valueRequired":true,"valueName":"search_term_string"}}],"inLanguage":"de"},{"@type":"Organization","@id":"https:\/\/lammintupa.fi\/de\/#organization","name":"Lammintupa, Winter Village","url":"https:\/\/lammintupa.fi\/de\/","logo":{"@type":"ImageObject","inLanguage":"de","@id":"https:\/\/lammintupa.fi\/de\/#\/schema\/logo\/image\/","url":"https:\/\/lammintupa.fi\/wp-content\/uploads\/2022\/07\/lammintupa-logo-vari.svg","contentUrl":"https:\/\/lammintupa.fi\/wp-content\/uploads\/2022\/07\/lammintupa-logo-vari.svg","width":1,"height":1,"caption":"Lammintupa, Winter Village"},"image":{"@id":"https:\/\/lammintupa.fi\/de\/#\/schema\/logo\/image\/"},"sameAs":["https:\/\/www.facebook.com\/lammintupa","https:\/\/www.instagram.com\/lammintupa\/","https:\/\/www.tripadvisor.fi\/Restaurant_Review-g1841285-d7619405-Reviews-Lammintupa-Rukatunturi_Northern_Ostrobothnia.html"]}]}},"_links":{"self":[{"href":"https:\/\/lammintupa.fi\/de\/wp-json\/wp\/v2\/pages\/1724","targetHints":{"allow":["GET"]}}],"collection":[{"href":"https:\/\/lammintupa.fi\/de\/wp-json\/wp\/v2\/pages"}],"about":[{"href":"https:\/\/lammintupa.fi\/de\/wp-json\/wp\/v2\/types\/page"}],"author":[{"embeddable":true,"href":"https:\/\/lammintupa.fi\/de\/wp-json\/wp\/v2\/users\/1"}],"replies":[{"embeddable":true,"href":"https:\/\/lammintupa.fi\/de\/wp-json\/wp\/v2\/comments?post=1724"}],"version-history":[{"count":0,"href":"https:\/\/lammintupa.fi\/de\/wp-json\/wp\/v2\/pages\/1724\/revisions"}],"wp:featuredmedia":[{"embeddable":true,"href":"https:\/\/lammintupa.fi\/de\/wp-json\/wp\/v2\/media\/1364"}],"wp:attachment":[{"href":"https:\/\/lammintupa.fi\/de\/wp-json\/wp\/v2\/media?parent=1724"}],"curies":[{"name":"wp","href":"https:\/\/api.w.org\/{rel}","templated":true}]}}