{"id":1714,"date":"2019-10-23T12:43:33","date_gmt":"2019-10-23T09:43:33","guid":{"rendered":"https:\/\/lammintupa.fi\/moottorikelkkasafarit\/"},"modified":"2023-10-16T10:16:00","modified_gmt":"2023-10-16T07:16:00","slug":"motorschlittensafaris","status":"publish","type":"page","link":"https:\/\/lammintupa.fi\/de\/motorschlittensafaris\/","title":{"rendered":"Motorschlittensafaris"},"content":{"rendered":"<h1>Motorschlitten&shy;safaris<\/h1>\n<div>Eine gef\u00fchrte Motorschlittensafari ist eine einfache und sichere Art und Weise, die Geheimnisse des Motorschlittenfahrens zu ergr\u00fcnden und unvergessliche Erfahrungen zu machen. Unterwegs k\u00f6nnen Sie herrliche Aussichten, die Fj\u00e4lllandschaft und die schwer mit Schnee beladenen B\u00e4ume bewundern.\n<\/div>\n<div>\n<\/div>\n<div>\n<p>        <img decoding=\"async\" src=\"\/wp-content\/uploads\/2022\/07\/lastenkelkkakuva2.jpg\" alt=\"Lasten moottorikelkkailu\"><\/p>\n<h3>Mottorschlittenfahrten f\u00fcr Kinder<\/h3>\n<p>Spa\u00df im Schnee in Lammintupa<\/p>\n<div>Oh, diese Freude und die strahlenden Augen der Kinder, und der Stolz \u00fcber die eigene gelungene Fahrt, wenn die kleinen M\u00e4dchen und Jungen die Gelegenheit bekommen, selbst auf richtigen kleinen Motorschlitten auf einer wundersch\u00f6nen Strecke durch den Wald zu fahren. Die Fahrerin oder der Fahrer kann zwischendurch auch gewechselt werden.\n<\/div>\n<p><a href=\"\/de\/kinderwelt#sm\">online reservieren<\/a><\/p>\n<\/div>\n<p><!--more--><br \/>\n<!-- {\"name\":\"ohjelmasivu\",\"type\":\"layout\",\"children\":[{\"type\":\"section\",\"props\":{\"animation\":\"slide-bottom-medium\",\"height\":\"percent\",\"image\":\"wp-content\\\/uploads\\\/2022\\\/08\\\/moottorikelkkailua.jpg\",\"image_position\":\"center-center\",\"image_size\":\"cover\",\"media_overlay\":\"rgba(15, 32, 65, 0.32)\",\"media_visibility\":\"s\",\"style\":\"secondary\",\"text_color\":\"light\",\"title_breakpoint\":\"xl\",\"title_position\":\"top-left\",\"title_rotation\":\"left\",\"vertical_align\":\"middle\",\"width\":\"default\"},\"children\":[{\"type\":\"row\",\"children\":[{\"type\":\"column\",\"props\":{\"image_position\":\"center-center\",\"position_sticky_breakpoint\":\"m\"},\"children\":[{\"type\":\"headline\",\"props\":{\"content\":\"Motorschlitten&shy;safaris\",\"position\":\"relative\",\"position_z_index\":\"3\",\"text_align\":\"left\",\"text_align_breakpoint\":\"s\",\"text_align_fallback\":\"center\",\"title_element\":\"h1\",\"title_style\":\"heading-medium\"}},{\"type\":\"text\",\"props\":{\"block_align_breakpoint\":\"s\",\"block_align_fallback\":\"center\",\"column_breakpoint\":\"m\",\"content\":\"Eine gef\\u00fchrte Motorschlittensafari ist eine einfache und sichere Art und Weise, die Geheimnisse des Motorschlittenfahrens zu ergr\\u00fcnden und unvergessliche Erfahrungen zu machen. Unterwegs k\\u00f6nnen Sie herrliche Aussichten, die Fj\\u00e4lllandschaft und die schwer mit Schnee beladenen B\\u00e4ume bewundern. \\n\",\"margin\":\"default\",\"maxwidth\":\"xlarge\",\"position\":\"relative\",\"position_z_index\":\"3\",\"text_align\":\"left\",\"text_align_breakpoint\":\"s\",\"text_align_fallback\":\"center\",\"text_style\":\"lead\"}}]}]}]},{\"name\":\"Contact\",\"type\":\"section\",\"props\":{\"animation\":\"fade\",\"image_position\":\"center-center\",\"image_size\":\"cover\",\"media\":\"images\\\/demo\\\/demo-image_01.jpg\",\"padding_remove_bottom\":false,\"style\":\"default\",\"title_breakpoint\":\"xl\",\"title_position\":\"top-left\",\"title_rotation\":\"left\",\"vertical_align\":\"middle\",\"width\":\"default\"},\"children\":[{\"type\":\"row\",\"children\":[{\"type\":\"column\",\"props\":{\"image_position\":\"center-center\",\"position_sticky_breakpoint\":\"m\",\"width_medium\":\"1-1\"},\"children\":[{\"type\":\"gallery\",\"props\":{\"filter_align\":\"left\",\"filter_all\":true,\"filter_grid_breakpoint\":\"m\",\"filter_grid_width\":\"auto\",\"filter_position\":\"top\",\"filter_style\":\"tab\",\"grid_column_gap\":\"small\",\"grid_default\":\"1\",\"grid_medium\":\"3\",\"grid_row_gap\":\"small\",\"grid_small\":\"2\",\"image_height\":\"800\",\"image_transition\":\"scale-up\",\"image_width\":\"800\",\"item_animation\":true,\"link_style\":\"default\",\"link_text\":\"\",\"margin\":\"default\",\"meta_align\":\"below-title\",\"meta_element\":\"div\",\"meta_style\":\"text-meta\",\"overlay_hover\":false,\"overlay_link\":true,\"overlay_maxwidth\":\"large\",\"overlay_mode\":\"caption\",\"overlay_padding\":\"small\",\"overlay_position\":\"bottom-center\",\"overlay_style\":\"overlay-default\",\"overlay_transition\":\"fade\",\"parallax_easing\":\"1\",\"position\":\"relative\",\"position_z_index\":\"3\",\"show_content\":true,\"show_hover_image\":true,\"show_link\":true,\"show_meta\":true,\"show_title\":true,\"text_align\":\"center\",\"text_color\":\"light\",\"text_color_hover\":false,\"title_element\":\"h3\",\"title_hover_style\":\"reset\",\"title_link\":true},\"children\":[{\"type\":\"gallery_item\",\"source\":{\"query\":{\"name\":\"posts.customPosts\",\"arguments\":{\"terms\":[16],\"category_operator\":\"IN\",\"post_tag_operator\":\"IN\",\"users\":[],\"users_operator\":\"IN\",\"offset\":0,\"limit\":10,\"order\":\"date\",\"order_direction\":\"DESC\"}},\"props\":{\"image\":{\"filters\":{\"search\":\"\"},\"name\":\"featuredImage.url\"},\"image_alt\":{\"filters\":{\"search\":\"\"},\"name\":\"featuredImage.alt\"},\"title\":{\"filters\":{\"search\":\"\"},\"name\":\"title\"},\"link\":{\"filters\":{\"search\":\"\"},\"name\":\"link\"}}}}]}]}]}]},{\"type\":\"section\",\"props\":{\"image_position\":\"center-center\",\"style\":\"default\",\"title_breakpoint\":\"xl\",\"title_position\":\"top-left\",\"title_rotation\":\"left\",\"vertical_align\":\"middle\",\"width\":\"default\"},\"children\":[{\"type\":\"row\",\"children\":[{\"type\":\"column\",\"props\":{\"image_position\":\"center-center\",\"position_sticky_breakpoint\":\"m\"},\"children\":[{\"name\":\"Panel Image Left\",\"type\":\"panel\",\"props\":{\"block_align\":\"center\",\"content\":\"Oh, diese Freude und die strahlenden Augen der Kinder, und der Stolz \\u00fcber die eigene gelungene Fahrt, wenn die kleinen M\\u00e4dchen und Jungen die Gelegenheit bekommen, selbst auf richtigen kleinen Motorschlitten auf einer wundersch\\u00f6nen Strecke durch den Wald zu fahren. Die Fahrerin oder der Fahrer kann zwischendurch auch gewechselt werden.\\n\",\"content_column_breakpoint\":\"m\",\"content_margin\":\"small\",\"icon_width\":80,\"id\":\"panel-image-left\",\"image\":\"wp-content\\\/uploads\\\/2022\\\/07\\\/lastenkelkkakuva2.jpg\",\"image_align\":\"left\",\"image_alt\":\"Lasten moottorikelkkailu\",\"image_grid_breakpoint\":\"s\",\"image_grid_width\":\"2-5\",\"image_height\":\"600\",\"image_link\":true,\"image_svg_color\":\"emphasis\",\"image_vertical_align\":true,\"image_width\":\"960\",\"link\":\"de\\\/kinderwelt#sm\",\"link_margin\":\"small\",\"link_style\":\"secondary\",\"link_text\":\"online reservieren\",\"margin\":\"default\",\"meta\":\"Spa\\u00df im Schnee in Lammintupa\",\"meta_align\":\"above-title\",\"meta_element\":\"div\",\"meta_margin\":\"small\",\"meta_style\":\"h6\",\"panel_image_no_padding\":true,\"panel_padding\":\"default\",\"panel_style\":\"card-default\",\"title\":\"Mottorschlittenfahrten f\\u00fcr Kinder\",\"title_align\":\"top\",\"title_element\":\"h3\",\"title_grid_breakpoint\":\"m\",\"title_grid_width\":\"1-2\",\"title_hover_style\":\"reset\",\"title_link\":true,\"title_margin\":\"small\",\"title_style\":\"h2\"}}]}]}]}],\"version\":\"4.1.2\"} --><\/p>\n","protected":false},"excerpt":{"rendered":"<p>Motorschlitten&shy;safaris Eine gef\u00fchrte Motorschlittensafari ist eine einfache und sichere Art und Weise, die Geheimnisse des Motorschlittenfahrens zu ergr\u00fcnden und unvergessliche Erfahrungen zu machen. Unterwegs k\u00f6nnen Sie herrliche Aussichten, die Fj\u00e4lllandschaft und die schwer mit Schnee beladenen B\u00e4ume bewundern. Mottorschlittenfahrten f\u00fcr Kinder Spa\u00df im Schnee in Lammintupa Oh, diese Freude und die strahlenden Augen der Kinder, [&hellip;]<\/p>\n","protected":false},"author":1,"featured_media":1234,"parent":0,"menu_order":9,"comment_status":"closed","ping_status":"closed","template":"","meta":{"cybocfi_hide_featured_image":"","footnotes":""},"class_list":["post-1714","page","type-page","status-publish","has-post-thumbnail","hentry"],"yoast_head":"<title>Motorschlittensafaris - Lammintupa, Ruka-Kuusamo, Finnland<\/title>\n<meta name=\"description\" content=\"Eine gef\u00fchrte Motorschlittensafari ist eine einfache und sichere Art und Weise, die Geheimnisse des Motorschlittenfahrens zu ergr\u00fcnden und unvergessliche Erfahrungen zu machen.\" \/>\n<meta name=\"robots\" content=\"index, follow, max-snippet:-1, max-image-preview:large, max-video-preview:-1\" \/>\n<link rel=\"canonical\" href=\"https:\/\/lammintupa.fi\/de\/motorschlittensafaris\/\" \/>\n<meta property=\"og:locale\" content=\"de_DE\" \/>\n<meta property=\"og:type\" content=\"article\" \/>\n<meta property=\"og:title\" content=\"Motorschlittensafaris - Lammintupa, Ruka-Kuusamo, Finnland\" \/>\n<meta property=\"og:description\" content=\"Eine gef\u00fchrte Motorschlittensafari ist eine einfache und sichere Art und Weise, die Geheimnisse des Motorschlittenfahrens zu ergr\u00fcnden und unvergessliche Erfahrungen zu machen.\" \/>\n<meta property=\"og:url\" content=\"https:\/\/lammintupa.fi\/de\/motorschlittensafaris\/\" \/>\n<meta property=\"og:site_name\" content=\"Lammintupa, Ruka-Kuusamo, Finnland\" \/>\n<meta property=\"article:publisher\" content=\"https:\/\/www.facebook.com\/lammintupa\" \/>\n<meta property=\"article:modified_time\" content=\"2023-10-16T07:16:00+00:00\" \/>\n<meta property=\"og:image\" content=\"https:\/\/lammintupa.fi\/wp-content\/uploads\/2019\/10\/2h-moottorikelkkasafari.jpg\" \/>\n\t<meta property=\"og:image:width\" content=\"800\" \/>\n\t<meta property=\"og:image:height\" content=\"533\" \/>\n\t<meta property=\"og:image:type\" content=\"image\/jpeg\" \/>\n<meta name=\"twitter:card\" content=\"summary_large_image\" \/>\n<meta name=\"twitter:label1\" content=\"Gesch\u00e4tzte Lesezeit\" \/>\n\t<meta name=\"twitter:data1\" content=\"1\u00a0Minute\" \/>\n<script type=\"application\/ld+json\" class=\"yoast-schema-graph\">{\"@context\":\"https:\/\/schema.org\",\"@graph\":[{\"@type\":\"WebPage\",\"@id\":\"https:\/\/lammintupa.fi\/de\/motorschlittensafaris\/\",\"url\":\"https:\/\/lammintupa.fi\/de\/motorschlittensafaris\/\",\"name\":\"Motorschlittensafaris - Lammintupa, Ruka-Kuusamo, Finnland\",\"isPartOf\":{\"@id\":\"https:\/\/lammintupa.fi\/de\/#website\"},\"primaryImageOfPage\":{\"@id\":\"https:\/\/lammintupa.fi\/de\/motorschlittensafaris\/#primaryimage\"},\"image\":{\"@id\":\"https:\/\/lammintupa.fi\/de\/motorschlittensafaris\/#primaryimage\"},\"thumbnailUrl\":\"https:\/\/lammintupa.fi\/wp-content\/uploads\/2019\/10\/2h-moottorikelkkasafari.jpg\",\"datePublished\":\"2019-10-23T09:43:33+00:00\",\"dateModified\":\"2023-10-16T07:16:00+00:00\",\"description\":\"Eine gef\u00fchrte Motorschlittensafari ist eine einfache und sichere Art und Weise, die Geheimnisse des Motorschlittenfahrens zu ergr\u00fcnden und unvergessliche Erfahrungen zu machen.\",\"breadcrumb\":{\"@id\":\"https:\/\/lammintupa.fi\/de\/motorschlittensafaris\/#breadcrumb\"},\"inLanguage\":\"de\",\"potentialAction\":[{\"@type\":\"ReadAction\",\"target\":[\"https:\/\/lammintupa.fi\/de\/motorschlittensafaris\/\"]}]},{\"@type\":\"ImageObject\",\"inLanguage\":\"de\",\"@id\":\"https:\/\/lammintupa.fi\/de\/motorschlittensafaris\/#primaryimage\",\"url\":\"https:\/\/lammintupa.fi\/wp-content\/uploads\/2019\/10\/2h-moottorikelkkasafari.jpg\",\"contentUrl\":\"https:\/\/lammintupa.fi\/wp-content\/uploads\/2019\/10\/2h-moottorikelkkasafari.jpg\",\"width\":800,\"height\":533},{\"@type\":\"BreadcrumbList\",\"@id\":\"https:\/\/lammintupa.fi\/de\/motorschlittensafaris\/#breadcrumb\",\"itemListElement\":[{\"@type\":\"ListItem\",\"position\":1,\"name\":\"Etusivu\",\"item\":\"https:\/\/lammintupa.fi\/de\/\"},{\"@type\":\"ListItem\",\"position\":2,\"name\":\"Motorschlittensafaris\"}]},{\"@type\":\"WebSite\",\"@id\":\"https:\/\/lammintupa.fi\/de\/#website\",\"url\":\"https:\/\/lammintupa.fi\/de\/\",\"name\":\"Lammintupa, Ruka-Kuusamo, Finnland\",\"description\":\"Winterdorf\",\"publisher\":{\"@id\":\"https:\/\/lammintupa.fi\/de\/#organization\"},\"potentialAction\":[{\"@type\":\"SearchAction\",\"target\":{\"@type\":\"EntryPoint\",\"urlTemplate\":\"https:\/\/lammintupa.fi\/de\/?s={search_term_string}\"},\"query-input\":{\"@type\":\"PropertyValueSpecification\",\"valueRequired\":true,\"valueName\":\"search_term_string\"}}],\"inLanguage\":\"de\"},{\"@type\":\"Organization\",\"@id\":\"https:\/\/lammintupa.fi\/de\/#organization\",\"name\":\"Lammintupa, Winter Village\",\"url\":\"https:\/\/lammintupa.fi\/de\/\",\"logo\":{\"@type\":\"ImageObject\",\"inLanguage\":\"de\",\"@id\":\"https:\/\/lammintupa.fi\/de\/#\/schema\/logo\/image\/\",\"url\":\"https:\/\/lammintupa.fi\/wp-content\/uploads\/2022\/07\/lammintupa-logo-vari.svg\",\"contentUrl\":\"https:\/\/lammintupa.fi\/wp-content\/uploads\/2022\/07\/lammintupa-logo-vari.svg\",\"width\":1,\"height\":1,\"caption\":\"Lammintupa, Winter Village\"},\"image\":{\"@id\":\"https:\/\/lammintupa.fi\/de\/#\/schema\/logo\/image\/\"},\"sameAs\":[\"https:\/\/www.facebook.com\/lammintupa\",\"https:\/\/www.instagram.com\/lammintupa\/\",\"https:\/\/www.tripadvisor.fi\/Restaurant_Review-g1841285-d7619405-Reviews-Lammintupa-Rukatunturi_Northern_Ostrobothnia.html\"]}]}<\/script>","yoast_head_json":{"title":"Motorschlittensafaris - Lammintupa, Ruka-Kuusamo, Finnland","description":"Eine gef\u00fchrte Motorschlittensafari ist eine einfache und sichere Art und Weise, die Geheimnisse des Motorschlittenfahrens zu ergr\u00fcnden und unvergessliche Erfahrungen zu machen.","robots":{"index":"index","follow":"follow","max-snippet":"max-snippet:-1","max-image-preview":"max-image-preview:large","max-video-preview":"max-video-preview:-1"},"canonical":"https:\/\/lammintupa.fi\/de\/motorschlittensafaris\/","og_locale":"de_DE","og_type":"article","og_title":"Motorschlittensafaris - Lammintupa, Ruka-Kuusamo, Finnland","og_description":"Eine gef\u00fchrte Motorschlittensafari ist eine einfache und sichere Art und Weise, die Geheimnisse des Motorschlittenfahrens zu ergr\u00fcnden und unvergessliche Erfahrungen zu machen.","og_url":"https:\/\/lammintupa.fi\/de\/motorschlittensafaris\/","og_site_name":"Lammintupa, Ruka-Kuusamo, Finnland","article_publisher":"https:\/\/www.facebook.com\/lammintupa","article_modified_time":"2023-10-16T07:16:00+00:00","og_image":[{"width":800,"height":533,"url":"https:\/\/lammintupa.fi\/wp-content\/uploads\/2019\/10\/2h-moottorikelkkasafari.jpg","type":"image\/jpeg"}],"twitter_card":"summary_large_image","twitter_misc":{"Gesch\u00e4tzte Lesezeit":"1\u00a0Minute"},"schema":{"@context":"https:\/\/schema.org","@graph":[{"@type":"WebPage","@id":"https:\/\/lammintupa.fi\/de\/motorschlittensafaris\/","url":"https:\/\/lammintupa.fi\/de\/motorschlittensafaris\/","name":"Motorschlittensafaris - Lammintupa, Ruka-Kuusamo, Finnland","isPartOf":{"@id":"https:\/\/lammintupa.fi\/de\/#website"},"primaryImageOfPage":{"@id":"https:\/\/lammintupa.fi\/de\/motorschlittensafaris\/#primaryimage"},"image":{"@id":"https:\/\/lammintupa.fi\/de\/motorschlittensafaris\/#primaryimage"},"thumbnailUrl":"https:\/\/lammintupa.fi\/wp-content\/uploads\/2019\/10\/2h-moottorikelkkasafari.jpg","datePublished":"2019-10-23T09:43:33+00:00","dateModified":"2023-10-16T07:16:00+00:00","description":"Eine gef\u00fchrte Motorschlittensafari ist eine einfache und sichere Art und Weise, die Geheimnisse des Motorschlittenfahrens zu ergr\u00fcnden und unvergessliche Erfahrungen zu machen.","breadcrumb":{"@id":"https:\/\/lammintupa.fi\/de\/motorschlittensafaris\/#breadcrumb"},"inLanguage":"de","potentialAction":[{"@type":"ReadAction","target":["https:\/\/lammintupa.fi\/de\/motorschlittensafaris\/"]}]},{"@type":"ImageObject","inLanguage":"de","@id":"https:\/\/lammintupa.fi\/de\/motorschlittensafaris\/#primaryimage","url":"https:\/\/lammintupa.fi\/wp-content\/uploads\/2019\/10\/2h-moottorikelkkasafari.jpg","contentUrl":"https:\/\/lammintupa.fi\/wp-content\/uploads\/2019\/10\/2h-moottorikelkkasafari.jpg","width":800,"height":533},{"@type":"BreadcrumbList","@id":"https:\/\/lammintupa.fi\/de\/motorschlittensafaris\/#breadcrumb","itemListElement":[{"@type":"ListItem","position":1,"name":"Etusivu","item":"https:\/\/lammintupa.fi\/de\/"},{"@type":"ListItem","position":2,"name":"Motorschlittensafaris"}]},{"@type":"WebSite","@id":"https:\/\/lammintupa.fi\/de\/#website","url":"https:\/\/lammintupa.fi\/de\/","name":"Lammintupa, Ruka-Kuusamo, Finnland","description":"Winterdorf","publisher":{"@id":"https:\/\/lammintupa.fi\/de\/#organization"},"potentialAction":[{"@type":"SearchAction","target":{"@type":"EntryPoint","urlTemplate":"https:\/\/lammintupa.fi\/de\/?s={search_term_string}"},"query-input":{"@type":"PropertyValueSpecification","valueRequired":true,"valueName":"search_term_string"}}],"inLanguage":"de"},{"@type":"Organization","@id":"https:\/\/lammintupa.fi\/de\/#organization","name":"Lammintupa, Winter Village","url":"https:\/\/lammintupa.fi\/de\/","logo":{"@type":"ImageObject","inLanguage":"de","@id":"https:\/\/lammintupa.fi\/de\/#\/schema\/logo\/image\/","url":"https:\/\/lammintupa.fi\/wp-content\/uploads\/2022\/07\/lammintupa-logo-vari.svg","contentUrl":"https:\/\/lammintupa.fi\/wp-content\/uploads\/2022\/07\/lammintupa-logo-vari.svg","width":1,"height":1,"caption":"Lammintupa, Winter Village"},"image":{"@id":"https:\/\/lammintupa.fi\/de\/#\/schema\/logo\/image\/"},"sameAs":["https:\/\/www.facebook.com\/lammintupa","https:\/\/www.instagram.com\/lammintupa\/","https:\/\/www.tripadvisor.fi\/Restaurant_Review-g1841285-d7619405-Reviews-Lammintupa-Rukatunturi_Northern_Ostrobothnia.html"]}]}},"_links":{"self":[{"href":"https:\/\/lammintupa.fi\/de\/wp-json\/wp\/v2\/pages\/1714","targetHints":{"allow":["GET"]}}],"collection":[{"href":"https:\/\/lammintupa.fi\/de\/wp-json\/wp\/v2\/pages"}],"about":[{"href":"https:\/\/lammintupa.fi\/de\/wp-json\/wp\/v2\/types\/page"}],"author":[{"embeddable":true,"href":"https:\/\/lammintupa.fi\/de\/wp-json\/wp\/v2\/users\/1"}],"replies":[{"embeddable":true,"href":"https:\/\/lammintupa.fi\/de\/wp-json\/wp\/v2\/comments?post=1714"}],"version-history":[{"count":0,"href":"https:\/\/lammintupa.fi\/de\/wp-json\/wp\/v2\/pages\/1714\/revisions"}],"wp:featuredmedia":[{"embeddable":true,"href":"https:\/\/lammintupa.fi\/de\/wp-json\/wp\/v2\/media\/1234"}],"wp:attachment":[{"href":"https:\/\/lammintupa.fi\/de\/wp-json\/wp\/v2\/media?parent=1714"}],"curies":[{"name":"wp","href":"https:\/\/api.w.org\/{rel}","templated":true}]}}