{"id":1468,"date":"2022-08-15T10:17:13","date_gmt":"2022-08-15T07:17:13","guid":{"rendered":"https:\/\/lammintupa.fi\/info\/"},"modified":"2024-12-28T16:10:53","modified_gmt":"2024-12-28T14:10:53","slug":"info","status":"publish","type":"page","link":"https:\/\/lammintupa.fi\/de\/info\/","title":{"rendered":"Info"},"content":{"rendered":"<h1>Lammintupa Oy<\/h1>\n<div>\n<p><a href=\"https:\/\/goo.gl\/maps\/5e4RYocHr65Ut9YQA\" target=\"_blank\" rel=\"noopener\">Lammintuvantie 9<\/a><br \/>93830 Rukatunturi<br \/>FINLAND<\/p>\n<p>66.15369214436141, 29.247324031013484<\/p>\n<p><a href=\"mailto:info@lammintupa.fi\" target=\"_blank\" rel=\"noopener\">info@lammintupa.fi \u00a0<\/a><br \/><a href=\"tel:+358407554723\">+358 40 755 4723<\/a><\/p>\n<\/div>\n<ul>\n<li><a href=\"https:\/\/www.facebook.com\/lammintupa\">facebook<\/a>\n<\/li>\n<li><a href=\"https:\/\/www.instagram.com\/lammintupa\/\">instagram<\/a>\n<\/li>\n<li><a href=\"https:\/\/www.tripadvisor.fi\/Restaurant_Review-g1841285-d7619405-Reviews-Lammintupa-Rukatunturi_Northern_Ostrobothnia.html\">tripadvisor<\/a>\n<\/li>\n<\/ul>\n<h2>Wegbeschreibung<\/h2>\n<ul>\n<li>\n<p><img decoding=\"async\" src=\"\/wp-content\/uploads\/2022\/10\/bussi-ikoni.svg\" alt=\"\"><\/p>\n<h3>Mit dem Ski-Bus<\/h3>\n<div>\n<p>Auch mit dem Ski-Bus finden Sie zu uns. Es ist nicht nur irgendein Bus, sondern der Lammintupa-Bus!\u00a0<\/p>\n<p>Der Ski-Bus ist ein preiswertes und einfaches Transportmittel. Die Fahrpl\u00e4ne sind mit den Startzeiten unserer Programme abgestimmt.\u00a0<\/p>\n<\/div>\n<p><a href=\"\/de\/lammintupa-bus-25-12-2023-29-3-2024\/\">SKI-BUS-FAHRPLAN<\/a><\/p>\n<\/li>\n<li>\n<p><img decoding=\"async\" src=\"\/wp-content\/uploads\/2022\/10\/auto-ikoni.svg\" alt=\"\"><\/p>\n<h3>Mit dem Auto<\/h3>\n<div>\n<p>Nur 8 km von Ruka und 28 km von Kuusamo. Wenn Sie mit dem Auto anreisen, folgen Sie bitte den Wegweisern! Das Navigationsger\u00e4t kann f\u00fcr das letzte St\u00fcck des Weges falsche Anweisungen geben.<\/p>\n<p>Bieten Sie von der Stra\u00dfe Rukaj\u00e4rventie in Richtung der Stra\u00dfe Tahkolanrannatie ab. Folgen Sie der Stra\u00dfe Tahkolanrannatie 4,5 km weit und biegen Sie dann links auf die Stra\u00dfe Lammintuvantie ab. Wenn Sie zu einer T-Kreuzung kommen, biegen Sie rechts ab und bleiben Sie so lange auf der Stra\u00dfe, bis Sie auf unserem Parkplatz ankommen.<\/p>\n<\/div>\n<\/li>\n<li>\n<p><img decoding=\"async\" src=\"\/wp-content\/uploads\/2022\/10\/taksi-ikoni.svg\" alt=\"\"><\/p>\n<h3>Mit dem Taxi<\/h3>\n<div>\n<p class=\"p1\">Wir sind leicht mit dem Taxi erreichbar! Die Taxifahrt von Ruka bis zu uns dauert ca. 10 Minuten.<\/p>\n<p class=\"p1\">Wir empfehlen, das Taxi im Voraus zu buchen, insbesondere in der Hochsaison, wenn Sie an einer im Voraus gebuchten Aktivit\u00e4t mit genauem Startzeitpunkt teilnehmen.<\/p>\n<p>OTAKSI\u00a0<span>\u00a0<\/span><a href=\"tel:+35810084200\">0100 84200<\/a><br \/>Rukan taksipalvelu<span>\u00a0<\/span><a href=\"tel:+35860004141\">06000 4141<\/a><\/p>\n<\/div>\n<\/li>\n<li>\n<p><img decoding=\"async\" src=\"\/wp-content\/uploads\/2022\/10\/hiihto2-ikoni.svg\" alt=\"\"><\/p>\n<h3>Mit Skiern<\/h3>\n<div>\n<p class=\"p1\">Lammintupa ist ein beliebter Rastplatz am Rande einer f\u00fcr die ganze Familie geeigneten Langlaufstrecke. Wir befinden uns am Rande der Vuosseli-Route, circa auf halben Weg, wenn die Tour in Ruka gestartet wird. Die Langlaufloipe verl\u00e4uft durch unseren Hof und im Sp\u00e4twinter f\u00fcllen sich unsere Skist\u00e4nder schon ab dem fr\u00fchen Morgen.\u00a0<\/p>\n<\/div>\n<p><a href=\"https:\/\/kuusamo.fluentprogress.fi\/outdoors\">LANGLAUFKARTE<\/a><\/p>\n<\/li>\n<li>\n<p><img decoding=\"async\" src=\"\/wp-content\/uploads\/2022\/10\/fatbike-ikoni.svg\" alt=\"\"><\/p>\n<h3>Zu Fu\u00df &#038; mit dem Rad<\/h3>\n<div>\n<p class=\"p1\">Keine Lust auf Langlaufen? Sie erreichen uns auch zu Fu\u00df oder mit dem Fatbike! Die Wanderroute vom Hotel Ruka Valley \u00fcber Uuttusuo nach Lammintupa ist ca. 5 km lang. Die Strecke ist beschildert und wird ab Ende Dezember offengehalten. Wir versuchen die Strecke nach Schneefall immer schnell begehbar zu machen. Falls Sie Zweifel \u00fcber die Schneesituation haben, rufen Sie uns bitte an!\u00a0<\/p>\n<\/div>\n<p><a href=\"\/wp-content\/uploads\/2023\/11\/vuosselin_ulkoilureitti_kartta_2023.png\">MOUNTAINBIKEKARTE<\/a><\/p>\n<\/li>\n<li>\n<p><img decoding=\"async\" src=\"\/wp-content\/uploads\/2022\/10\/kelkka3-ikoni.svg\" alt=\"\"><\/p>\n<h3>Mit dem Motorschlitten<\/h3>\n<div>\n<div class=\"uk-panel uk-margin\" data-id=\"page#1-0-0-2\" id=\"saapuminen\">\n<p class=\"p1\">Die Motorschlittenstrecke nach Lammintupa biegt von der Route ab, die um Ruka herumf\u00fchrt.\u00a0<\/p>\n<\/div>\n<\/div>\n<p><a href=\"https:\/\/kuusamo.fluentprogress.fi\/outdoors?snowmobileroute\">MOTORSCHLITTENROUTEN<\/a><\/p>\n<\/li>\n<\/ul>\n<p><!--more--><br \/>\n<!-- {\"type\":\"layout\",\"children\":[{\"type\":\"section\",\"props\":{\"height\":\"viewport\",\"height_offset_top\":true,\"height_viewport\":80,\"image\":\"wp-content\\\/uploads\\\/2022\\\/08\\\/lammintupa-ilmakuva.jpg\",\"image_position\":\"center-center\",\"image_size\":\"cover\",\"padding\":\"large\",\"style\":\"default\",\"title_breakpoint\":\"xl\",\"title_position\":\"top-left\",\"title_rotation\":\"left\",\"vertical_align\":\"middle\",\"width\":\"default\"},\"children\":[{\"type\":\"row\",\"children\":[{\"type\":\"column\",\"props\":{\"image_position\":\"center-center\",\"position_sticky_breakpoint\":\"m\"}}]}]},{\"type\":\"section\",\"props\":{\"image_position\":\"center-center\",\"style\":\"default\",\"title_breakpoint\":\"xl\",\"title_position\":\"top-left\",\"title_rotation\":\"left\",\"vertical_align\":\"\",\"width\":\"default\"},\"children\":[{\"type\":\"row\",\"props\":{\"layout\":\"1-3,2-3\"},\"children\":[{\"type\":\"column\",\"props\":{\"image_position\":\"center-center\",\"position_sticky_breakpoint\":\"m\",\"width_medium\":\"1-3\",\"width_small\":\"1-2\"},\"children\":[{\"type\":\"headline\",\"props\":{\"content\":\"Lammintupa Oy\",\"title_element\":\"h1\"}},{\"type\":\"text\",\"props\":{\"column_breakpoint\":\"m\",\"content\":\"\n\n<p><a href=\\\"https:\\\/\\\/goo.gl\\\/maps\\\/5e4RYocHr65Ut9YQA\\\" target=\\\"_blank\\\" rel=\\\"noopener\\\">Lammintuvantie 9<\\\/a><br \\\/>93830 Rukatunturi<br \\\/>FINLAND<\\\/p>\\n\n\n<p>66.15369214436141, 29.247324031013484<\\\/p>\\n\n\n<p><a href=\\\"mailto:info@lammintupa.fi\\\" target=\\\"_blank\\\" rel=\\\"noopener\\\">info@lammintupa.fi \\u00a0<\\\/a><br \\\/><a href=\\\"tel:+358407554723\\\">+358 40 755 4723<\\\/a><\\\/p>\",\"margin\":\"default\"}}]},{\"type\":\"column\",\"props\":{\"image_position\":\"center-center\",\"position_sticky_breakpoint\":\"m\",\"width_medium\":\"2-3\",\"width_small\":\"1-2\"},\"children\":[{\"type\":\"module\",\"props\":{\"menu_image_align\":\"center\",\"menu_image_margin\":true,\"menu_style\":\"default\",\"menu_type\":\"nav\",\"type\":\"text\",\"widget\":\"text-4\"}}]}]},{\"type\":\"row\",\"children\":[{\"type\":\"column\",\"props\":{\"image_position\":\"center-center\",\"position_sticky_breakpoint\":\"m\"},\"children\":[{\"type\":\"social\",\"props\":{\"grid\":\"horizontal\",\"grid_column_gap\":\"small\",\"grid_row_gap\":\"small\",\"icon_width\":\"45\",\"image_height\":\"45\",\"image_loading\":true,\"image_svg_inline\":true,\"image_width\":\"45\",\"link_style\":\"\",\"link_target\":true,\"margin\":\"default\",\"text_align\":\"center\"},\"children\":[{\"type\":\"social_item\",\"props\":{\"link\":\"https:\\\/\\\/www.facebook.com\\\/lammintupa\"}},{\"type\":\"social_item\",\"props\":{\"link\":\"https:\\\/\\\/www.instagram.com\\\/lammintupa\\\/\"}},{\"type\":\"social_item\",\"props\":{\"link\":\"https:\\\/\\\/www.tripadvisor.fi\\\/Restaurant_Review-g1841285-d7619405-Reviews-Lammintupa-Rukatunturi_Northern_Ostrobothnia.html\"}}]}]}]}]},{\"type\":\"section\",\"props\":{\"image_position\":\"center-center\",\"style\":\"default\",\"title_breakpoint\":\"xl\",\"title_position\":\"top-left\",\"title_rotation\":\"left\",\"vertical_align\":\"\",\"width\":\"default\"},\"children\":[{\"type\":\"row\",\"children\":[{\"type\":\"column\",\"props\":{\"image_position\":\"center-center\",\"position_sticky_breakpoint\":\"m\"},\"children\":[{\"type\":\"headline\",\"props\":{\"content\":\"Wegbeschreibung\",\"title_element\":\"h2\",\"title_style\":\"h2\"}},{\"type\":\"grid\",\"props\":{\"content_column_breakpoint\":\"m\",\"filter_align\":\"left\",\"filter_all\":true,\"filter_grid_breakpoint\":\"m\",\"filter_grid_width\":\"auto\",\"filter_position\":\"top\",\"filter_style\":\"tab\",\"grid_default\":\"1\",\"grid_medium\":\"3\",\"grid_small\":\"2\",\"icon_width\":80,\"image_align\":\"top\",\"image_grid_breakpoint\":\"m\",\"image_grid_width\":\"1-2\",\"image_height\":\"100\",\"image_link\":true,\"image_loading\":true,\"image_svg_color\":\"emphasis\",\"image_width\":\"100\",\"item_animation\":true,\"link_style\":\"default\",\"link_target\":true,\"link_text\":\"Read more\",\"margin\":\"default\",\"meta_align\":\"below-title\",\"meta_element\":\"div\",\"meta_style\":\"text-meta\",\"panel_image_no_padding\":true,\"panel_link\":true,\"panel_padding\":\"small\",\"show_content\":true,\"show_image\":true,\"show_link\":true,\"show_meta\":true,\"show_title\":true,\"text_align\":\"center\",\"title_align\":\"top\",\"title_element\":\"h3\",\"title_grid_breakpoint\":\"m\",\"title_grid_width\":\"1-2\",\"title_hover_style\":\"reset\",\"title_margin\":\"remove\"},\"children\":[{\"type\":\"grid_item\",\"props\":{\"content\":\"\n\n<p>Auch mit dem Ski-Bus finden Sie zu uns. Es ist nicht nur irgendein Bus, sondern der Lammintupa-Bus!\\u00a0<\\\/p>\\n\n\n<p>Der Ski-Bus ist ein preiswertes und einfaches Transportmittel. Die Fahrpl\\u00e4ne sind mit den Startzeiten unserer Programme abgestimmt.\\u00a0<\\\/p>\",\"image\":\"wp-content\\\/uploads\\\/2022\\\/10\\\/bussi-ikoni.svg\",\"link\":\"de\\\/lammintupa-bus-25-12-2023-29-3-2024\\\/\",\"link_text\":\"SKI-BUS-FAHRPLAN\",\"title\":\"Mit dem Ski-Bus\"}},{\"type\":\"grid_item\",\"props\":{\"content\":\"\n\n<p>Nur 8 km von Ruka und 28 km von Kuusamo. Wenn Sie mit dem Auto anreisen, folgen Sie bitte den Wegweisern! Das Navigationsger\\u00e4t kann f\\u00fcr das letzte St\\u00fcck des Weges falsche Anweisungen geben.<\\\/p>\\n\n\n<p>Bieten Sie von der Stra\\u00dfe Rukaj\\u00e4rventie in Richtung der Stra\\u00dfe Tahkolanrannatie ab. Folgen Sie der Stra\\u00dfe Tahkolanrannatie 4,5 km weit und biegen Sie dann links auf die Stra\\u00dfe Lammintuvantie ab. Wenn Sie zu einer T-Kreuzung kommen, biegen Sie rechts ab und bleiben Sie so lange auf der Stra\\u00dfe, bis Sie auf unserem Parkplatz ankommen.<\\\/p>\",\"image\":\"wp-content\\\/uploads\\\/2022\\\/10\\\/auto-ikoni.svg\",\"link_text\":\"Google Maps\",\"title\":\"Mit dem Auto\"}},{\"type\":\"grid_item\",\"props\":{\"content\":\"\n\n<p class=\\\"p1\\\">Wir sind leicht mit dem Taxi erreichbar! Die Taxifahrt von Ruka bis zu uns dauert ca. 10 Minuten.<\\\/p>\\n\n\n<p class=\\\"p1\\\">Wir empfehlen, das Taxi im Voraus zu buchen, insbesondere in der Hochsaison, wenn Sie an einer im Voraus gebuchten Aktivit\\u00e4t mit genauem Startzeitpunkt teilnehmen.<\\\/p>\\n\n\n<p>OTAKSI\\u00a0<span>\\u00a0<\\\/span><a href=\\\"tel:+35810084200\\\">0100 84200<\\\/a><br \\\/>Rukan taksipalvelu<span>\\u00a0<\\\/span><a href=\\\"tel:+35860004141\\\">06000 4141<\\\/a><\\\/p>\",\"image\":\"wp-content\\\/uploads\\\/2022\\\/10\\\/taksi-ikoni.svg\",\"title\":\"Mit dem Taxi\"}},{\"type\":\"grid_item\",\"props\":{\"content\":\"\n\n<p class=\\\"p1\\\">Lammintupa ist ein beliebter Rastplatz am Rande einer f\\u00fcr die ganze Familie geeigneten Langlaufstrecke. Wir befinden uns am Rande der Vuosseli-Route, circa auf halben Weg, wenn die Tour in Ruka gestartet wird. Die Langlaufloipe verl\\u00e4uft durch unseren Hof und im Sp\\u00e4twinter f\\u00fcllen sich unsere Skist\\u00e4nder schon ab dem fr\\u00fchen Morgen.\\u00a0<\\\/p>\",\"image\":\"wp-content\\\/uploads\\\/2022\\\/10\\\/hiihto2-ikoni.svg\",\"link\":\"https:\\\/\\\/kuusamo.fluentprogress.fi\\\/outdoors\",\"link_text\":\"LANGLAUFKARTE\",\"title\":\"Mit Skiern\"}},{\"type\":\"grid_item\",\"props\":{\"content\":\"\n\n<p class=\\\"p1\\\">Keine Lust auf Langlaufen? Sie erreichen uns auch zu Fu\\u00df oder mit dem Fatbike! Die Wanderroute vom Hotel Ruka Valley \\u00fcber Uuttusuo nach Lammintupa ist ca. 5 km lang. Die Strecke ist beschildert und wird ab Ende Dezember offengehalten. Wir versuchen die Strecke nach Schneefall immer schnell begehbar zu machen. Falls Sie Zweifel \\u00fcber die Schneesituation haben, rufen Sie uns bitte an!\\u00a0<\\\/p>\",\"icon\":\"\",\"image\":\"wp-content\\\/uploads\\\/2022\\\/10\\\/fatbike-ikoni.svg\",\"link\":\"wp-content\\\/uploads\\\/2023\\\/11\\\/vuosselin_ulkoilureitti_kartta_2023.png\",\"link_text\":\"MOUNTAINBIKEKARTE\",\"title\":\"Zu Fu\\u00df & mit dem Rad\"}},{\"type\":\"grid_item\",\"props\":{\"content\":\"\n\n<div class=\\\"uk-panel uk-margin\\\" data-id=\\\"page#1-0-0-2\\\" id=\\\"saapuminen\\\">\\n\n\n<p class=\\\"p1\\\">Die Motorschlittenstrecke nach Lammintupa biegt von der Route ab, die um Ruka herumf\\u00fchrt.\\u00a0<\\\/p>\\n<\\\/div>\",\"icon\":\"\",\"image\":\"wp-content\\\/uploads\\\/2022\\\/10\\\/kelkka3-ikoni.svg\",\"link\":\"https:\\\/\\\/kuusamo.fluentprogress.fi\\\/outdoors?snowmobileroute\",\"link_text\":\"MOTORSCHLITTENROUTEN\",\"title\":\"Mit dem Motorschlitten\"}}]}]}]}]}],\"version\":\"4.4.8\"} --><\/p>\n","protected":false},"excerpt":{"rendered":"<p>Lammintupa Oy Lammintuvantie 993830 RukatunturiFINLAND 66.15369214436141, 29.247324031013484 info@lammintupa.fi \u00a0+358 40 755 4723 facebook instagram tripadvisor Wegbeschreibung Mit dem Ski-Bus Auch mit dem Ski-Bus finden Sie zu uns. Es ist nicht nur irgendein Bus, sondern der Lammintupa-Bus!\u00a0 Der Ski-Bus ist ein preiswertes und einfaches Transportmittel. Die Fahrpl\u00e4ne sind mit den Startzeiten unserer Programme abgestimmt.\u00a0 SKI-BUS-FAHRPLAN Mit [&hellip;]<\/p>\n","protected":false},"author":1,"featured_media":1322,"parent":0,"menu_order":0,"comment_status":"closed","ping_status":"closed","template":"","meta":{"cybocfi_hide_featured_image":"","footnotes":""},"class_list":["post-1468","page","type-page","status-publish","has-post-thumbnail","hentry"],"yoast_head":"<title>Info - Lammintupa, Ruka-Kuusamo, Finnland<\/title>\n<meta name=\"description\" content=\"Lammintupa Kontaktinformationen und Wegbeschreibungen. Herzlich willkommen!\" \/>\n<meta name=\"robots\" content=\"index, follow, max-snippet:-1, max-image-preview:large, max-video-preview:-1\" \/>\n<link rel=\"canonical\" href=\"https:\/\/lammintupa.fi\/de\/info\/\" \/>\n<meta property=\"og:locale\" content=\"de_DE\" \/>\n<meta property=\"og:type\" content=\"article\" \/>\n<meta property=\"og:title\" content=\"Info - Lammintupa, Ruka-Kuusamo, Finnland\" \/>\n<meta property=\"og:description\" content=\"Lammintupa Kontaktinformationen und Wegbeschreibungen. Herzlich willkommen!\" \/>\n<meta property=\"og:url\" content=\"https:\/\/lammintupa.fi\/de\/info\/\" \/>\n<meta property=\"og:site_name\" content=\"Lammintupa, Ruka-Kuusamo, Finnland\" \/>\n<meta property=\"article:publisher\" content=\"https:\/\/www.facebook.com\/lammintupa\" \/>\n<meta property=\"article:modified_time\" content=\"2024-12-28T14:10:53+00:00\" \/>\n<meta property=\"og:image\" content=\"https:\/\/lammintupa.fi\/wp-content\/uploads\/2022\/08\/lammintupa-hiihtolatu2.jpg\" \/>\n\t<meta property=\"og:image:width\" content=\"1200\" \/>\n\t<meta property=\"og:image:height\" content=\"757\" \/>\n\t<meta property=\"og:image:type\" content=\"image\/jpeg\" \/>\n<meta name=\"twitter:card\" content=\"summary_large_image\" \/>\n<meta name=\"twitter:label1\" content=\"Gesch\u00e4tzte Lesezeit\" \/>\n\t<meta name=\"twitter:data1\" content=\"4\u00a0Minuten\" \/>\n<script type=\"application\/ld+json\" class=\"yoast-schema-graph\">{\"@context\":\"https:\/\/schema.org\",\"@graph\":[{\"@type\":\"WebPage\",\"@id\":\"https:\/\/lammintupa.fi\/de\/info\/\",\"url\":\"https:\/\/lammintupa.fi\/de\/info\/\",\"name\":\"Info - Lammintupa, Ruka-Kuusamo, Finnland\",\"isPartOf\":{\"@id\":\"https:\/\/lammintupa.fi\/de\/#website\"},\"primaryImageOfPage\":{\"@id\":\"https:\/\/lammintupa.fi\/de\/info\/#primaryimage\"},\"image\":{\"@id\":\"https:\/\/lammintupa.fi\/de\/info\/#primaryimage\"},\"thumbnailUrl\":\"https:\/\/lammintupa.fi\/wp-content\/uploads\/2022\/08\/lammintupa-hiihtolatu2.jpg\",\"datePublished\":\"2022-08-15T07:17:13+00:00\",\"dateModified\":\"2024-12-28T14:10:53+00:00\",\"description\":\"Lammintupa Kontaktinformationen und Wegbeschreibungen. Herzlich willkommen!\",\"breadcrumb\":{\"@id\":\"https:\/\/lammintupa.fi\/de\/info\/#breadcrumb\"},\"inLanguage\":\"de\",\"potentialAction\":[{\"@type\":\"ReadAction\",\"target\":[\"https:\/\/lammintupa.fi\/de\/info\/\"]}]},{\"@type\":\"ImageObject\",\"inLanguage\":\"de\",\"@id\":\"https:\/\/lammintupa.fi\/de\/info\/#primaryimage\",\"url\":\"https:\/\/lammintupa.fi\/wp-content\/uploads\/2022\/08\/lammintupa-hiihtolatu2.jpg\",\"contentUrl\":\"https:\/\/lammintupa.fi\/wp-content\/uploads\/2022\/08\/lammintupa-hiihtolatu2.jpg\",\"width\":1200,\"height\":757},{\"@type\":\"BreadcrumbList\",\"@id\":\"https:\/\/lammintupa.fi\/de\/info\/#breadcrumb\",\"itemListElement\":[{\"@type\":\"ListItem\",\"position\":1,\"name\":\"Etusivu\",\"item\":\"https:\/\/lammintupa.fi\/de\/\"},{\"@type\":\"ListItem\",\"position\":2,\"name\":\"Info\"}]},{\"@type\":\"WebSite\",\"@id\":\"https:\/\/lammintupa.fi\/de\/#website\",\"url\":\"https:\/\/lammintupa.fi\/de\/\",\"name\":\"Lammintupa, Ruka-Kuusamo, Finnland\",\"description\":\"Winterdorf\",\"publisher\":{\"@id\":\"https:\/\/lammintupa.fi\/de\/#organization\"},\"potentialAction\":[{\"@type\":\"SearchAction\",\"target\":{\"@type\":\"EntryPoint\",\"urlTemplate\":\"https:\/\/lammintupa.fi\/de\/?s={search_term_string}\"},\"query-input\":{\"@type\":\"PropertyValueSpecification\",\"valueRequired\":true,\"valueName\":\"search_term_string\"}}],\"inLanguage\":\"de\"},{\"@type\":\"Organization\",\"@id\":\"https:\/\/lammintupa.fi\/de\/#organization\",\"name\":\"Lammintupa, Winter Village\",\"url\":\"https:\/\/lammintupa.fi\/de\/\",\"logo\":{\"@type\":\"ImageObject\",\"inLanguage\":\"de\",\"@id\":\"https:\/\/lammintupa.fi\/de\/#\/schema\/logo\/image\/\",\"url\":\"https:\/\/lammintupa.fi\/wp-content\/uploads\/2022\/07\/lammintupa-logo-vari.svg\",\"contentUrl\":\"https:\/\/lammintupa.fi\/wp-content\/uploads\/2022\/07\/lammintupa-logo-vari.svg\",\"width\":1,\"height\":1,\"caption\":\"Lammintupa, Winter Village\"},\"image\":{\"@id\":\"https:\/\/lammintupa.fi\/de\/#\/schema\/logo\/image\/\"},\"sameAs\":[\"https:\/\/www.facebook.com\/lammintupa\",\"https:\/\/www.instagram.com\/lammintupa\/\",\"https:\/\/www.tripadvisor.fi\/Restaurant_Review-g1841285-d7619405-Reviews-Lammintupa-Rukatunturi_Northern_Ostrobothnia.html\"]}]}<\/script>","yoast_head_json":{"title":"Info - Lammintupa, Ruka-Kuusamo, Finnland","description":"Lammintupa Kontaktinformationen und Wegbeschreibungen. Herzlich willkommen!","robots":{"index":"index","follow":"follow","max-snippet":"max-snippet:-1","max-image-preview":"max-image-preview:large","max-video-preview":"max-video-preview:-1"},"canonical":"https:\/\/lammintupa.fi\/de\/info\/","og_locale":"de_DE","og_type":"article","og_title":"Info - Lammintupa, Ruka-Kuusamo, Finnland","og_description":"Lammintupa Kontaktinformationen und Wegbeschreibungen. Herzlich willkommen!","og_url":"https:\/\/lammintupa.fi\/de\/info\/","og_site_name":"Lammintupa, Ruka-Kuusamo, Finnland","article_publisher":"https:\/\/www.facebook.com\/lammintupa","article_modified_time":"2024-12-28T14:10:53+00:00","og_image":[{"width":1200,"height":757,"url":"https:\/\/lammintupa.fi\/wp-content\/uploads\/2022\/08\/lammintupa-hiihtolatu2.jpg","type":"image\/jpeg"}],"twitter_card":"summary_large_image","twitter_misc":{"Gesch\u00e4tzte Lesezeit":"4\u00a0Minuten"},"schema":{"@context":"https:\/\/schema.org","@graph":[{"@type":"WebPage","@id":"https:\/\/lammintupa.fi\/de\/info\/","url":"https:\/\/lammintupa.fi\/de\/info\/","name":"Info - Lammintupa, Ruka-Kuusamo, Finnland","isPartOf":{"@id":"https:\/\/lammintupa.fi\/de\/#website"},"primaryImageOfPage":{"@id":"https:\/\/lammintupa.fi\/de\/info\/#primaryimage"},"image":{"@id":"https:\/\/lammintupa.fi\/de\/info\/#primaryimage"},"thumbnailUrl":"https:\/\/lammintupa.fi\/wp-content\/uploads\/2022\/08\/lammintupa-hiihtolatu2.jpg","datePublished":"2022-08-15T07:17:13+00:00","dateModified":"2024-12-28T14:10:53+00:00","description":"Lammintupa Kontaktinformationen und Wegbeschreibungen. Herzlich willkommen!","breadcrumb":{"@id":"https:\/\/lammintupa.fi\/de\/info\/#breadcrumb"},"inLanguage":"de","potentialAction":[{"@type":"ReadAction","target":["https:\/\/lammintupa.fi\/de\/info\/"]}]},{"@type":"ImageObject","inLanguage":"de","@id":"https:\/\/lammintupa.fi\/de\/info\/#primaryimage","url":"https:\/\/lammintupa.fi\/wp-content\/uploads\/2022\/08\/lammintupa-hiihtolatu2.jpg","contentUrl":"https:\/\/lammintupa.fi\/wp-content\/uploads\/2022\/08\/lammintupa-hiihtolatu2.jpg","width":1200,"height":757},{"@type":"BreadcrumbList","@id":"https:\/\/lammintupa.fi\/de\/info\/#breadcrumb","itemListElement":[{"@type":"ListItem","position":1,"name":"Etusivu","item":"https:\/\/lammintupa.fi\/de\/"},{"@type":"ListItem","position":2,"name":"Info"}]},{"@type":"WebSite","@id":"https:\/\/lammintupa.fi\/de\/#website","url":"https:\/\/lammintupa.fi\/de\/","name":"Lammintupa, Ruka-Kuusamo, Finnland","description":"Winterdorf","publisher":{"@id":"https:\/\/lammintupa.fi\/de\/#organization"},"potentialAction":[{"@type":"SearchAction","target":{"@type":"EntryPoint","urlTemplate":"https:\/\/lammintupa.fi\/de\/?s={search_term_string}"},"query-input":{"@type":"PropertyValueSpecification","valueRequired":true,"valueName":"search_term_string"}}],"inLanguage":"de"},{"@type":"Organization","@id":"https:\/\/lammintupa.fi\/de\/#organization","name":"Lammintupa, Winter Village","url":"https:\/\/lammintupa.fi\/de\/","logo":{"@type":"ImageObject","inLanguage":"de","@id":"https:\/\/lammintupa.fi\/de\/#\/schema\/logo\/image\/","url":"https:\/\/lammintupa.fi\/wp-content\/uploads\/2022\/07\/lammintupa-logo-vari.svg","contentUrl":"https:\/\/lammintupa.fi\/wp-content\/uploads\/2022\/07\/lammintupa-logo-vari.svg","width":1,"height":1,"caption":"Lammintupa, Winter Village"},"image":{"@id":"https:\/\/lammintupa.fi\/de\/#\/schema\/logo\/image\/"},"sameAs":["https:\/\/www.facebook.com\/lammintupa","https:\/\/www.instagram.com\/lammintupa\/","https:\/\/www.tripadvisor.fi\/Restaurant_Review-g1841285-d7619405-Reviews-Lammintupa-Rukatunturi_Northern_Ostrobothnia.html"]}]}},"_links":{"self":[{"href":"https:\/\/lammintupa.fi\/de\/wp-json\/wp\/v2\/pages\/1468","targetHints":{"allow":["GET"]}}],"collection":[{"href":"https:\/\/lammintupa.fi\/de\/wp-json\/wp\/v2\/pages"}],"about":[{"href":"https:\/\/lammintupa.fi\/de\/wp-json\/wp\/v2\/types\/page"}],"author":[{"embeddable":true,"href":"https:\/\/lammintupa.fi\/de\/wp-json\/wp\/v2\/users\/1"}],"replies":[{"embeddable":true,"href":"https:\/\/lammintupa.fi\/de\/wp-json\/wp\/v2\/comments?post=1468"}],"version-history":[{"count":0,"href":"https:\/\/lammintupa.fi\/de\/wp-json\/wp\/v2\/pages\/1468\/revisions"}],"wp:featuredmedia":[{"embeddable":true,"href":"https:\/\/lammintupa.fi\/de\/wp-json\/wp\/v2\/media\/1322"}],"wp:attachment":[{"href":"https:\/\/lammintupa.fi\/de\/wp-json\/wp\/v2\/media?parent=1468"}],"curies":[{"name":"wp","href":"https:\/\/api.w.org\/{rel}","templated":true}]}}