{"id":1355,"date":"2009-01-14T08:43:38","date_gmt":"2009-01-14T06:43:38","guid":{"rendered":"https:\/\/lammintupa.fi\/porot-ja-huskyt-karting-ajot-kahvila\/"},"modified":"2025-02-06T10:26:30","modified_gmt":"2025-02-06T08:26:30","slug":"porot-ja-huskyt-karting-ajot-kahvila","status":"publish","type":"page","link":"https:\/\/lammintupa.fi\/de\/","title":{"rendered":"Porot ja huskyt, karting ajot, kahvila"},"content":{"rendered":"<p><img decoding=\"async\" src=\"\/wp-content\/uploads\/2022\/07\/lammintupa-logo-vari.svg\" alt=\"Lammintupa Winter Village\"><\/p>\n<h1>\n<p>Unohtumattomia el\u00e4myksi\u00e4 talven ihmemaassa!<\/p>\n<\/h1>\n<div>\n<p>Tervetuloa nauttimaan lumesta ja talvesta Rukalle, Kuusamoon. Lapin eksoottiset el\u00e4imet <a href=\"https:\/\/lammintupa.fi\/uusi\/poroajelut\/\">porot<\/a> ja <a href=\"https:\/\/lammintupa.fi\/uusi\/huskyajelut\/\">huskyt<\/a>, <a href=\"https:\/\/lammintupa.fi\/uusi\/ice-karting\/\">ice karting ajo<\/a> j\u00e4\u00e4radalla, lasten leikit <a href=\"https:\/\/lammintupa.fi\/uusi\/lastenmaa\/\">lastenmaassa<\/a>, <a href=\"https:\/\/lammintupa.fi\/uusi\/kahvila-ruokailut\/\">kahvilan<\/a> itseleivotut suussa sulavat leivonnaiset ja lappilainen villiruoka \u00a0<a href=\"https:\/\/lammintupa.fi\/uusi\/kahvila-ruokailut\/kotaruokailut\/\">Lapin kodassa<\/a> nuotion \u00e4\u00e4rell\u00e4 nautittuna takaavat sinulle ikimuistoisen p\u00e4iv\u00e4n Lammintuvalla.<strong><\/strong><\/p>\n<\/div>\n<h1>Winter Village<\/h1>\n<div>\n<p>Tutustu pohjoisen eksoottiseen el\u00e4m\u00e4\u00e4n, el\u00e4imiin ja ihmisiin. Nauti aidosta lumesta, talvesta sek\u00e4 puhtaasta luonnosta.<\/p>\n<\/div>\n<ul>\n<li>\n<p>        <img decoding=\"async\" src=\"https:\/\/lammintupa.fi\/uusi\/wp-content\/uploads\/2022\/08\/huskyt-lammintupa-ruka-kuusamo-kapea.jpg\" alt=\"huskyohjelmat\"><\/p>\n<div>Iloiset ja innokkaat huskyt<\/div>\n<p><a href=\"https:\/\/lammintupa.fi\/de\/huskyprogramme\/\"><\/a><\/p>\n<\/li>\n<li>\n<p>        <img decoding=\"async\" src=\"https:\/\/lammintupa.fi\/uusi\/wp-content\/uploads\/2022\/08\/porot-lammintupa-ruka-kuusamo-kapea.jpg\" alt=\"Poro-ohjelmat\"><\/p>\n<div>Perinteisesti poroilla<\/div>\n<p><a href=\"https:\/\/lammintupa.fi\/de\/rentierprogramme\/\"><\/a><\/p>\n<\/li>\n<li>\n<p>        <img decoding=\"async\" src=\"https:\/\/lammintupa.fi\/uusi\/wp-content\/uploads\/2022\/08\/ice-karting-lammintupa-ruka-kuusamo-kapea.jpg\" alt=\"Ice karting\"><\/p>\n<div>Ice Karting &#8211; J\u00e4nnityst\u00e4 ilmassa<\/div>\n<p><a href=\"https:\/\/lammintupa.fi\/de\/eiskarting\/\"><\/a><\/p>\n<\/li>\n<li>\n<p>        <img decoding=\"async\" src=\"https:\/\/lammintupa.fi\/uusi\/wp-content\/uploads\/2022\/08\/kahvila-lammintupa-ruka-kuusamo-kapea.jpg\" alt=\"kahvila\"><\/p>\n<div>Maukkailla herkuilla jaksaa<\/div>\n<p><a href=\"https:\/\/lammintupa.fi\/de\/cafe-mahlzeiten\/\"><\/a><\/p>\n<\/li>\n<li>\n<p>        <img decoding=\"async\" src=\"https:\/\/lammintupa.fi\/uusi\/wp-content\/uploads\/2022\/10\/lastenmaa-etusivu.jpg\" alt=\"kahvila\"><\/p>\n<div>Lastenmaassa riitt\u00e4\u00e4 puuhaa<\/div>\n<p><a href=\"https:\/\/lammintupa.fi\/de\/kinderwelt\/\"><\/a><\/p>\n<\/li>\n<\/ul>\n<p><!--more--><br \/>\n<!-- {\"name\":\"Karhunkatselu kes\\u00e4 2021 fi\",\"type\":\"layout\",\"children\":[{\"type\":\"section\",\"props\":{\"height\":\"viewport\",\"height_offset_top\":true,\"height_viewport\":70,\"image_position\":\"center-center\",\"image_size\":\"cover\",\"style\":\"default\",\"title_breakpoint\":\"xl\",\"title_position\":\"top-left\",\"title_rotation\":\"left\",\"vertical_align\":\"middle\",\"video\":\"http:\\\/\\\/www.youtube-nocookie.com\\\/watch?v=XiEzqB53PCg&autoplay=1&mute=1&loop=1&controls=0&showinfo=0&start=4\",\"video_height\":\"1350\",\"video_width\":\"2000\",\"width\":\"default\"},\"children\":[{\"type\":\"row\",\"children\":[{\"type\":\"column\",\"props\":{\"image_position\":\"center-center\",\"position_sticky_breakpoint\":\"m\"}}]}]},{\"type\":\"section\",\"props\":{\"animation\":\"slide-bottom-medium\",\"image_position\":\"center-center\",\"image_size\":\"cover\",\"padding_remove_bottom\":true,\"style\":\"default\",\"title_breakpoint\":\"xl\",\"title_position\":\"top-left\",\"title_rotation\":\"left\",\"vertical_align\":\"\",\"width\":\"default\"},\"children\":[{\"type\":\"row\",\"children\":[{\"type\":\"column\",\"props\":{\"image_position\":\"center-center\",\"position_sticky_breakpoint\":\"m\"},\"children\":[{\"type\":\"image\",\"props\":{\"image\":\"wp-content\\\/uploads\\\/2022\\\/07\\\/lammintupa-logo-vari.svg\",\"image_alt\":\"Lammintupa Winter Village\",\"image_svg_color\":\"emphasis\",\"image_width\":\"350\",\"margin\":\"default\",\"text_align\":\"center\"}},{\"type\":\"headline\",\"props\":{\"content\":\"\n\n<p>Unohtumattomia el\\u00e4myksi\\u00e4 talven ihmemaassa!<\\\/p>\",\"position\":\"relative\",\"position_z_index\":\"3\",\"text_align\":\"center\",\"title_decoration\":\"line\",\"title_element\":\"h1\",\"title_style\":\"h3\"}},{\"type\":\"text\",\"props\":{\"block_align\":\"center\",\"column_breakpoint\":\"m\",\"content\":\"\n\n<p>Tervetuloa nauttimaan lumesta ja talvesta Rukalle, Kuusamoon. Lapin eksoottiset el\\u00e4imet <a href=\\\"https:\\\/\\\/lammintupa.fi\\\/uusi\\\/poroajelut\\\/\\\">porot<\\\/a> ja <a href=\\\"https:\\\/\\\/lammintupa.fi\\\/uusi\\\/huskyajelut\\\/\\\">huskyt<\\\/a>, <a href=\\\"https:\\\/\\\/lammintupa.fi\\\/uusi\\\/ice-karting\\\/\\\">ice karting ajo<\\\/a> j\\u00e4\\u00e4radalla, lasten leikit <a href=\\\"https:\\\/\\\/lammintupa.fi\\\/uusi\\\/lastenmaa\\\/\\\">lastenmaassa<\\\/a>, <a href=\\\"https:\\\/\\\/lammintupa.fi\\\/uusi\\\/kahvila-ruokailut\\\/\\\">kahvilan<\\\/a> itseleivotut suussa sulavat leivonnaiset ja lappilainen villiruoka \\u00a0<a href=\\\"https:\\\/\\\/lammintupa.fi\\\/uusi\\\/kahvila-ruokailut\\\/kotaruokailut\\\/\\\">Lapin kodassa<\\\/a> nuotion \\u00e4\\u00e4rell\\u00e4 nautittuna takaavat sinulle ikimuistoisen p\\u00e4iv\\u00e4n Lammintuvalla.<strong><\\\/strong><\\\/p>\",\"margin\":\"default\",\"maxwidth\":\"2xlarge\",\"position\":\"relative\",\"position_z_index\":\"3\",\"text_align\":\"center\"}}]}]}],\"name\":\"karhunkatselu\"},{\"type\":\"section\",\"props\":{\"image_position\":\"center-center\",\"style\":\"default\",\"title_breakpoint\":\"xl\",\"title_position\":\"top-left\",\"title_rotation\":\"left\",\"vertical_align\":\"\",\"width\":\"default\"},\"children\":[{\"type\":\"row\",\"children\":[{\"type\":\"column\",\"props\":{\"image_position\":\"center-center\",\"position_sticky_breakpoint\":\"m\",\"vertical_align\":\"middle\",\"width_medium\":\"1-4\"},\"children\":[{\"type\":\"headline\",\"props\":{\"content\":\"Winter Village\",\"margin_remove_bottom\":true,\"position\":\"relative\",\"position_z_index\":\"3\",\"text_align\":\"left\",\"text_align_breakpoint\":\"s\",\"text_align_fallback\":\"center\",\"title_element\":\"h1\",\"title_style\":\"h5\"}},{\"type\":\"text\",\"props\":{\"column_breakpoint\":\"m\",\"content\":\"\n\n<p>Tutustu pohjoisen eksoottiseen el\\u00e4m\\u00e4\\u00e4n, el\\u00e4imiin ja ihmisiin. Nauti aidosta lumesta, talvesta sek\\u00e4 puhtaasta luonnosta.<\\\/p>\",\"margin\":\"default\",\"position\":\"relative\",\"position_z_index\":\"3\",\"text_align\":\"left\",\"text_align_breakpoint\":\"s\",\"text_align_fallback\":\"center\"}},{\"type\":\"module\",\"props\":{\"menu_image_align\":\"center\",\"menu_image_margin\":true,\"menu_style\":\"default\",\"menu_type\":\"nav\",\"type\":\"text\",\"widget\":\"text-2\"}}]},{\"type\":\"column\",\"props\":{\"image_position\":\"center-center\",\"position_sticky_breakpoint\":\"m\",\"width_medium\":\"3-4\"},\"children\":[{\"name\":\"Overlay Slider Overlay Text Bottom Left\",\"type\":\"overlay-slider\",\"children\":[{\"type\":\"overlay-slider_item\",\"props\":{\"image\":\"https:\\\/\\\/lammintupa.fi\\\/uusi\\\/wp-content\\\/uploads\\\/2022\\\/08\\\/huskyt-lammintupa-ruka-kuusamo-kapea.jpg\",\"image_alt\":\"huskyohjelmat\",\"link\":\"huskyajelut\\\/\",\"media_background\":\"rgba(239, 208, 177, 0.45)\",\"media_blend_mode\":\"overlay\",\"text_color_hover\":false,\"title\":\"Iloiset ja innokkaat huskyt\"}},{\"type\":\"overlay-slider_item\",\"props\":{\"image\":\"https:\\\/\\\/lammintupa.fi\\\/uusi\\\/wp-content\\\/uploads\\\/2022\\\/08\\\/porot-lammintupa-ruka-kuusamo-kapea.jpg\",\"image_alt\":\"Poro-ohjelmat\",\"link\":\"poroajelut\\\/\",\"media_background\":\"rgba(239, 208, 177, 0.23)\",\"media_blend_mode\":\"overlay\",\"text_color\":\"light\",\"title\":\"Perinteisesti poroilla\"}},{\"type\":\"overlay-slider_item\",\"props\":{\"image\":\"https:\\\/\\\/lammintupa.fi\\\/uusi\\\/wp-content\\\/uploads\\\/2022\\\/08\\\/ice-karting-lammintupa-ruka-kuusamo-kapea.jpg\",\"image_alt\":\"Ice karting\",\"link\":\"ice-karting\\\/\",\"media_background\":\"rgba(239, 208, 177, 0.23)\",\"media_blend_mode\":\"overlay\",\"title\":\"Ice Karting - J\\u00e4nnityst\\u00e4 ilmassa\"}},{\"type\":\"overlay-slider_item\",\"props\":{\"image\":\"https:\\\/\\\/lammintupa.fi\\\/uusi\\\/wp-content\\\/uploads\\\/2022\\\/08\\\/kahvila-lammintupa-ruka-kuusamo-kapea.jpg\",\"image_alt\":\"kahvila\",\"link\":\"kahvila-ruokailut\\\/\",\"media_background\":\"rgba(239, 208, 177, 0.23)\",\"media_blend_mode\":\"overlay\",\"text_color\":\"light\",\"title\":\"Maukkailla herkuilla jaksaa\"}},{\"type\":\"overlay-slider_item\",\"props\":{\"image\":\"https:\\\/\\\/lammintupa.fi\\\/uusi\\\/wp-content\\\/uploads\\\/2022\\\/10\\\/lastenmaa-etusivu.jpg\",\"image_alt\":\"kahvila\",\"link\":\"lastenmaa\\\/\",\"media_background\":\"rgba(239, 208, 177, 0.23)\",\"media_blend_mode\":\"overlay\",\"text_color\":\"light\",\"title\":\"Lastenmaassa riitt\\u00e4\\u00e4 puuhaa\"}}],\"props\":{\"id\":\"overlay-slider-overlay-text-bottom-left\",\"image_height\":\"1000\",\"image_width\":\"610\",\"link_style\":\"default\",\"link_text\":\"\",\"margin\":\"default\",\"margin_remove_top\":true,\"meta_align\":\"below-content\",\"meta_color\":\"emphasis\",\"meta_element\":\"div\",\"meta_margin\":\"medium\",\"meta_style\":\"text-meta\",\"nav\":\"\",\"nav_align\":\"center\",\"nav_breakpoint\":\"\",\"nav_margin\":\"medium\",\"overlay_link\":true,\"overlay_margin\":\"small\",\"overlay_maxwidth\":\"large\",\"overlay_mode\":\"caption\",\"overlay_position\":\"bottom-left\",\"overlay_transition\":\"fade\",\"parallax_zindex\":false,\"show_content\":true,\"show_hover_image\":true,\"show_hover_video\":true,\"show_link\":true,\"show_meta\":true,\"show_title\":true,\"slidenav\":\"default\",\"slidenav_breakpoint\":\"s\",\"slidenav_color\":\"light\",\"slidenav_hover\":true,\"slidenav_large\":true,\"slidenav_margin\":\"small\",\"slidenav_outside_breakpoint\":\"xl\",\"slider_autoplay\":true,\"slider_autoplay_pause\":true,\"slider_center\":false,\"slider_finite\":false,\"slider_gap\":\"small\",\"slider_min_height\":\"600\",\"slider_sets\":false,\"slider_width\":\"fixed\",\"slider_width_default\":\"1-1\",\"slider_width_medium\":\"1-3\",\"slider_width_small\":\"1-2\",\"text_align\":\"\",\"title_element\":\"div\",\"title_hover_style\":\"reset\",\"title_link\":true,\"title_margin\":\"small\",\"title_style\":\"h2\"}}]}],\"props\":{\"layout\":\"1-4,3-4\"}}]}],\"version\":\"4.4.18\"} --><\/p>\n","protected":false},"excerpt":{"rendered":"<p>Unohtumattomia el\u00e4myksi\u00e4 talven ihmemaassa! Tervetuloa nauttimaan lumesta ja talvesta Rukalle, Kuusamoon. Lapin eksoottiset el\u00e4imet porot ja huskyt, ice karting ajo j\u00e4\u00e4radalla, lasten leikit lastenmaassa, kahvilan itseleivotut suussa sulavat leivonnaiset ja lappilainen villiruoka \u00a0Lapin kodassa nuotion \u00e4\u00e4rell\u00e4 nautittuna takaavat sinulle ikimuistoisen p\u00e4iv\u00e4n Lammintuvalla. Winter Village Tutustu pohjoisen eksoottiseen el\u00e4m\u00e4\u00e4n, el\u00e4imiin ja ihmisiin. Nauti aidosta lumesta, talvesta [&hellip;]<\/p>\n","protected":false},"author":1,"featured_media":1322,"parent":0,"menu_order":31,"comment_status":"closed","ping_status":"closed","template":"","meta":{"cybocfi_hide_featured_image":"","footnotes":""},"class_list":["post-1355","page","type-page","status-publish","has-post-thumbnail","hentry"],"yoast_head":"<title>Porot ja huskyt, karting ajot, kahvila - Lammintupa, Ruka-Kuusamo, Finnland<\/title>\n<meta name=\"description\" content=\"Tule nauttimaan lumesta ja talvesta Rukalle, Kuusamoon. Porot ja huskyt, karting ajo j\u00e4\u00e4radalla, lastenmaa, kahvilan leivonnaiset ja villiruokaa.\" \/>\n<meta name=\"robots\" content=\"index, follow, max-snippet:-1, max-image-preview:large, max-video-preview:-1\" \/>\n<link rel=\"canonical\" href=\"https:\/\/lammintupa.fi\/de\/\" \/>\n<meta property=\"og:locale\" content=\"de_DE\" \/>\n<meta property=\"og:type\" content=\"article\" \/>\n<meta property=\"og:title\" content=\"Porot ja huskyt, karting ajot, kahvila - Lammintupa, Ruka-Kuusamo, Finnland\" \/>\n<meta property=\"og:description\" content=\"Tule nauttimaan lumesta ja talvesta Rukalle, Kuusamoon. Porot ja huskyt, karting ajo j\u00e4\u00e4radalla, lastenmaa, kahvilan leivonnaiset ja villiruokaa.\" \/>\n<meta property=\"og:url\" content=\"https:\/\/lammintupa.fi\/de\/\" \/>\n<meta property=\"og:site_name\" content=\"Lammintupa, Ruka-Kuusamo, Finnland\" \/>\n<meta property=\"article:publisher\" content=\"https:\/\/www.facebook.com\/lammintupa\" \/>\n<meta property=\"article:modified_time\" content=\"2025-02-06T08:26:30+00:00\" \/>\n<meta property=\"og:image\" content=\"https:\/\/lammintupa.fi\/wp-content\/uploads\/2022\/08\/lammintupa-hiihtolatu2.jpg\" \/>\n\t<meta property=\"og:image:width\" content=\"1200\" \/>\n\t<meta property=\"og:image:height\" content=\"757\" \/>\n\t<meta property=\"og:image:type\" content=\"image\/jpeg\" \/>\n<meta name=\"twitter:card\" content=\"summary_large_image\" \/>\n<meta name=\"twitter:label1\" content=\"Gesch\u00e4tzte Lesezeit\" \/>\n\t<meta name=\"twitter:data1\" content=\"2\u00a0Minuten\" \/>\n<script type=\"application\/ld+json\" class=\"yoast-schema-graph\">{\"@context\":\"https:\/\/schema.org\",\"@graph\":[{\"@type\":\"WebPage\",\"@id\":\"https:\/\/lammintupa.fi\/de\/\",\"url\":\"https:\/\/lammintupa.fi\/de\/\",\"name\":\"Porot ja huskyt, karting ajot, kahvila - Lammintupa, Ruka-Kuusamo, Finnland\",\"isPartOf\":{\"@id\":\"https:\/\/lammintupa.fi\/de\/#website\"},\"primaryImageOfPage\":{\"@id\":\"https:\/\/lammintupa.fi\/de\/#primaryimage\"},\"image\":{\"@id\":\"https:\/\/lammintupa.fi\/de\/#primaryimage\"},\"thumbnailUrl\":\"https:\/\/lammintupa.fi\/wp-content\/uploads\/2022\/08\/lammintupa-hiihtolatu2.jpg\",\"datePublished\":\"2009-01-14T06:43:38+00:00\",\"dateModified\":\"2025-02-06T08:26:30+00:00\",\"description\":\"Tule nauttimaan lumesta ja talvesta Rukalle, Kuusamoon. Porot ja huskyt, karting ajo j\u00e4\u00e4radalla, lastenmaa, kahvilan leivonnaiset ja villiruokaa.\",\"breadcrumb\":{\"@id\":\"https:\/\/lammintupa.fi\/de\/#breadcrumb\"},\"inLanguage\":\"de\",\"potentialAction\":[{\"@type\":\"ReadAction\",\"target\":[\"https:\/\/lammintupa.fi\/de\/\"]}]},{\"@type\":\"ImageObject\",\"inLanguage\":\"de\",\"@id\":\"https:\/\/lammintupa.fi\/de\/#primaryimage\",\"url\":\"https:\/\/lammintupa.fi\/wp-content\/uploads\/2022\/08\/lammintupa-hiihtolatu2.jpg\",\"contentUrl\":\"https:\/\/lammintupa.fi\/wp-content\/uploads\/2022\/08\/lammintupa-hiihtolatu2.jpg\",\"width\":1200,\"height\":757},{\"@type\":\"BreadcrumbList\",\"@id\":\"https:\/\/lammintupa.fi\/de\/#breadcrumb\",\"itemListElement\":[{\"@type\":\"ListItem\",\"position\":1,\"name\":\"Etusivu\",\"item\":\"https:\/\/lammintupa.fi\/de\/\"},{\"@type\":\"ListItem\",\"position\":2,\"name\":\"Porot ja huskyt, karting ajot, kahvila\"}]},{\"@type\":\"WebSite\",\"@id\":\"https:\/\/lammintupa.fi\/de\/#website\",\"url\":\"https:\/\/lammintupa.fi\/de\/\",\"name\":\"Lammintupa, Ruka-Kuusamo, Finnland\",\"description\":\"Winterdorf\",\"publisher\":{\"@id\":\"https:\/\/lammintupa.fi\/de\/#organization\"},\"potentialAction\":[{\"@type\":\"SearchAction\",\"target\":{\"@type\":\"EntryPoint\",\"urlTemplate\":\"https:\/\/lammintupa.fi\/de\/?s={search_term_string}\"},\"query-input\":{\"@type\":\"PropertyValueSpecification\",\"valueRequired\":true,\"valueName\":\"search_term_string\"}}],\"inLanguage\":\"de\"},{\"@type\":\"Organization\",\"@id\":\"https:\/\/lammintupa.fi\/de\/#organization\",\"name\":\"Lammintupa, Winter Village\",\"url\":\"https:\/\/lammintupa.fi\/de\/\",\"logo\":{\"@type\":\"ImageObject\",\"inLanguage\":\"de\",\"@id\":\"https:\/\/lammintupa.fi\/de\/#\/schema\/logo\/image\/\",\"url\":\"https:\/\/lammintupa.fi\/wp-content\/uploads\/2022\/07\/lammintupa-logo-vari.svg\",\"contentUrl\":\"https:\/\/lammintupa.fi\/wp-content\/uploads\/2022\/07\/lammintupa-logo-vari.svg\",\"width\":1,\"height\":1,\"caption\":\"Lammintupa, Winter Village\"},\"image\":{\"@id\":\"https:\/\/lammintupa.fi\/de\/#\/schema\/logo\/image\/\"},\"sameAs\":[\"https:\/\/www.facebook.com\/lammintupa\",\"https:\/\/www.instagram.com\/lammintupa\/\",\"https:\/\/www.tripadvisor.fi\/Restaurant_Review-g1841285-d7619405-Reviews-Lammintupa-Rukatunturi_Northern_Ostrobothnia.html\"]}]}<\/script>","yoast_head_json":{"title":"Porot ja huskyt, karting ajot, kahvila - Lammintupa, Ruka-Kuusamo, Finnland","description":"Tule nauttimaan lumesta ja talvesta Rukalle, Kuusamoon. Porot ja huskyt, karting ajo j\u00e4\u00e4radalla, lastenmaa, kahvilan leivonnaiset ja villiruokaa.","robots":{"index":"index","follow":"follow","max-snippet":"max-snippet:-1","max-image-preview":"max-image-preview:large","max-video-preview":"max-video-preview:-1"},"canonical":"https:\/\/lammintupa.fi\/de\/","og_locale":"de_DE","og_type":"article","og_title":"Porot ja huskyt, karting ajot, kahvila - Lammintupa, Ruka-Kuusamo, Finnland","og_description":"Tule nauttimaan lumesta ja talvesta Rukalle, Kuusamoon. Porot ja huskyt, karting ajo j\u00e4\u00e4radalla, lastenmaa, kahvilan leivonnaiset ja villiruokaa.","og_url":"https:\/\/lammintupa.fi\/de\/","og_site_name":"Lammintupa, Ruka-Kuusamo, Finnland","article_publisher":"https:\/\/www.facebook.com\/lammintupa","article_modified_time":"2025-02-06T08:26:30+00:00","og_image":[{"width":1200,"height":757,"url":"https:\/\/lammintupa.fi\/wp-content\/uploads\/2022\/08\/lammintupa-hiihtolatu2.jpg","type":"image\/jpeg"}],"twitter_card":"summary_large_image","twitter_misc":{"Gesch\u00e4tzte Lesezeit":"2\u00a0Minuten"},"schema":{"@context":"https:\/\/schema.org","@graph":[{"@type":"WebPage","@id":"https:\/\/lammintupa.fi\/de\/","url":"https:\/\/lammintupa.fi\/de\/","name":"Porot ja huskyt, karting ajot, kahvila - Lammintupa, Ruka-Kuusamo, Finnland","isPartOf":{"@id":"https:\/\/lammintupa.fi\/de\/#website"},"primaryImageOfPage":{"@id":"https:\/\/lammintupa.fi\/de\/#primaryimage"},"image":{"@id":"https:\/\/lammintupa.fi\/de\/#primaryimage"},"thumbnailUrl":"https:\/\/lammintupa.fi\/wp-content\/uploads\/2022\/08\/lammintupa-hiihtolatu2.jpg","datePublished":"2009-01-14T06:43:38+00:00","dateModified":"2025-02-06T08:26:30+00:00","description":"Tule nauttimaan lumesta ja talvesta Rukalle, Kuusamoon. Porot ja huskyt, karting ajo j\u00e4\u00e4radalla, lastenmaa, kahvilan leivonnaiset ja villiruokaa.","breadcrumb":{"@id":"https:\/\/lammintupa.fi\/de\/#breadcrumb"},"inLanguage":"de","potentialAction":[{"@type":"ReadAction","target":["https:\/\/lammintupa.fi\/de\/"]}]},{"@type":"ImageObject","inLanguage":"de","@id":"https:\/\/lammintupa.fi\/de\/#primaryimage","url":"https:\/\/lammintupa.fi\/wp-content\/uploads\/2022\/08\/lammintupa-hiihtolatu2.jpg","contentUrl":"https:\/\/lammintupa.fi\/wp-content\/uploads\/2022\/08\/lammintupa-hiihtolatu2.jpg","width":1200,"height":757},{"@type":"BreadcrumbList","@id":"https:\/\/lammintupa.fi\/de\/#breadcrumb","itemListElement":[{"@type":"ListItem","position":1,"name":"Etusivu","item":"https:\/\/lammintupa.fi\/de\/"},{"@type":"ListItem","position":2,"name":"Porot ja huskyt, karting ajot, kahvila"}]},{"@type":"WebSite","@id":"https:\/\/lammintupa.fi\/de\/#website","url":"https:\/\/lammintupa.fi\/de\/","name":"Lammintupa, Ruka-Kuusamo, Finnland","description":"Winterdorf","publisher":{"@id":"https:\/\/lammintupa.fi\/de\/#organization"},"potentialAction":[{"@type":"SearchAction","target":{"@type":"EntryPoint","urlTemplate":"https:\/\/lammintupa.fi\/de\/?s={search_term_string}"},"query-input":{"@type":"PropertyValueSpecification","valueRequired":true,"valueName":"search_term_string"}}],"inLanguage":"de"},{"@type":"Organization","@id":"https:\/\/lammintupa.fi\/de\/#organization","name":"Lammintupa, Winter Village","url":"https:\/\/lammintupa.fi\/de\/","logo":{"@type":"ImageObject","inLanguage":"de","@id":"https:\/\/lammintupa.fi\/de\/#\/schema\/logo\/image\/","url":"https:\/\/lammintupa.fi\/wp-content\/uploads\/2022\/07\/lammintupa-logo-vari.svg","contentUrl":"https:\/\/lammintupa.fi\/wp-content\/uploads\/2022\/07\/lammintupa-logo-vari.svg","width":1,"height":1,"caption":"Lammintupa, Winter Village"},"image":{"@id":"https:\/\/lammintupa.fi\/de\/#\/schema\/logo\/image\/"},"sameAs":["https:\/\/www.facebook.com\/lammintupa","https:\/\/www.instagram.com\/lammintupa\/","https:\/\/www.tripadvisor.fi\/Restaurant_Review-g1841285-d7619405-Reviews-Lammintupa-Rukatunturi_Northern_Ostrobothnia.html"]}]}},"_links":{"self":[{"href":"https:\/\/lammintupa.fi\/de\/wp-json\/wp\/v2\/pages\/1355","targetHints":{"allow":["GET"]}}],"collection":[{"href":"https:\/\/lammintupa.fi\/de\/wp-json\/wp\/v2\/pages"}],"about":[{"href":"https:\/\/lammintupa.fi\/de\/wp-json\/wp\/v2\/types\/page"}],"author":[{"embeddable":true,"href":"https:\/\/lammintupa.fi\/de\/wp-json\/wp\/v2\/users\/1"}],"replies":[{"embeddable":true,"href":"https:\/\/lammintupa.fi\/de\/wp-json\/wp\/v2\/comments?post=1355"}],"version-history":[{"count":0,"href":"https:\/\/lammintupa.fi\/de\/wp-json\/wp\/v2\/pages\/1355\/revisions"}],"wp:featuredmedia":[{"embeddable":true,"href":"https:\/\/lammintupa.fi\/de\/wp-json\/wp\/v2\/media\/1322"}],"wp:attachment":[{"href":"https:\/\/lammintupa.fi\/de\/wp-json\/wp\/v2\/media?parent=1355"}],"curies":[{"name":"wp","href":"https:\/\/api.w.org\/{rel}","templated":true}]}}